{"id":7636,"date":"2025-08-08T09:35:54","date_gmt":"2025-08-08T09:35:54","guid":{"rendered":"https:\/\/yournordichome.com\/product\/ember-metal-cabinet\/"},"modified":"2026-04-15T07:17:22","modified_gmt":"2026-04-15T07:17:22","slug":"kovova-skrinka-ember","status":"publish","type":"product","link":"https:\/\/yournordichome.com\/cs\/product\/ember-metal-cabinet\/","title":{"rendered":"Kovov\u00e1 sk\u0159\u00ed\u0148ka Ember"},"content":{"rendered":"<p>Kovov\u00e1 komoda Bloomingville s prout\u011bn\u00fdmi dv\u00ed\u0159ky je elegantn\u00ed a v\u0161estrann\u00fd \u00falo\u017en\u00fd prvek, kter\u00fd je ide\u00e1ln\u00ed volbou, pokud chcete sv\u00e9mu domovu dodat jedine\u010dn\u00fd a stylov\u00fd vzhled. Tato pr\u00e9miov\u00e1 komoda vytv\u00e1\u0159\u00ed modern\u00ed atmosf\u00e9ru d\u00edky \u010dern\u00e9mu, zak\u0159iven\u00e9mu kovov\u00e9mu r\u00e1mu, zat\u00edmco dv\u00ed\u0159ka z bambusov\u00e9ho prout\u00ed dod\u00e1vaj\u00ed tomuto kousku h\u0159ejiv\u00fd, p\u0159\u00edrodn\u00ed charakter. Kovov\u00e1 komoda s prout\u011bn\u00fdmi dv\u00ed\u0159ky dokonale kombinuje skandin\u00e1vskou jednoduchost s klasick\u00fdmi ru\u010dn\u011b vyr\u00e1b\u011bn\u00fdmi detaily, co\u017e z n\u00ed \u010din\u00ed nad\u010dasovou a trendy volbu.<\/p>\n<p>Kovov\u00e1 komoda Bloomingville s prout\u011bn\u00fdmi dv\u00ed\u0159ky je nejen estetick\u00e1, ale tak\u00e9 skute\u010dn\u011b praktick\u00e1. Prostorn\u00fd vnit\u0159n\u00ed prostor sk\u0159\u00ed\u0148ky o v\u00fd\u0161ce 105 cm, \u0161\u00ed\u0159ce 92 cm a hloubce 36,5 cm snadno pojme va\u0161e ka\u017edodenn\u00ed v\u011bci, a\u0165 u\u017e jde o knihy, n\u00e1dob\u00ed nebo obl\u00edben\u00e9 dekorace. D\u00edky pou\u017eit\u00ed kovu a bambusu je odoln\u00fd, snadno se \u010dist\u00ed (sta\u010d\u00ed ot\u0159\u00edt vlhk\u00fdm had\u0159\u00edkem), tak\u017ee si dlouhodob\u011b zachov\u00e1 svou kr\u00e1snou podobu. D\u00edky d\u016fmysln\u00e9mu zpracov\u00e1n\u00ed a vynikaj\u00edc\u00ed kvalit\u011b materi\u00e1l\u016f vypad\u00e1 skv\u011ble v ka\u017ed\u00e9 m\u00edstnosti va\u0161eho domova.<\/p>\n<h2>Rozm\u011bry v\u00fdrobku<\/h2>\n<p>Rozm\u011bry v\u00fdrobku: D92xV105x\u016036,5 cm<br \/>\nMateri\u00e1l v\u00fdrobku: kov, bambus<br \/>\nPokyny pro p\u00e9\u010di: Ot\u0159ete vlhk\u00fdm had\u0159\u00edkem.<\/p>\n<h2>Pro\u010d si vybrat kovovou sk\u0159\u00ed\u0148 Ember?<\/h2>\n<ul>\n<li>Modern\u00ed, elegantn\u00ed design s prvot\u0159\u00eddn\u00edmi materi\u00e1ly<\/li>\n<li>Prostorn\u00fd a praktick\u00fd \u00falo\u017en\u00fd prostor pro v\u011bci denn\u00ed pot\u0159eby<\/li>\n<li>Jedine\u010dn\u00fd p\u0159\u00edrodn\u00ed efekt d\u00edky bambusov\u00fdm tkan\u00fdm dve\u0159\u00edm<\/li>\n<li>Snadno \u010distiteln\u00e9 povrchy<\/li>\n<li>\u00a0Spolehliv\u00e1 kvalita Bloomingville<\/li>\n<\/ul>\n<h2>Kde to vypad\u00e1 nejl\u00e9pe?<\/h2>\n<ul>\n<li>V ob\u00fdvac\u00edm pokoji: jako \u00fatuln\u00fd, dekorativn\u00ed kus n\u00e1bytku<\/li>\n<li>V lo\u017enici: jako dal\u0161\u00ed \u00falo\u017en\u00fd prostor, jako komoda<\/li>\n<li>V p\u0159eds\u00edni: na uspo\u0159\u00e1d\u00e1n\u00ed bot, rukavic, \u0161\u00e1l a \u0161\u00e1tk\u016f.<\/li>\n<li>V j\u00eddeln\u011b: pro ulo\u017een\u00ed n\u00e1dob\u00ed, stoln\u00edho n\u00e1\u010din\u00ed.<\/li>\n<li>V pracovn\u011b: pro uspo\u0159\u00e1d\u00e1n\u00ed knih, dokument\u016f<\/li>\n<\/ul>\n<p>Kovov\u00e1 komoda s prout\u011bn\u00fdmi dv\u00ed\u0159ky m\u016f\u017ee b\u00fdt skute\u010dn\u00fdm klenotem va\u0161eho domova, kde harmonie modern\u00edho kovu a p\u0159\u00edrodn\u00edho bambusov\u00e9ho prout\u00ed o\u017e\u00edv\u00e1 a poskytuje jedine\u010dn\u00fd pocit pr\u00e9miov\u00e9ho \u017eivota.<\/p>","protected":false},"excerpt":{"rendered":"<p>Kovov\u00e1 komoda s prout\u011bn\u00fdmi dv\u00ed\u0159ky je stylov\u00e1 a prostorn\u00e1 \u00falo\u017en\u00e1 jednotka, kter\u00e1 kombinuje prvot\u0159\u00eddn\u00ed kvalitu zna\u010dky Bloomingville s modern\u00edm a p\u0159\u00edrodn\u00edm vzhledem.<\/p>","protected":false},"featured_media":7555,"comment_status":"closed","ping_status":"closed","template":"","meta":{"_acf_changed":false,"_kad_post_transparent":"default","_kad_post_title":"","_kad_post_layout":"default","_kad_post_sidebar_id":"","_kad_post_content_style":"default","_kad_post_vertical_padding":"default","_kad_post_feature":"","_kad_post_feature_position":"","_kad_post_header":false,"_kad_post_footer":false,"_kad_post_classname":""},"pwb-brand":[],"product_brand":[],"product_cat":[94,95],"product_tag":[1097,334,398,206,397,396],"gyarto":[1099],"class_list":{"0":"post-7636","1":"product","2":"type-product","3":"status-publish","4":"has-post-thumbnail","6":"product_cat-furniture","7":"product_cat-storage-unit","8":"product_tag-autumn-winter-2025","9":"product_tag-new-arrivals","10":"product_tag-nordic-design","11":"product_tag-nordic-furniture","12":"product_tag-nordic-home","13":"product_tag-nordic-style","14":"pa_colour-black","15":"pa_material-metal","16":"gyarto-bloomingville","18":"first","19":"outofstock","20":"taxable","21":"shipping-taxable","22":"purchasable","23":"product-type-simple","24":"entry","25":"content-bg","26":"loop-entry"},"acf":[],"brands":[],"_links":{"self":[{"href":"https:\/\/yournordichome.com\/cs\/wp-json\/wp\/v2\/product\/7636","targetHints":{"allow":["GET"]}}],"collection":[{"href":"https:\/\/yournordichome.com\/cs\/wp-json\/wp\/v2\/product"}],"about":[{"href":"https:\/\/yournordichome.com\/cs\/wp-json\/wp\/v2\/types\/product"}],"replies":[{"embeddable":true,"href":"https:\/\/yournordichome.com\/cs\/wp-json\/wp\/v2\/comments?post=7636"}],"wp:featuredmedia":[{"embeddable":true,"href":"https:\/\/yournordichome.com\/cs\/wp-json\/wp\/v2\/media\/7555"}],"wp:attachment":[{"href":"https:\/\/yournordichome.com\/cs\/wp-json\/wp\/v2\/media?parent=7636"}],"wp:term":[{"taxonomy":"pwb-brand","embeddable":true,"href":"https:\/\/yournordichome.com\/cs\/wp-json\/wp\/v2\/pwb-brand?post=7636"},{"taxonomy":"product_brand","embeddable":true,"href":"https:\/\/yournordichome.com\/cs\/wp-json\/wp\/v2\/product_brand?post=7636"},{"taxonomy":"product_cat","embeddable":true,"href":"https:\/\/yournordichome.com\/cs\/wp-json\/wp\/v2\/product_cat?post=7636"},{"taxonomy":"product_tag","embeddable":true,"href":"https:\/\/yournordichome.com\/cs\/wp-json\/wp\/v2\/product_tag?post=7636"},{"taxonomy":"gyarto","embeddable":true,"href":"https:\/\/yournordichome.com\/cs\/wp-json\/wp\/v2\/gyarto?post=7636"}],"curies":[{"name":"wp","href":"https:\/\/api.w.org\/{rel}","templated":true}]}}