{"id":7633,"date":"2025-08-08T09:35:54","date_gmt":"2025-08-08T09:35:54","guid":{"rendered":"https:\/\/yournordichome.com\/product\/ferdinand-bench-for-kids-room\/"},"modified":"2025-09-20T07:32:44","modified_gmt":"2025-09-20T07:32:44","slug":"ferdinandova-lavice-do-detskeho-pokoje","status":"publish","type":"product","link":"https:\/\/yournordichome.com\/cs\/product\/ferdinand-bench-for-kids-room\/","title":{"rendered":"Lavice Ferdinand do d\u011btsk\u00e9ho pokoje"},"content":{"rendered":"<p>D\u011btsk\u00e1 lavi\u010dka Ferdinand od spole\u010dnosti Bloomingville je jedine\u010dn\u00fd a z\u00e1rove\u0148 funk\u010dn\u00ed kousek pro ka\u017ed\u00e9 d\u00edt\u011b. Roztomil\u00e1 lavi\u010dka ve tvaru slona se zaru\u010den\u011b stane ozdobou pokoje a z\u00e1rove\u0148 poslou\u017e\u00ed jako praktick\u00fd \u00falo\u017en\u00fd prostor. Lavi\u010dka je vyrobena z MDF s certifik\u00e1tem FSC\u00ae a je vyrobena s ohledem na udr\u017eitelnost, tak\u017ee si m\u016f\u017eete b\u00fdt jisti, \u017ee sv\u00fdm v\u00fdb\u011brem podpo\u0159\u00edte \u017eivotn\u00ed prost\u0159ed\u00ed.<\/p>\n<p>D\u011btsk\u00e1 lavice Ferdinand m\u00e1 t\u0159i otev\u0159en\u00e9 police na boku a skryt\u00fd \u00falo\u017en\u00fd prostor pod sed\u00e1kem, tak\u017ee do n\u011bj lze snadno ulo\u017eit hra\u010dky, knihy nebo t\u0159eba deky. Lavice je 32 cm vysok\u00e1, 110 cm \u0161irok\u00e1 a 36 cm hlubok\u00e1, tak\u017ee m\u00e1 ide\u00e1ln\u00ed velikost pro d\u011btskou seda\u010dku a z\u00e1rove\u0148 poskytuje dostate\u010dn\u00fd \u00falo\u017en\u00fd prostor. Jej\u00ed vesel\u00fd tvar vytv\u00e1\u0159\u00ed hravou atmosf\u00e9ru a jej\u00ed design se skv\u011ble hod\u00ed do modern\u00edch, skandin\u00e1vsk\u00fdch interi\u00e9r\u016f d\u011btsk\u00fdch pokoj\u016f.<\/p>\n<h2>Rozm\u011bry v\u00fdrobku<\/h2>\n<p>Rozm\u011bry v\u00fdrobku: Rozm\u011bry: L110xH32x\u016036 cm<br \/>\nMateri\u00e1l v\u00fdrobku: 100% FSC\u00ae MDF<\/p>\n<h2>Pro\u010d si vybrat lavici Ferdinand do d\u011btsk\u00e9ho pokoje?<\/h2>\n<p>- Jedine\u010dn\u00fd design slona p\u0159in\u00e1\u0161\u00ed do d\u011btsk\u00e9ho pokoje z\u00e1bavu.<br \/>\n- Funk\u010dn\u00ed: m\u00e1 police a vestav\u011bn\u00fd \u00falo\u017en\u00fd prostor pod sedadlem.<br \/>\n- Pr\u00e9miov\u00e1 kvalita: vyrobeno z pevn\u00e9 MDF desky s certifik\u00e1tem FSC\u00ae.<br \/>\n- Snadno se \u010dist\u00ed, je odoln\u00fd a bezpe\u010dn\u00fd.<br \/>\n- Rozv\u00edj\u00ed organiza\u010dn\u00ed schopnosti d\u011bt\u00ed.<\/p>\n<h2>Kde to vypad\u00e1 nejl\u00e9pe?<\/h2>\n<p>- V d\u011btsk\u00e9m pokoji jako \u010dtec\u00ed koutek nebo seda\u010dka do hrac\u00edho koutku.<br \/>\n- V p\u0159eds\u00edni, kde si mohou d\u011bti sednout, aby si zuly boty a ulo\u017eily je do spodn\u00edho \u00falo\u017en\u00e9ho prostoru.<br \/>\n- V d\u011btsk\u00e9m pokoji pro p\u0159ehledn\u00e9 ulo\u017een\u00ed knih, hra\u010dek nebo ply\u0161\u00e1k\u016f.<\/p>\n<p>Lavice do d\u011btsk\u00e9ho pokoje Ferdinand je ide\u00e1ln\u00ed volbou do ka\u017ed\u00e9ho modern\u00edho d\u011btsk\u00e9ho pokoje nebo herny. D\u00edky sv\u00e9mu \u010dist\u00e9mu stylu, pou\u017eit\u00ed kvalitn\u00edch materi\u00e1l\u016f a roztomil\u00e9mu tvaru se zaru\u010den\u011b stane obl\u00edbenou v rodin\u011b. Vezm\u011bte si tuto praktickou a dekorativn\u00ed lavici dom\u016f a ud\u011blejte sv\u016fj d\u011btsk\u00fd pokoj je\u0161t\u011b \u00fatuln\u011bj\u0161\u00ed a uklizen\u011bj\u0161\u00ed!<\/p>","protected":false},"excerpt":{"rendered":"<p>D\u011btsk\u00e1 lavice Ferdinand s rozko\u0161n\u00fdm tvarem slona a praktick\u00fdm \u00falo\u017en\u00fdm prostorem p\u0159edstavuje vesel\u00e9 a \u00fatuln\u00e9 \u0159e\u0161en\u00ed pro ka\u017ed\u00fd d\u011btsk\u00fd pokoj. Vyrobeno z vysoce kvalitn\u00ed FSC\u00ae MDF.<\/p>","protected":false},"featured_media":7566,"comment_status":"closed","ping_status":"closed","template":"","meta":{"_acf_changed":false,"_kad_post_transparent":"default","_kad_post_title":"","_kad_post_layout":"default","_kad_post_sidebar_id":"","_kad_post_content_style":"default","_kad_post_vertical_padding":"default","_kad_post_feature":"","_kad_post_feature_position":"","_kad_post_header":false,"_kad_post_footer":false,"_kad_post_classname":""},"pwb-brand":[17],"product_brand":[],"product_cat":[77,47],"product_tag":[1097,334,398,206,397,396],"gyarto":[],"class_list":{"0":"post-7633","1":"product","2":"type-product","3":"status-publish","4":"has-post-thumbnail","6":"pwb-brand-bloomingville","7":"product_cat-childrens-furniture","8":"product_cat-kids","9":"product_tag-autumn-winter-2025","10":"product_tag-new-arrivals","11":"product_tag-nordic-design","12":"product_tag-nordic-furniture","13":"product_tag-nordic-home","14":"product_tag-nordic-style","15":"pa_colour-grey","16":"pa_material-mdf","18":"first","19":"instock","20":"taxable","21":"shipping-taxable","22":"purchasable","23":"product-type-simple","24":"entry","25":"content-bg","26":"loop-entry"},"acf":[],"brands":[{"id":17,"name":"Bloomingville","slug":"bloomingville"}],"_links":{"self":[{"href":"https:\/\/yournordichome.com\/cs\/wp-json\/wp\/v2\/product\/7633","targetHints":{"allow":["GET"]}}],"collection":[{"href":"https:\/\/yournordichome.com\/cs\/wp-json\/wp\/v2\/product"}],"about":[{"href":"https:\/\/yournordichome.com\/cs\/wp-json\/wp\/v2\/types\/product"}],"replies":[{"embeddable":true,"href":"https:\/\/yournordichome.com\/cs\/wp-json\/wp\/v2\/comments?post=7633"}],"wp:featuredmedia":[{"embeddable":true,"href":"https:\/\/yournordichome.com\/cs\/wp-json\/wp\/v2\/media\/7566"}],"wp:attachment":[{"href":"https:\/\/yournordichome.com\/cs\/wp-json\/wp\/v2\/media?parent=7633"}],"wp:term":[{"taxonomy":"pwb-brand","embeddable":true,"href":"https:\/\/yournordichome.com\/cs\/wp-json\/wp\/v2\/pwb-brand?post=7633"},{"taxonomy":"product_brand","embeddable":true,"href":"https:\/\/yournordichome.com\/cs\/wp-json\/wp\/v2\/product_brand?post=7633"},{"taxonomy":"product_cat","embeddable":true,"href":"https:\/\/yournordichome.com\/cs\/wp-json\/wp\/v2\/product_cat?post=7633"},{"taxonomy":"product_tag","embeddable":true,"href":"https:\/\/yournordichome.com\/cs\/wp-json\/wp\/v2\/product_tag?post=7633"},{"taxonomy":"gyarto","embeddable":true,"href":"https:\/\/yournordichome.com\/cs\/wp-json\/wp\/v2\/gyarto?post=7633"}],"curies":[{"name":"wp","href":"https:\/\/api.w.org\/{rel}","templated":true}]}}