{"id":7631,"date":"2025-08-08T09:35:54","date_gmt":"2025-08-08T09:35:54","guid":{"rendered":"https:\/\/yournordichome.com\/product\/bubble-metal-table-lamp\/"},"modified":"2025-11-01T10:31:28","modified_gmt":"2025-11-01T10:31:28","slug":"bublinova-kovova-stolni-lampa","status":"publish","type":"product","link":"https:\/\/yournordichome.com\/cs\/product\/bubble-metal-table-lamp\/","title":{"rendered":"Kovov\u00e1 stoln\u00ed lampa Bubble"},"content":{"rendered":"<p>Kovov\u00e1 stoln\u00ed lampa Bubble je pr\u00e9miov\u00fd v\u00fdrobek od spole\u010dnosti Bloomingville, kter\u00fd se d\u00edky sv\u00fdm jedine\u010dn\u00fdm obl\u00fdm tvar\u016fm a modern\u00edmu designu m\u016f\u017ee st\u00e1t skute\u010dn\u00fdm klenotem interi\u00e9ru. Tato speci\u00e1ln\u00ed stoln\u00ed lampa je vyrobena z lakovan\u00e9ho kovov\u00e9ho t\u011bla, tepl\u00e9ho \u017elut\u00e9ho st\u00ednidla a sv\u011btle \u0161ed\u00e9ho podstavce, kter\u00fdm dod\u00e1v\u00e1 je\u0161t\u011b hrav\u011bj\u0161\u00ed a m\u00f3dn\u011bj\u0161\u00ed vzhled tmav\u011b v\u00ednov\u00fd textiln\u00ed kabel. Kovov\u00e1 stoln\u00ed lampa Bubble je nejen funk\u010dn\u00edm zdrojem sv\u011btla, ale tak\u00e9 estetick\u00fdm designov\u00fdm prvkem, kter\u00fd rozz\u00e1\u0159\u00ed ka\u017edodenn\u00ed \u017eivot.<\/p>\n<p>D\u00edky sv\u00e9mu kompaktn\u00edmu a elegantn\u00edmu vzhledu (v\u00fd\u0161ka: 34,5 cm, pr\u016fm\u011br: 27 cm, v\u00fd\u0161ka st\u00ednidla: 13 cm) je kovov\u00e1 stoln\u00ed lampa Bubble ide\u00e1ln\u00ed volbou pro men\u0161\u00ed stoly nebo pro \u00fatuln\u00e9 dopl\u0148kov\u00e9 osv\u011btlen\u00ed. Hn\u011bd\u00e1 \u0161\u0148\u016fra o d\u00e9lce 150 cm na lamp\u011b s vyp\u00edna\u010dem zaji\u0161\u0165uje jednoduch\u00e9 a pohodln\u00e9 pou\u017e\u00edv\u00e1n\u00ed. D\u00edky patici E14 ji lze provozovat se standardn\u00edmi \u017e\u00e1rovkami, dokonce i s \u00fasporn\u00fdmi nebo LED sv\u011bteln\u00fdmi zdroji (max. 40 W\/LED 5 W\/CFL 9 W). Lampa je vhodn\u00e1 pouze pro vnit\u0159n\u00ed pou\u017eit\u00ed, tak\u017ee je ide\u00e1ln\u00edm spole\u010dn\u00edkem pro va\u0161i dom\u00e1cnost nebo i kancel\u00e1\u0159sk\u00e9 prost\u0159ed\u00ed.<\/p>\n<h2>Rozm\u011bry v\u00fdrobku<\/h2>\n<p>Rozm\u011bry v\u00fdrobku: D27xV34,5x\u016027 cm<br \/>\nSt\u00ednidlo: H13 cm<br \/>\nV\u00fdrobn\u00ed materi\u00e1l: 90% \u017eelezo, 10% PVC<br \/>\n\u017d\u00e1rovka: \u017d\u00e1rovky: v\u0161echny t\u0159\u00eddy, E14, oby\u010dejn\u00e9 a LED, max. 40W \/ LED 5W \/ CFL 9W<br \/>\n\u017d\u00e1rovka nen\u00ed sou\u010d\u00e1st\u00ed dod\u00e1vky.<br \/>\nSchv\u00e1leno CE: Ano<br \/>\n\u0160\u0148\u016fra: Hn\u011bd\u00e1, 150 cm, tkanina + PVC<br \/>\nP\u0159ep\u00edna\u010d: Na \u0161\u0148\u016f\u0159e<br \/>\nVenkovn\u00ed pou\u017eit\u00ed: Ne<\/p>\n<h2>Pro\u010d si vybrat stoln\u00ed lampu Bubble Metal?<\/h2>\n<p>- Zna\u010dka Bloomingville je z\u00e1rukou kvality a nad\u010dasov\u00e9ho designu.<br \/>\n- Speci\u00e1ln\u00ed zaoblen\u00fd tvar, kter\u00fd vyza\u0159uje modern\u00ed styl<br \/>\n- Vytv\u00e1\u0159\u00ed p\u0159\u00e1telskou atmosf\u00e9ru d\u00edky hrav\u00e9 a tepl\u00e9 palet\u011b barev.<br \/>\n- Kompaktn\u00ed velikost, ide\u00e1ln\u00ed pro men\u0161\u00ed stoly nebo no\u010dn\u00ed stolky<br \/>\n- Vyrobeno z odoln\u00e9ho lakovan\u00e9ho kovov\u00e9ho materi\u00e1lu s dlouhou \u017eivotnost\u00ed.<br \/>\n- Snadn\u00e9 pou\u017eit\u00ed d\u00edky praktick\u00e9mu dr\u00e1tov\u00e9mu sp\u00edna\u010di<br \/>\n- Kompatibiln\u00ed s \u00fasporn\u00fdmi sv\u011bteln\u00fdmi zdroji<\/p>\n<h2>Kde to vypad\u00e1 nejl\u00e9pe?<\/h2>\n<p>- Na psac\u00edm stole, v pracovn\u011b nebo dom\u00e1c\u00ed kancel\u00e1\u0159i<br \/>\n- V ob\u00fdvac\u00edm pokoji jako dekorace na konferen\u010dn\u00edm stolku nebo komod\u011b.<br \/>\n- Na no\u010dn\u00edm stolku v lo\u017enici jako h\u0159ejiv\u00e1 lampi\u010dka na \u010dten\u00ed<br \/>\n- Jako dopl\u0148kov\u00e9 sv\u011btlo na chodb\u011b nebo v p\u0159eds\u00edni<br \/>\n- Jako hrav\u00fd a p\u0159\u00e1telsk\u00fd zdroj sv\u011btla v d\u011btsk\u00e9m pokoji<\/p>\n<p>Kovov\u00e1 stoln\u00ed lampa Bubble kombinuje kvalitu zna\u010dky Bloomingville s modern\u00edmi trendy interi\u00e9rov\u00e9ho designu. Vyberte si tuto stoln\u00ed lampu s pr\u016flomov\u00fdm designem, kter\u00e1 se zaru\u010den\u011b stane st\u0159edem pozornosti v m\u00edstnosti!<\/p>","protected":false},"excerpt":{"rendered":"<p>Kovov\u00e1 stoln\u00ed lampa Bubble je stylov\u00fd, modern\u00ed zdroj sv\u011btla od spole\u010dnosti Bloomingville. D\u00edky sv\u00e9mu \u010dist\u00e9mu tvaru a hrav\u00fdm barv\u00e1m vytvo\u0159\u00ed v ka\u017ed\u00e9m prostoru zvl\u00e1\u0161tn\u00ed atmosf\u00e9ru.<\/p>","protected":false},"featured_media":7534,"comment_status":"closed","ping_status":"closed","template":"","meta":{"_acf_changed":false,"_kad_post_transparent":"default","_kad_post_title":"","_kad_post_layout":"default","_kad_post_sidebar_id":"","_kad_post_content_style":"default","_kad_post_vertical_padding":"default","_kad_post_feature":"","_kad_post_feature_position":"","_kad_post_header":false,"_kad_post_footer":false,"_kad_post_classname":""},"pwb-brand":[17],"product_brand":[],"product_cat":[73,72],"product_tag":[1097,334,398,206,397,117,396],"gyarto":[],"class_list":{"0":"post-7631","1":"product","2":"type-product","3":"status-publish","4":"has-post-thumbnail","6":"pwb-brand-bloomingville","7":"product_cat-desk-and-table-lamp","8":"product_cat-lamp","9":"product_tag-autumn-winter-2025","10":"product_tag-new-arrivals","11":"product_tag-nordic-design","12":"product_tag-nordic-furniture","13":"product_tag-nordic-home","14":"product_tag-nordic-lamp","15":"product_tag-nordic-style","16":"pa_colour-nature","17":"pa_colour-yellow","18":"pa_material-metal","20":"first","21":"instock","22":"taxable","23":"shipping-taxable","24":"purchasable","25":"product-type-simple","26":"entry","27":"content-bg","28":"loop-entry"},"acf":[],"brands":[{"id":17,"name":"Bloomingville","slug":"bloomingville"}],"_links":{"self":[{"href":"https:\/\/yournordichome.com\/cs\/wp-json\/wp\/v2\/product\/7631","targetHints":{"allow":["GET"]}}],"collection":[{"href":"https:\/\/yournordichome.com\/cs\/wp-json\/wp\/v2\/product"}],"about":[{"href":"https:\/\/yournordichome.com\/cs\/wp-json\/wp\/v2\/types\/product"}],"replies":[{"embeddable":true,"href":"https:\/\/yournordichome.com\/cs\/wp-json\/wp\/v2\/comments?post=7631"}],"wp:featuredmedia":[{"embeddable":true,"href":"https:\/\/yournordichome.com\/cs\/wp-json\/wp\/v2\/media\/7534"}],"wp:attachment":[{"href":"https:\/\/yournordichome.com\/cs\/wp-json\/wp\/v2\/media?parent=7631"}],"wp:term":[{"taxonomy":"pwb-brand","embeddable":true,"href":"https:\/\/yournordichome.com\/cs\/wp-json\/wp\/v2\/pwb-brand?post=7631"},{"taxonomy":"product_brand","embeddable":true,"href":"https:\/\/yournordichome.com\/cs\/wp-json\/wp\/v2\/product_brand?post=7631"},{"taxonomy":"product_cat","embeddable":true,"href":"https:\/\/yournordichome.com\/cs\/wp-json\/wp\/v2\/product_cat?post=7631"},{"taxonomy":"product_tag","embeddable":true,"href":"https:\/\/yournordichome.com\/cs\/wp-json\/wp\/v2\/product_tag?post=7631"},{"taxonomy":"gyarto","embeddable":true,"href":"https:\/\/yournordichome.com\/cs\/wp-json\/wp\/v2\/gyarto?post=7631"}],"curies":[{"name":"wp","href":"https:\/\/api.w.org\/{rel}","templated":true}]}}