{"id":7630,"date":"2025-08-08T09:35:54","date_gmt":"2025-08-08T09:35:54","guid":{"rendered":"https:\/\/yournordichome.com\/product\/silva-silver-table-lamp\/"},"modified":"2025-11-01T10:31:20","modified_gmt":"2025-11-01T10:31:20","slug":"stribrna-stolni-lampa-silva","status":"publish","type":"product","link":"https:\/\/yournordichome.com\/cs\/product\/silva-silver-table-lamp\/","title":{"rendered":"St\u0159\u00edbrn\u00e1 stoln\u00ed lampa Silva"},"content":{"rendered":"<p>St\u0159\u00edbrn\u00e1 stoln\u00ed lampa Silva od renomovan\u00e9 zna\u010dky Bloomingville je nad\u010dasov\u00fd kousek vyroben\u00fd z vysoce kvalitn\u00ed keramiky a jej\u00ed leskl\u00fd st\u0159\u00edbrn\u00fd plastick\u00fd podstavec okam\u017eit\u011b upout\u00e1 pozornost. Modern\u00ed design je d\u00edky klasick\u00e9mu tvaru skute\u010dn\u011b univerz\u00e1ln\u00ed, tak\u017ee tato lampa je ide\u00e1ln\u00ed volbou do ka\u017ed\u00e9 stylov\u00e9 dom\u00e1cnosti. Leskl\u00fd povrch skv\u011ble odr\u00e1\u017e\u00ed sv\u011btlo, zat\u00edmco elegantn\u00ed st\u00ednidlo ze sv\u011btl\u00e9ho pl\u00e1tna poskytuje m\u011bkk\u00e9 a p\u0159\u00edjemn\u00e9 osv\u011btlen\u00ed.<\/p>\n<p>St\u0159\u00edbrn\u00e1 stoln\u00ed lampa Silva p\u0159edstavuje prvot\u0159\u00eddn\u00ed kvalitu v ka\u017ed\u00e9m detailu: stabiln\u00ed keramick\u00fd r\u00e1m, odoln\u00e9 pl\u00e1t\u011bn\u00e9 st\u00edn\u00edtko a 150 cm dlouh\u00fd \u010dern\u00fd kabel zaji\u0161\u0165uj\u00ed pohodln\u00e9 pou\u017e\u00edv\u00e1n\u00ed. Vyp\u00edna\u010d je um\u00edst\u011bn p\u0159\u00edmo na \u0161\u0148\u016f\u0159e, tak\u017ee ovl\u00e1d\u00e1n\u00ed lampy je snadn\u00e9 a praktick\u00e9. Sofistikovan\u00e1 lampa o v\u00fd\u0161ce 49 cm a pr\u016fm\u011bru 35 cm m\u016f\u017ee st\u00e1t i samostatn\u011b jako dekorativn\u00ed p\u0159edm\u011bt. Skv\u011ble lad\u00ed s modern\u00edm i klasick\u00fdm n\u00e1bytkem. Patice E27 je kompatibiln\u00ed se standardn\u00edmi nebo LED \u017e\u00e1rovkami, tak\u017ee ji lze pou\u017e\u00edt i s \u00fasporn\u00fdmi sv\u011bteln\u00fdmi zdroji. Upozor\u0148ujeme, \u017ee lampa je vhodn\u00e1 pouze pro pou\u017eit\u00ed v interi\u00e9ru.<\/p>\n<h2>Rozm\u011bry v\u00fdrobku<\/h2>\n<p>Rozm\u011bry v\u00fdrobku: D35xH49 cm<br \/>\nSt\u00ednidlo: H23 cm<br \/>\nV\u00fdrobn\u00ed materi\u00e1l: 70% kamenina, 20% len, 10% \u017eelezo<br \/>\n\u017d\u00e1rovka: \u017d\u00e1rovky: v\u0161echny t\u0159\u00eddy, E27, oby\u010dejn\u00e9 a LED, max. 40W \/ LED 5W \/ CFL 9W<br \/>\n\u017d\u00e1rovka nen\u00ed sou\u010d\u00e1st\u00ed dod\u00e1vky.<br \/>\nSchv\u00e1leno CE: Ano<br \/>\n\u0160\u0148\u016fra: \u010cern\u00e1, 150 cm, tkanina + PVC<br \/>\nP\u0159ep\u00edna\u010d: Na \u0161\u0148\u016f\u0159e<br \/>\nVenkovn\u00ed pou\u017eit\u00ed: Ne<\/p>\n<h2>Pro\u010d si vybrat stoln\u00ed lampu Silva Silver?<\/h2>\n<p>- Origin\u00e1ln\u00ed skandin\u00e1vsk\u00fd design zna\u010dky Bloomingville dod\u00e1 ka\u017ed\u00e9mu obytn\u00e9mu prostoru jedine\u010dn\u00fd styl.<br \/>\n- Exkluzivn\u00ed leskl\u00fd st\u0159\u00edbrn\u00fd keramick\u00fd podstavec a kvalitn\u00ed pl\u00e1t\u011bn\u00e9 st\u00ednidlo zaji\u0161\u0165uj\u00ed elegantn\u00ed vzhled.<br \/>\n- Pou\u017eit\u00ed prvot\u0159\u00eddn\u00edch materi\u00e1l\u016f: odoln\u00e1 keramika, pl\u00e1tno a kovov\u00e9 prvky zaru\u010duj\u00ed dlouhou \u017eivotnost.<br \/>\n- \u010cist\u00fd, nad\u010dasov\u00fd tvar se hod\u00ed do modern\u00edch i klasick\u00fdch interi\u00e9r\u016f.<br \/>\n- Snadno se pou\u017e\u00edv\u00e1 d\u00edky 150 cm dlouh\u00e9 \u0161\u0148\u016f\u0159e a pohodln\u00e9mu vyp\u00edna\u010di.<br \/>\n- Kompatibiln\u00ed s \u00fasporn\u00fdmi LED \u017e\u00e1rovkami.<br \/>\n- Dekorativn\u00ed s\u00e1m o sob\u011b - bude stylov\u00fdm dopl\u0148kem va\u0161eho domova i bez osv\u011btlen\u00ed.<\/p>\n<h2>Kde to vypad\u00e1 nejl\u00e9pe?<\/h2>\n<p>- V ob\u00fdvac\u00edm pokoji, na konferen\u010dn\u00edm stolku nebo na viditeln\u00e9m m\u00edst\u011b mezi dekorativn\u00edmi p\u0159edm\u011bty.<br \/>\n- V lo\u017enici, na no\u010dn\u00edm stolku nebo komod\u011b, jako zdroj tepl\u00e9ho, relaxa\u010dn\u00edho sv\u011btla.<br \/>\n- V pracovn\u011b, v \u010dtec\u00edm koutku, kde lampa vn\u00e1\u0161\u00ed do prostoru modern\u00ed eleganci.<br \/>\n- V p\u0159eds\u00edni na konzolov\u00e9m stolku, kde si z\u00edsk\u00e1 p\u0159\u00edze\u0148 host\u016f na prvn\u00ed pohled.<\/p>\n<p>St\u0159\u00edbrn\u00e1 stoln\u00ed lampa Silva je sofistikovanou volbou pro ty, kte\u0159\u00ed r\u00e1di kombinuj\u00ed klasickou eleganci s modern\u00edm designem. Tato pr\u00e9miov\u00e1 stoln\u00ed lampa m\u016f\u017ee b\u00fdt tak\u00e9 skv\u011bl\u00fdm d\u00e1rkem k narozenin\u00e1m nebo ke zvl\u00e1\u0161tn\u00ed p\u0159\u00edle\u017eitosti.<\/p>","protected":false},"excerpt":{"rendered":"<p>Jedine\u010dn\u00e1 keramick\u00e1 z\u00e1kladna a elegantn\u00ed st\u00edn\u00edtko ze sv\u011btl\u00e9ho pl\u00e1tna st\u0159\u00edbrn\u00e9 stoln\u00ed lampy Silva dodaj\u00ed ka\u017ed\u00e9mu interi\u00e9ru exkluzivn\u00ed vzhled. Ide\u00e1ln\u00ed pro modern\u00ed i klasick\u00e9 prostory.<\/p>","protected":false},"featured_media":7618,"comment_status":"closed","ping_status":"closed","template":"","meta":{"_acf_changed":false,"_kad_post_transparent":"default","_kad_post_title":"","_kad_post_layout":"default","_kad_post_sidebar_id":"","_kad_post_content_style":"default","_kad_post_vertical_padding":"default","_kad_post_feature":"","_kad_post_feature_position":"","_kad_post_header":false,"_kad_post_footer":false,"_kad_post_classname":""},"pwb-brand":[17],"product_brand":[],"product_cat":[73,72],"product_tag":[1097,334,398,206,397,117,396],"gyarto":[],"class_list":{"0":"post-7630","1":"product","2":"type-product","3":"status-publish","4":"has-post-thumbnail","6":"pwb-brand-bloomingville","7":"product_cat-desk-and-table-lamp","8":"product_cat-lamp","9":"product_tag-autumn-winter-2025","10":"product_tag-new-arrivals","11":"product_tag-nordic-design","12":"product_tag-nordic-furniture","13":"product_tag-nordic-home","14":"product_tag-nordic-lamp","15":"product_tag-nordic-style","16":"pa_colour-silver","17":"pa_material-stoneware","19":"first","20":"instock","21":"taxable","22":"shipping-taxable","23":"purchasable","24":"product-type-simple","25":"entry","26":"content-bg","27":"loop-entry"},"acf":[],"brands":[{"id":17,"name":"Bloomingville","slug":"bloomingville"}],"_links":{"self":[{"href":"https:\/\/yournordichome.com\/cs\/wp-json\/wp\/v2\/product\/7630","targetHints":{"allow":["GET"]}}],"collection":[{"href":"https:\/\/yournordichome.com\/cs\/wp-json\/wp\/v2\/product"}],"about":[{"href":"https:\/\/yournordichome.com\/cs\/wp-json\/wp\/v2\/types\/product"}],"replies":[{"embeddable":true,"href":"https:\/\/yournordichome.com\/cs\/wp-json\/wp\/v2\/comments?post=7630"}],"wp:featuredmedia":[{"embeddable":true,"href":"https:\/\/yournordichome.com\/cs\/wp-json\/wp\/v2\/media\/7618"}],"wp:attachment":[{"href":"https:\/\/yournordichome.com\/cs\/wp-json\/wp\/v2\/media?parent=7630"}],"wp:term":[{"taxonomy":"pwb-brand","embeddable":true,"href":"https:\/\/yournordichome.com\/cs\/wp-json\/wp\/v2\/pwb-brand?post=7630"},{"taxonomy":"product_brand","embeddable":true,"href":"https:\/\/yournordichome.com\/cs\/wp-json\/wp\/v2\/product_brand?post=7630"},{"taxonomy":"product_cat","embeddable":true,"href":"https:\/\/yournordichome.com\/cs\/wp-json\/wp\/v2\/product_cat?post=7630"},{"taxonomy":"product_tag","embeddable":true,"href":"https:\/\/yournordichome.com\/cs\/wp-json\/wp\/v2\/product_tag?post=7630"},{"taxonomy":"gyarto","embeddable":true,"href":"https:\/\/yournordichome.com\/cs\/wp-json\/wp\/v2\/gyarto?post=7630"}],"curies":[{"name":"wp","href":"https:\/\/api.w.org\/{rel}","templated":true}]}}