{"id":7046,"date":"2025-02-28T15:23:13","date_gmt":"2025-02-28T15:23:13","guid":{"rendered":"https:\/\/yournordichome.com\/product\/grimaud-shelving-unit-2\/"},"modified":"2026-01-30T17:09:46","modified_gmt":"2026-01-30T17:09:46","slug":"regalova-jednotka-grimaud-2","status":"publish","type":"product","link":"https:\/\/yournordichome.com\/cs\/product\/grimaud-shelving-unit-2\/","title":{"rendered":"Reg\u00e1lov\u00e1 jednotka Grimaud"},"content":{"rendered":"<p>N\u00e1st\u011bnn\u00e1 police Grimaud od spole\u010dnosti Chic Antique, vyroben\u00e1 z regenerovan\u00e9ho d\u0159eva. Kousky z t\u00e9to kolekce vdechuj\u00ed nov\u00fd \u017eivot nalezen\u00fdm materi\u00e1l\u016fm z masivn\u00edho d\u0159eva, kter\u00e9 svou \u00fa\u017easnou p\u0159irozenost\u00ed vytv\u00e1\u0159ej\u00ed jedine\u010dnou atmosf\u00e9ru.<\/p>\n<p>Na t\u00e9to vintage n\u00e1st\u011bnn\u00e9 polici m\u016f\u017eete kr\u00e1sn\u011b vystavit sv\u00e9 obl\u00edben\u00e9 dekorativn\u00ed p\u0159edm\u011bty nebo hrnky v kuchyni, zat\u00edmco do jej\u00ed z\u00e1suvky m\u016f\u017eete schovat men\u0161\u00ed v\u011bci.<\/p>\n<p>N\u00e1st\u011bnn\u00e1 police Grimaud od spole\u010dnosti Chic Antique je skute\u010dn\u011b v\u00fdjime\u010dn\u00fd kousek, kter\u00fd do va\u0161eho domova vnese p\u0159\u00edrodn\u00ed kr\u00e1su recyklovan\u00e9ho masivn\u00edho d\u0159eva a nad\u010dasovou eleganci vintage stylu. Jedine\u010dn\u00e1 struktura d\u0159eva a drobn\u00e9 nedokonalosti \u010din\u00ed ka\u017ed\u00fd kus jedine\u010dn\u00fdm a neopakovateln\u00fdm a z\u00e1rove\u0148 vytv\u00e1\u0159\u00ed v prostoru h\u0159ejivou, \u00fatulnou atmosf\u00e9ru.<\/p>\n<p>D\u00edky praktick\u00e9mu designu m\u00e1 police dv\u011b otev\u0159en\u00e9 p\u0159ihr\u00e1dky a malou z\u00e1suvku, tak\u017ee je ide\u00e1ln\u00ed pro ukl\u00e1d\u00e1n\u00ed men\u0161\u00edch p\u0159edm\u011bt\u016f a zv\u00fdrazn\u011bn\u00ed dekorativn\u00edch prvk\u016f. Je ide\u00e1ln\u00ed volbou, pokud hled\u00e1te stylov\u00fd a funk\u010dn\u00ed kus n\u00e1bytku, kter\u00fd nab\u00edz\u00ed dokonalou kombinaci udr\u017eitelnosti a estetiky.<\/p>\n<p>Pro\u010d si vybrat tuto n\u00e1st\u011bnnou polici Grimaud?<\/p>\n<p>\u2714 Recyklovan\u00e9 masivn\u00ed d\u0159evo - udr\u017eiteln\u00e9 \u0159e\u0161en\u00ed, kter\u00e9 do va\u0161eho prostoru vnese jedine\u010dnou texturu a p\u0159\u00edrodn\u00ed kr\u00e1su.<br \/>\n\u2714 Dv\u011b otev\u0159en\u00e9 police a z\u00e1suvka - praktick\u00fd design pro kombinaci \u00falo\u017en\u00e9ho prostoru a dekorace.<br \/>\n\u2714 Vintage styl - vytv\u00e1\u0159\u00ed jedine\u010dnou atmosf\u00e9ru, kter\u00e1 z\u00fatuln\u00ed ka\u017ed\u00fd interi\u00e9r.<br \/>\n\u2714 Chic Antique pr\u00e9miov\u00e1 kvalita - d\u00e1nsk\u00fd design, kter\u00fd kombinuje funk\u010dnost s \u010distou estetikou.<br \/>\n\u2714 Kompaktn\u00ed a v\u0161estrann\u00fd - ide\u00e1ln\u00ed pro men\u0161\u00ed prostory, kde je pot\u0159eba stylov\u00e9 \u00falo\u017en\u00e9 \u0159e\u0161en\u00ed.<\/p>\n<p>Kde to vypad\u00e1 nejl\u00e9pe?<\/p>\n<p>V kuchyni - pro ulo\u017een\u00ed hrnk\u016f, ko\u0159en\u00ed a dal\u0161\u00edch kuchy\u0148sk\u00fdch dopl\u0148k\u016f.<br \/>\nV ob\u00fdvac\u00edm pokoji jako dekorativn\u00ed prvek pro um\u00edst\u011bn\u00ed sv\u00ed\u010dek, drobn\u00fdch ozdob nebo knih.<br \/>\nV p\u0159eds\u00edni - praktick\u00e9 m\u00edsto na kl\u00ed\u010de, dopisy a dal\u0161\u00ed drobnosti.<br \/>\nV koupeln\u011b - pro stylov\u00e9 ulo\u017een\u00ed kosmetiky a toaletn\u00edch pot\u0159eb.<\/p>\n<p>Kolekce Grimaud p\u0159edstavuje v\u00fdb\u011br jedine\u010dn\u00fdch kus\u016f - star\u00fdch artefakt\u016f a p\u0159edm\u011bt\u016f z kr\u00e1sn\u011b patinovan\u00e9ho recyklovan\u00e9ho d\u0159eva. A pom\u00e1h\u00e1 dodat domovu teplo, du\u0161i i historii.<\/p>\n<p>Kolekce zahrnuje kr\u00e1sn\u00e9 dekorace i n\u00e1bytek. Spole\u010dn\u00fdm znakem v\u0161ech v\u00fdrobk\u016f Grimaud jsou stopy p\u0159edchoz\u00edho \u017eivota a \u00fa\u010delu.<\/p>\n<p>Filozofi\u00ed spole\u010dnosti Chic Antique je vdechnout star\u00fdm poklad\u016fm nov\u00fd \u017eivot a kolekce Grimaud je p\u0159esn\u011b takov\u00fdm zt\u011blesn\u011bn\u00edm.<\/p>\n<p>V\u0161imn\u011bte si pros\u00edm, \u017ee v\u0161echny kusy Grimaud jsou jedine\u010dn\u00e9 a \u017e\u00e1dn\u00e9 dva nejsou stejn\u00e9. To znamen\u00e1, \u017ee se mohou li\u0161it tvarem, velikost\u00ed a druhem d\u0159eva.<\/p>\n<p>Vytvo\u0159te si doma jedine\u010dnou p\u0159\u00edrodn\u00ed atmosf\u00e9ru s n\u00e1st\u011bnnou polic\u00ed Grimaud, kter\u00e1 je dokonalou kombinac\u00ed udr\u017eitelnosti a vintage elegance - stylov\u00fdm a funk\u010dn\u00edm \u0159e\u0161en\u00edm pro ka\u017edou m\u00edstnost!<\/p>\n<p>Rozm\u011bry v\u00fdrobku: V43\/L30\/W23 cm<br \/>\nMateri\u00e1l: Materi\u00e1l: regenerovan\u00e9 d\u0159evo, kov<br \/>\nBarva: p\u0159\u00edrodn\u00ed<\/p>","protected":false},"excerpt":{"rendered":"<p>N\u00e1st\u011bnn\u00e1 police se dv\u011bma otev\u0159en\u00fdmi policemi a malou z\u00e1suvkou. Vintage dopln\u011bk z recyklovan\u00e9ho d\u0159eva, kter\u00fd je dekorativn\u00edm prvkem a je vhodn\u00fd k ukl\u00e1d\u00e1n\u00ed drobn\u00fdch p\u0159edm\u011bt\u016f.<\/p>","protected":false},"featured_media":6881,"comment_status":"closed","ping_status":"closed","template":"","meta":{"_acf_changed":false,"_kad_post_transparent":"default","_kad_post_title":"","_kad_post_layout":"default","_kad_post_sidebar_id":"","_kad_post_content_style":"default","_kad_post_vertical_padding":"default","_kad_post_feature":"","_kad_post_feature_position":"","_kad_post_header":false,"_kad_post_footer":false,"_kad_post_classname":""},"pwb-brand":[19],"product_brand":[],"product_cat":[94,167],"product_tag":[334,173,206,34,396,318,1075,98],"gyarto":[],"class_list":{"0":"post-7046","1":"product","2":"type-product","3":"status-publish","4":"has-post-thumbnail","6":"pwb-brand-chic-antique","7":"product_cat-furniture","8":"product_cat-wall-shelf","9":"product_tag-new-arrivals","10":"product_tag-nordic-bench","11":"product_tag-nordic-furniture","12":"product_tag-nordic-interior-design","13":"product_tag-nordic-style","14":"product_tag-reclaimed-wood-furniture","15":"product_tag-spring-summer-2025","16":"product_tag-vintage-style","17":"pa_colour-nature","18":"pa_material-reclaimed-wood","20":"first","21":"instock","22":"taxable","23":"shipping-taxable","24":"purchasable","25":"product-type-simple","26":"entry","27":"content-bg","28":"loop-entry"},"acf":[],"brands":[{"id":19,"name":"Chic Antique","slug":"elegantni-starozitnosti"}],"_links":{"self":[{"href":"https:\/\/yournordichome.com\/cs\/wp-json\/wp\/v2\/product\/7046","targetHints":{"allow":["GET"]}}],"collection":[{"href":"https:\/\/yournordichome.com\/cs\/wp-json\/wp\/v2\/product"}],"about":[{"href":"https:\/\/yournordichome.com\/cs\/wp-json\/wp\/v2\/types\/product"}],"replies":[{"embeddable":true,"href":"https:\/\/yournordichome.com\/cs\/wp-json\/wp\/v2\/comments?post=7046"}],"wp:featuredmedia":[{"embeddable":true,"href":"https:\/\/yournordichome.com\/cs\/wp-json\/wp\/v2\/media\/6881"}],"wp:attachment":[{"href":"https:\/\/yournordichome.com\/cs\/wp-json\/wp\/v2\/media?parent=7046"}],"wp:term":[{"taxonomy":"pwb-brand","embeddable":true,"href":"https:\/\/yournordichome.com\/cs\/wp-json\/wp\/v2\/pwb-brand?post=7046"},{"taxonomy":"product_brand","embeddable":true,"href":"https:\/\/yournordichome.com\/cs\/wp-json\/wp\/v2\/product_brand?post=7046"},{"taxonomy":"product_cat","embeddable":true,"href":"https:\/\/yournordichome.com\/cs\/wp-json\/wp\/v2\/product_cat?post=7046"},{"taxonomy":"product_tag","embeddable":true,"href":"https:\/\/yournordichome.com\/cs\/wp-json\/wp\/v2\/product_tag?post=7046"},{"taxonomy":"gyarto","embeddable":true,"href":"https:\/\/yournordichome.com\/cs\/wp-json\/wp\/v2\/gyarto?post=7046"}],"curies":[{"name":"wp","href":"https:\/\/api.w.org\/{rel}","templated":true}]}}