{"id":7044,"date":"2025-02-28T15:23:13","date_gmt":"2025-02-28T15:23:13","guid":{"rendered":"https:\/\/yournordichome.com\/product\/yasme-side-table-in-mango-wood\/"},"modified":"2025-08-13T08:59:02","modified_gmt":"2025-08-13T08:59:02","slug":"bocni-stolek-yasme-z-mangoveho-dreva","status":"publish","type":"product","link":"https:\/\/yournordichome.com\/cs\/product\/yasme-side-table-in-mango-wood\/","title":{"rendered":"Postrann\u00ed stolek Yasme z mangov\u00e9ho d\u0159eva"},"content":{"rendered":"<p>Odkl\u00e1dac\u00ed stolek Yasme od spole\u010dnosti Bloomingville je vyroben z mangov\u00e9ho d\u0159eva s ru\u010dn\u011b vy\u0159ez\u00e1vanou podno\u017e\u00ed. Postrann\u00ed stolek se skv\u011ble hod\u00ed vedle k\u0159esla nebo pohovky s malou lampi\u010dkou nebo jin\u00fdmi pot\u0159ebn\u00fdmi p\u0159edm\u011bty. Lze jej tak\u00e9 postavit ke st\u011bn\u011b s kr\u00e1snou v\u00e1zou naho\u0159e. Postrann\u00ed stolek lze pou\u017e\u00edt v\u00edce zp\u016fsoby, tak\u017ee je vhodn\u00fd do ob\u00fdvac\u00edho pokoje, lo\u017enice nebo p\u0159eds\u00edn\u011b.<\/p>\n<p>Tento bo\u010dn\u00ed stolek z mangov\u00e9ho d\u0159eva je ide\u00e1ln\u00ed volbou, pokud chcete sv\u016fj domov obohatit o jedine\u010dn\u00fd p\u0159\u00edrodn\u00ed kus n\u00e1bytku. Ru\u010dn\u011b vy\u0159ez\u00e1van\u00fd vzor nejen\u017ee poskytuje zvl\u00e1\u0161tn\u00ed vzhled, ale tak\u00e9 zd\u016fraz\u0148uje tepl\u00e9 t\u00f3ny a p\u0159\u00edrodn\u00ed strukturu mangov\u00e9ho d\u0159eva. Tento postrann\u00ed stolek je navr\u017een v elegantn\u00edm skandin\u00e1vsk\u00e9m stylu a je ide\u00e1ln\u00edm dopl\u0148kem do ob\u00fdvac\u00edho pokoje, lo\u017enice nebo i do p\u0159eds\u00edn\u011b.<\/p>\n<p>Pro\u010d si vybrat tento stolek?<\/p>\n<p>Ru\u010dn\u011b vy\u0159ez\u00e1van\u00fd vzor: d\u00edky pe\u010dliv\u00e9 ru\u010dn\u00ed pr\u00e1ci je ka\u017ed\u00fd kus jedine\u010dn\u00fd, tak\u017ee se zaru\u010den\u011b stane v\u00fdjime\u010dn\u00fdm kusem n\u00e1bytku ve va\u0161\u00ed dom\u00e1cnosti.<br \/>\nP\u0159\u00edrodn\u00ed materi\u00e1ly: kr\u00e1sn\u00e1 struktura a trvanlivost mangov\u00e9ho d\u0159eva z n\u011bj \u010din\u00ed dlouhodobou investici.<br \/>\nV\u0161estrann\u00e9 pou\u017eit\u00ed: ide\u00e1ln\u00ed vedle k\u0159esla nebo pohovky, vedle st\u011bny s v\u00e1zou nebo dokonce jako no\u010dn\u00ed stolek.<br \/>\nSkandin\u00e1vsk\u00fd design: minimalistick\u00fd p\u0159\u00edrodn\u00ed vzhled se snadno hod\u00ed do modern\u00edch i klasick\u00fdch interi\u00e9r\u016f.<\/p>\n<p>Kde to vypad\u00e1 nejl\u00e9pe?<\/p>\n<p>V ob\u00fdvac\u00edm pokoji: vedle pohovky nebo k\u0159esla, s malou lampi\u010dkou nebo dekorac\u00ed.<br \/>\nV lo\u017enici: jako stylov\u00fd a praktick\u00fd no\u010dn\u00ed stolek.<br \/>\nKoutek na \u010dten\u00ed: ide\u00e1ln\u00ed m\u00edsto pro \u0161\u00e1lek k\u00e1vy nebo obl\u00edbenou knihu.<\/p>\n<p>Ozvl\u00e1\u0161tn\u011bte sv\u016fj domov t\u00edmto ru\u010dn\u011b vy\u0159ez\u00e1van\u00fdm stolkem z mangov\u00e9ho d\u0159eva, kter\u00fd je praktick\u00fd i dekorativn\u00ed pro ka\u017edou m\u00edstnost!<\/p>\n<p>Rozm\u011bry v\u00fdrobku: D30xH40 cm<br \/>\nBarva: p\u0159\u00edrodn\u00ed<br \/>\nSlo\u017een\u00ed: D\u0159evo manga<br \/>\nPokyny pro p\u00e9\u010di: Ot\u0159ete vlhk\u00fdm had\u0159\u00edkem.<br \/>\nMaxim\u00e1ln\u00ed nosnost: 30 kg<br \/>\nMohou se vyskytnout odchylky zp\u016fsoben\u00e9 materi\u00e1lem.<\/p>","protected":false},"excerpt":{"rendered":"<p>Odkl\u00e1dac\u00ed stolek z mangov\u00e9ho d\u0159eva s ru\u010dn\u011b vy\u0159ez\u00e1van\u00fdm vzorem. Ide\u00e1ln\u00ed vedle k\u0159esla nebo pohovky s malou lampi\u010dkou nebo vedle st\u011bny s v\u00e1zou.<\/p>","protected":false},"featured_media":6826,"comment_status":"closed","ping_status":"closed","template":"","meta":{"_acf_changed":false,"_kad_post_transparent":"default","_kad_post_title":"","_kad_post_layout":"default","_kad_post_sidebar_id":"","_kad_post_content_style":"default","_kad_post_vertical_padding":"default","_kad_post_feature":"","_kad_post_feature_position":"","_kad_post_header":false,"_kad_post_footer":false,"_kad_post_classname":""},"pwb-brand":[17],"product_brand":[],"product_cat":[341,157],"product_tag":[146,205,334,206,34,117,396,1075],"gyarto":[],"class_list":{"0":"post-7044","1":"product","2":"type-product","3":"status-publish","4":"has-post-thumbnail","6":"pwb-brand-bloomingville","7":"product_cat-side-table","8":"product_cat-table","9":"product_tag-ethno-style","10":"product_tag-mango-wood-furniture","11":"product_tag-new-arrivals","12":"product_tag-nordic-furniture","13":"product_tag-nordic-interior-design","14":"product_tag-nordic-lamp","15":"product_tag-nordic-style","16":"product_tag-spring-summer-2025","17":"pa_colour-nature","18":"pa_material-mango-wood","20":"first","21":"instock","22":"taxable","23":"shipping-taxable","24":"purchasable","25":"product-type-simple","26":"entry","27":"content-bg","28":"loop-entry"},"acf":[],"brands":[{"id":17,"name":"Bloomingville","slug":"bloomingville"}],"_links":{"self":[{"href":"https:\/\/yournordichome.com\/cs\/wp-json\/wp\/v2\/product\/7044","targetHints":{"allow":["GET"]}}],"collection":[{"href":"https:\/\/yournordichome.com\/cs\/wp-json\/wp\/v2\/product"}],"about":[{"href":"https:\/\/yournordichome.com\/cs\/wp-json\/wp\/v2\/types\/product"}],"replies":[{"embeddable":true,"href":"https:\/\/yournordichome.com\/cs\/wp-json\/wp\/v2\/comments?post=7044"}],"wp:featuredmedia":[{"embeddable":true,"href":"https:\/\/yournordichome.com\/cs\/wp-json\/wp\/v2\/media\/6826"}],"wp:attachment":[{"href":"https:\/\/yournordichome.com\/cs\/wp-json\/wp\/v2\/media?parent=7044"}],"wp:term":[{"taxonomy":"pwb-brand","embeddable":true,"href":"https:\/\/yournordichome.com\/cs\/wp-json\/wp\/v2\/pwb-brand?post=7044"},{"taxonomy":"product_brand","embeddable":true,"href":"https:\/\/yournordichome.com\/cs\/wp-json\/wp\/v2\/product_brand?post=7044"},{"taxonomy":"product_cat","embeddable":true,"href":"https:\/\/yournordichome.com\/cs\/wp-json\/wp\/v2\/product_cat?post=7044"},{"taxonomy":"product_tag","embeddable":true,"href":"https:\/\/yournordichome.com\/cs\/wp-json\/wp\/v2\/product_tag?post=7044"},{"taxonomy":"gyarto","embeddable":true,"href":"https:\/\/yournordichome.com\/cs\/wp-json\/wp\/v2\/gyarto?post=7044"}],"curies":[{"name":"wp","href":"https:\/\/api.w.org\/{rel}","templated":true}]}}