{"id":7022,"date":"2025-02-28T15:22:47","date_gmt":"2025-02-28T15:22:47","guid":{"rendered":"https:\/\/yournordichome.com\/product\/grimaud-bench\/"},"modified":"2026-04-15T07:22:23","modified_gmt":"2026-04-15T07:22:23","slug":"lavicka-grimaud","status":"publish","type":"product","link":"https:\/\/yournordichome.com\/cs\/product\/grimaud-bench\/","title":{"rendered":"Lavi\u010dka Grimaud"},"content":{"rendered":"<p>Lavice z kolekce Grimaud od Chic Antique. Rekultivovan\u00e9 d\u0159evo vytv\u00e1\u0159\u00ed zvl\u00e1\u0161tn\u00ed vintage atmosf\u00e9ru a lavici lze pou\u017e\u00edt prakticky v jak\u00e9koli m\u00edstnosti.<\/p>\n<p>Lavice z kolekce Grimaud od Chic Antique vnese do va\u0161eho domova p\u0159\u00edrodn\u00ed kr\u00e1su a nad\u010dasov\u00fd charakter regenerovan\u00e9ho d\u0159eva. Vyza\u0159uje \u010distou vintage atmosf\u00e9ru a z\u00e1rove\u0148 nab\u00edz\u00ed praktick\u00e9 a univerz\u00e1ln\u00ed \u0159e\u0161en\u00ed v ka\u017ed\u00e9 m\u00edstnosti.<\/p>\n<p>Tato stylov\u00e1 lavice poskytuje nejen pohodlnou plochu k sezen\u00ed nav\u00edc, ale skv\u011ble vynikne i jako dekorativn\u00ed prvek - m\u016f\u017eete na ni um\u00edstit knihy, rostliny nebo sv\u00edcny. D\u00edky sv\u00fdm kompaktn\u00edm rozm\u011br\u016fm a pou\u017eit\u00ed p\u0159\u00edrodn\u00edch materi\u00e1l\u016f ji lze snadno za\u010dlenit do skandin\u00e1vsk\u00fdch, vintage nebo rustik\u00e1ln\u00edch interi\u00e9r\u016f.<\/p>\n<p>Pro\u010d si vybrat lavi\u010dku Grimaud?<\/p>\n<p>\u2714 Recyklovan\u00fd d\u0159ev\u011bn\u00fd materi\u00e1l - udr\u017eiteln\u00fd a \u0161etrn\u00fd k \u017eivotn\u00edmu prost\u0159ed\u00ed, s jedine\u010dnou strukturou.<br \/>\n\u2714 Vintage styl - nad\u010dasov\u00fd vzhled p\u0159\u00edrodn\u00edho d\u0159eva vytv\u00e1\u0159\u00ed \u00fatulnou dom\u00e1c\u00ed atmosf\u00e9ru.<br \/>\n\u2714 V\u0161estrann\u00e9 pou\u017eit\u00ed - dal\u0161\u00ed sedadlo, dekorativn\u00ed prvek nebo praktick\u00e1 odkl\u00e1dac\u00ed plocha.<br \/>\n\u2714 Chic Antique pr\u00e9miov\u00e9 kvality - design inspirovan\u00fd \u0159emesln\u00edky, kter\u00fd vnese styl do ka\u017ed\u00e9ho prostoru.<br \/>\n\u2714 Kompaktn\u00ed rozm\u011bry - praktick\u00e9 \u0159e\u0161en\u00ed i v mal\u00fdch prostor\u00e1ch, snadn\u00e9 p\u0159emis\u0165ov\u00e1n\u00ed.<\/p>\n<p>Kde to vypad\u00e1 nejl\u00e9pe?<\/p>\n<p>V p\u0159eds\u00edni - jako sed\u00e1tko na obouv\u00e1n\u00ed nebo jako dekorativn\u00ed \u00falo\u017en\u00fd prostor.<br \/>\nV ob\u00fdvac\u00edm pokoji - jako dal\u0161\u00ed m\u00edsto k sezen\u00ed, dr\u017e\u00e1k na rostliny nebo k um\u00edst\u011bn\u00ed dekorativn\u00edch p\u0159edm\u011bt\u016f.<br \/>\nV lo\u017enici - jako \u00fatuln\u00fd no\u010dn\u00ed stolek, na konci postele nebo jako dekorativn\u00ed kus n\u00e1bytku.<\/p>\n<p>Vylep\u0161ete atmosf\u00e9ru sv\u00e9ho domova udr\u017eitelnou seda\u010dkou ve vintage stylu, kter\u00e1 se d\u00edky nad\u010dasov\u00e9mu designu a prakti\u010dnosti Chic Antique m\u016f\u017ee st\u00e1t dokonal\u00fdm dopl\u0148kem ka\u017ed\u00e9ho prostoru!<\/p>\n<p>Kolekce Grimaud p\u0159edstavuje v\u00fdb\u011br jedine\u010dn\u00fdch kus\u016f - star\u00fdch artefakt\u016f a p\u0159edm\u011bt\u016f z kr\u00e1sn\u011b patinovan\u00e9ho recyklovan\u00e9ho d\u0159eva. A pom\u00e1h\u00e1 dodat domovu teplo, du\u0161i i historii.<\/p>\n<p>Kolekce zahrnuje kr\u00e1sn\u00e9 dekorace i n\u00e1bytek. Spole\u010dn\u00fdm znakem v\u0161ech v\u00fdrobk\u016f Grimaud jsou stopy p\u0159edchoz\u00edho \u017eivota a \u00fa\u010delu.<\/p>\n<p>Filozofi\u00ed spole\u010dnosti Chic Antique je vdechnout star\u00fdm poklad\u016fm nov\u00fd \u017eivot a kolekce Grimaud je p\u0159esn\u011b takov\u00fdm zt\u011blesn\u011bn\u00edm.<\/p>\n<p>V\u0161imn\u011bte si pros\u00edm, \u017ee v\u0161echny kusy Grimaud jsou jedine\u010dn\u00e9 a \u017e\u00e1dn\u00e9 dva nejsou stejn\u00e9. To znamen\u00e1, \u017ee se mohou li\u0161it tvarem, velikost\u00ed a druhem d\u0159eva.<\/p>\n<p>Rozm\u011bry v\u00fdrobku: V50\/L60\/W30 cm<br \/>\nMateri\u00e1l: regenerovan\u00e9 d\u0159evo<br \/>\nBarva: p\u0159\u00edrodn\u00ed<br \/>\nMaxim\u00e1ln\u00ed nosnost: 50 kg<\/p>","protected":false},"excerpt":{"rendered":"<p>Lavice z regenerovan\u00e9ho d\u0159eva, kter\u00e1 je skv\u011bl\u00fdm dopl\u0148kem pro sezen\u00ed v ka\u017ed\u00e9 m\u00edstnosti. M\u016f\u017eete na ni tak\u00e9 um\u00edstit dekorativn\u00ed dopl\u0148ky a lze ji vyu\u017e\u00edt i jako \u00falo\u017en\u00fd prostor.<\/p>","protected":false},"featured_media":6857,"comment_status":"closed","ping_status":"closed","template":"","meta":{"_acf_changed":false,"_kad_post_transparent":"default","_kad_post_title":"","_kad_post_layout":"default","_kad_post_sidebar_id":"","_kad_post_content_style":"default","_kad_post_vertical_padding":"default","_kad_post_feature":"","_kad_post_feature_position":"","_kad_post_header":false,"_kad_post_footer":false,"_kad_post_classname":""},"pwb-brand":[19],"product_brand":[],"product_cat":[152,233],"product_tag":[334,173,206,34,396,318,1075,98],"gyarto":[],"class_list":{"0":"post-7022","1":"product","2":"type-product","3":"status-publish","4":"has-post-thumbnail","6":"pwb-brand-chic-antique","7":"product_cat-chair","8":"product_cat-stool","9":"product_tag-new-arrivals","10":"product_tag-nordic-bench","11":"product_tag-nordic-furniture","12":"product_tag-nordic-interior-design","13":"product_tag-nordic-style","14":"product_tag-reclaimed-wood-furniture","15":"product_tag-spring-summer-2025","16":"product_tag-vintage-style","17":"pa_colour-nature","18":"pa_material-reclaimed-wood","20":"first","21":"instock","22":"taxable","23":"shipping-taxable","24":"purchasable","25":"product-type-simple","26":"entry","27":"content-bg","28":"loop-entry"},"acf":[],"brands":[{"id":19,"name":"Chic Antique","slug":"elegantni-starozitnosti"}],"_links":{"self":[{"href":"https:\/\/yournordichome.com\/cs\/wp-json\/wp\/v2\/product\/7022","targetHints":{"allow":["GET"]}}],"collection":[{"href":"https:\/\/yournordichome.com\/cs\/wp-json\/wp\/v2\/product"}],"about":[{"href":"https:\/\/yournordichome.com\/cs\/wp-json\/wp\/v2\/types\/product"}],"replies":[{"embeddable":true,"href":"https:\/\/yournordichome.com\/cs\/wp-json\/wp\/v2\/comments?post=7022"}],"wp:featuredmedia":[{"embeddable":true,"href":"https:\/\/yournordichome.com\/cs\/wp-json\/wp\/v2\/media\/6857"}],"wp:attachment":[{"href":"https:\/\/yournordichome.com\/cs\/wp-json\/wp\/v2\/media?parent=7022"}],"wp:term":[{"taxonomy":"pwb-brand","embeddable":true,"href":"https:\/\/yournordichome.com\/cs\/wp-json\/wp\/v2\/pwb-brand?post=7022"},{"taxonomy":"product_brand","embeddable":true,"href":"https:\/\/yournordichome.com\/cs\/wp-json\/wp\/v2\/product_brand?post=7022"},{"taxonomy":"product_cat","embeddable":true,"href":"https:\/\/yournordichome.com\/cs\/wp-json\/wp\/v2\/product_cat?post=7022"},{"taxonomy":"product_tag","embeddable":true,"href":"https:\/\/yournordichome.com\/cs\/wp-json\/wp\/v2\/product_tag?post=7022"},{"taxonomy":"gyarto","embeddable":true,"href":"https:\/\/yournordichome.com\/cs\/wp-json\/wp\/v2\/gyarto?post=7022"}],"curies":[{"name":"wp","href":"https:\/\/api.w.org\/{rel}","templated":true}]}}