{"id":6993,"date":"2025-02-28T15:21:34","date_gmt":"2025-02-28T15:21:34","guid":{"rendered":"https:\/\/yournordichome.com\/product\/black-pine-wall-cabinet\/"},"modified":"2025-07-30T14:49:36","modified_gmt":"2025-07-30T14:49:36","slug":"nastenna-skrinka-z-borovice-cerne","status":"publish","type":"product","link":"https:\/\/yournordichome.com\/cs\/product\/black-pine-wall-cabinet\/","title":{"rendered":"N\u00e1st\u011bnn\u00e1 sk\u0159\u00ed\u0148ka z \u010dern\u00e9 borovice"},"content":{"rendered":"<p>N\u00e1st\u011bnn\u00e1 sk\u0159\u00ed\u0148ka z \u010dern\u00e9 borovice od spole\u010dnosti Bloomingville. Minimalistick\u00e1 jednoduchost, kterou p\u0159edstavuje pr\u00e9miov\u00fd d\u00e1nsk\u00fd v\u00fdrobce, vypad\u00e1 dob\u0159e v ob\u00fdvac\u00edm pokoji, kuchyni i dom\u00e1c\u00ed kancel\u00e1\u0159i.<\/p>\n<p>Za \u017eebrovan\u00fdmi sklen\u011bn\u00fdmi dv\u00ed\u0159ky se nach\u00e1z\u00ed police, tak\u017ee tento mal\u00fd n\u00e1bytek lze prakticky vyu\u017e\u00edt k ukl\u00e1d\u00e1n\u00ed va\u0161ich obl\u00edben\u00fdch p\u0159edm\u011bt\u016f.<\/p>\n<p>Tato n\u00e1st\u011bnn\u00e1 sk\u0159\u00ed\u0148ka z \u010dern\u00e9 borovice je zt\u011blesn\u011bn\u00edm seversk\u00e9ho minimalismu zna\u010dky Bloomingville. Jej\u00ed \u010dist\u00e9 linie a elegantn\u00ed \u017eebrovan\u00e1 sklen\u011bn\u00e1 dv\u00ed\u0159ka j\u00ed dod\u00e1vaj\u00ed jedine\u010dn\u00fd vzhled a z\u00e1rove\u0148 poskytuj\u00ed praktick\u00e9 \u00falo\u017en\u00e9 \u0159e\u0161en\u00ed. Zak\u0159iven\u00fd design a jemn\u011b strukturovan\u00e9 sklo stylov\u011b kombinuj\u00ed modern\u00ed design se skandin\u00e1vskou estetikou.<\/p>\n<p>Pro\u010d si vybrat tuto n\u00e1st\u011bnnou sk\u0159\u00ed\u0148ku?<\/p>\n<p>Elegantn\u00ed \u017eebrovan\u00e9 sklen\u011bn\u00e9 dve\u0159e: jedine\u010dn\u00e1 struktura dve\u0159\u00ed diskr\u00e9tn\u011b skr\u00fdv\u00e1 ulo\u017een\u00e9 p\u0159edm\u011bty a z\u00e1rove\u0148 p\u016fsob\u00ed lehce a modern\u011b.<br \/>\nPraktick\u00fd \u00falo\u017en\u00fd prostor: vnit\u0159n\u00ed police je ide\u00e1ln\u00ed pro ulo\u017een\u00ed va\u0161ich obl\u00edben\u00fdch p\u0159edm\u011bt\u016f, knih nebo drobn\u00e9ho p\u0159\u00edslu\u0161enstv\u00ed.<br \/>\nNad\u010dasov\u00fd design: \u010dern\u00e1 barva a minimalistick\u00fd design se hod\u00ed do ka\u017ed\u00e9ho interi\u00e9ru, do ob\u00fdvac\u00edho pokoje, kuchyn\u011b i pracovny.<br \/>\nUdr\u017eiteln\u00e9 materi\u00e1ly: masivn\u00ed borovicov\u00e9 d\u0159evo zaji\u0161\u0165uje trvanlivost a p\u0159\u00edrodn\u00ed kr\u00e1su n\u00e1bytku.<br \/>\nKde to vypad\u00e1 nejl\u00e9pe?<\/p>\n<p>V ob\u00fdvac\u00edm pokoji: m\u016f\u017eete skr\u00fdt to, co nechcete m\u00edt na o\u010d\u00edch, a z\u00e1rove\u0148 dodat prostoru eleganci.<br \/>\nV kuchyni: Praktick\u00fd prostor pro ko\u0159en\u00ed, \u0161\u00e1lky nebo drobn\u00e9 kuchy\u0148sk\u00e9 n\u00e1\u010din\u00ed.<br \/>\nV pracovn\u011b: poskytuje organizovan\u00fd \u00falo\u017en\u00fd prostor pro dokumenty a kancel\u00e1\u0159sk\u00e9 pot\u0159eby.<br \/>\nV lo\u017enici: stylov\u00fd \u00falo\u017en\u00fd prostor na \u0161perky, parf\u00e9my nebo drobn\u00e9 osobn\u00ed v\u011bci.<\/p>\n<p>Ud\u011blejte si doma stylovou a organizovanou dom\u00e1cnost s touto n\u00e1st\u011bnnou sk\u0159\u00edn\u00ed z \u010dern\u00e9 borovice, kter\u00e1 je dokonalou kombinac\u00ed skandin\u00e1vsk\u00e9ho minimalismu a elegantn\u00ed funk\u010dnosti!<\/p>\n<p>Rozm\u011bry v\u00fdrobku: D62xV49x\u016023 cm<br \/>\nBarva: \u010dern\u00e1<br \/>\nSlo\u017een\u00ed: Borovicov\u00e9 d\u0159evo, MDF, sklo<br \/>\nPokyny pro p\u00e9\u010di: Ot\u0159ete vlhk\u00fdm had\u0159\u00edkem.<br \/>\nMaxim\u00e1ln\u00ed nosnost: 3 kg na ka\u017ed\u00e9 polici<br \/>\nPovrchov\u00e1 \u00faprava v\u00fdrobku: Barva na vodn\u00ed b\u00e1zi, povrchov\u00e1 \u00faprava distressed<\/p>","protected":false},"excerpt":{"rendered":"<p>N\u00e1st\u011bnn\u00e1 sk\u0159\u00ed\u0148ka z borovicov\u00e9ho d\u0159eva v \u010dern\u00e9 barv\u011b, kter\u00e1 dod\u00e1v\u00e1 m\u00edstnosti \u010dist\u00fd minimalismus skandin\u00e1vsk\u00e9ho stylu. Dv\u00ed\u0159ka zdob\u00ed elegantn\u00ed \u017eebrovan\u00e9 sklo se zaoblen\u00fdm designem.<\/p>","protected":false},"featured_media":6619,"comment_status":"closed","ping_status":"closed","template":"","meta":{"_acf_changed":false,"_kad_post_transparent":"default","_kad_post_title":"","_kad_post_layout":"default","_kad_post_sidebar_id":"","_kad_post_content_style":"default","_kad_post_vertical_padding":"default","_kad_post_feature":"","_kad_post_feature_position":"","_kad_post_header":false,"_kad_post_footer":false,"_kad_post_classname":""},"pwb-brand":[17],"product_brand":[],"product_cat":[94,167],"product_tag":[334,206,34,396,257,136,1075],"gyarto":[],"class_list":{"0":"post-6993","1":"product","2":"type-product","3":"status-publish","4":"has-post-thumbnail","6":"pwb-brand-bloomingville","7":"product_cat-furniture","8":"product_cat-wall-shelf","9":"product_tag-new-arrivals","10":"product_tag-nordic-furniture","11":"product_tag-nordic-interior-design","12":"product_tag-nordic-style","13":"product_tag-pinewood-furniture","14":"product_tag-shelves","15":"product_tag-spring-summer-2025","16":"pa_colour-black","17":"pa_material-pine-wood","19":"first","20":"instock","21":"taxable","22":"shipping-taxable","23":"purchasable","24":"product-type-simple","25":"entry","26":"content-bg","27":"loop-entry"},"acf":[],"brands":[{"id":17,"name":"Bloomingville","slug":"bloomingville"}],"_links":{"self":[{"href":"https:\/\/yournordichome.com\/cs\/wp-json\/wp\/v2\/product\/6993","targetHints":{"allow":["GET"]}}],"collection":[{"href":"https:\/\/yournordichome.com\/cs\/wp-json\/wp\/v2\/product"}],"about":[{"href":"https:\/\/yournordichome.com\/cs\/wp-json\/wp\/v2\/types\/product"}],"replies":[{"embeddable":true,"href":"https:\/\/yournordichome.com\/cs\/wp-json\/wp\/v2\/comments?post=6993"}],"wp:featuredmedia":[{"embeddable":true,"href":"https:\/\/yournordichome.com\/cs\/wp-json\/wp\/v2\/media\/6619"}],"wp:attachment":[{"href":"https:\/\/yournordichome.com\/cs\/wp-json\/wp\/v2\/media?parent=6993"}],"wp:term":[{"taxonomy":"pwb-brand","embeddable":true,"href":"https:\/\/yournordichome.com\/cs\/wp-json\/wp\/v2\/pwb-brand?post=6993"},{"taxonomy":"product_brand","embeddable":true,"href":"https:\/\/yournordichome.com\/cs\/wp-json\/wp\/v2\/product_brand?post=6993"},{"taxonomy":"product_cat","embeddable":true,"href":"https:\/\/yournordichome.com\/cs\/wp-json\/wp\/v2\/product_cat?post=6993"},{"taxonomy":"product_tag","embeddable":true,"href":"https:\/\/yournordichome.com\/cs\/wp-json\/wp\/v2\/product_tag?post=6993"},{"taxonomy":"gyarto","embeddable":true,"href":"https:\/\/yournordichome.com\/cs\/wp-json\/wp\/v2\/gyarto?post=6993"}],"curies":[{"name":"wp","href":"https:\/\/api.w.org\/{rel}","templated":true}]}}