{"id":6984,"date":"2025-02-28T15:21:34","date_gmt":"2025-02-28T15:21:34","guid":{"rendered":"https:\/\/yournordichome.com\/product\/sole-bamboo-console-table\/"},"modified":"2025-07-30T14:44:33","modified_gmt":"2025-07-30T14:44:33","slug":"jediny-bambusovy-konzolovy-stolek","status":"publish","type":"product","link":"https:\/\/yournordichome.com\/cs\/product\/sole-bamboo-console-table\/","title":{"rendered":"Konzolov\u00fd stolek Sole Bamboo"},"content":{"rendered":"<p>Bambusov\u00fd zahradn\u00ed st\u016fl od spole\u010dnosti Bloomingville s p\u0159\u00edrodn\u00edm vzhledem. St\u016fl je ide\u00e1ln\u00ed pro rovn\u00e9 ulo\u017een\u00ed va\u0161ich obl\u00edben\u00fdch rostlin na zahrad\u011b nebo na terase a na vy\u0161\u0161\u00ed polici m\u016f\u017eete m\u00edt ulo\u017eeno zahradn\u00ed n\u00e1\u0159ad\u00ed. M\u016f\u017eete jej tak\u00e9 esteticky vyu\u017e\u00edt k serv\u00edrov\u00e1n\u00ed b\u011bhem zahradn\u00edho grilov\u00e1n\u00ed.<\/p>\n<p>Doporu\u010dujeme jej skladovat v interi\u00e9ru, proto\u017ee barva bambusu se m\u016f\u017ee \u010dasem vlivem de\u0161t\u011b zm\u011bnit.<\/p>\n<p>Bambusov\u00fd zahradn\u00ed st\u016fl p\u0159in\u00e1\u0161\u00ed na va\u0161i terasu nebo zahradu p\u0159\u00edrodn\u00ed design a prakti\u010dnost zna\u010dky Bloomingville. Jeho \u010dist\u00fd, rustik\u00e1ln\u00ed vzhled se dokonale hod\u00ed do venkovn\u00edho prost\u0159ed\u00ed, p\u0159i\u010dem\u017e jej lze vyu\u017e\u00edt mnoha zp\u016fsoby: k ulo\u017een\u00ed obl\u00edben\u00fdch rostlin, uspo\u0159\u00e1d\u00e1n\u00ed zahradn\u00edho n\u00e1\u0159ad\u00ed nebo dokonce jako serv\u00edrovac\u00ed stolek p\u0159i grilov\u00e1n\u00ed.<\/p>\n<p>Pro\u010d si vybrat tento bambusov\u00fd zahradn\u00ed st\u016fl?<\/p>\n<p>Prvot\u0159\u00eddn\u00ed d\u00e1nsk\u00fd design: v tomto zahradn\u00edm n\u00e1bytku Bloomingville se snoub\u00ed p\u0159irozen\u00e9 pou\u017eit\u00ed materi\u00e1l\u016f a funk\u010dnost skandin\u00e1vsk\u00e9ho stylu.<br \/>\nV\u0161estrann\u00e9 pou\u017eit\u00ed: lze jej pou\u017e\u00edt jako stojan na rostliny, k ulo\u017een\u00ed zahradn\u00edho n\u00e1\u0159ad\u00ed nebo jako praktick\u00fd odkl\u00e1dac\u00ed stolek.<br \/>\nV\u00edce\u00farov\u0148ov\u00e9 proveden\u00ed: dv\u011b police vedle desky stolu umo\u017e\u0148uj\u00ed je\u0161t\u011b prakti\u010dt\u011bj\u0161\u00ed ukl\u00e1d\u00e1n\u00ed.<br \/>\nLehk\u00e1, ale stabiln\u00ed konstrukce: p\u0159\u00edrodn\u00ed, pevn\u00fd materi\u00e1l bambusu zaji\u0161\u0165uje odolnost a snadnou mobilitu.<br \/>\nUdr\u017eiteln\u00e9 pou\u017e\u00edv\u00e1n\u00ed materi\u00e1l\u016f: bambus je rychle rostouc\u00ed materi\u00e1l \u0161etrn\u00fd k \u017eivotn\u00edmu prost\u0159ed\u00ed, kter\u00fd p\u0159in\u00e1\u0161\u00ed do venkovn\u00edho prost\u0159ed\u00ed p\u0159\u00edrodn\u00ed kr\u00e1su.<\/p>\n<p>Kde to vypad\u00e1 nejl\u00e9pe?<\/p>\n<p>Na terase: stylov\u00fd a praktick\u00fd dopln\u011bk, kter\u00fd je vhodn\u00fd i pro zv\u00fdrazn\u011bn\u00ed rostlin.<br \/>\nNa zahrad\u011b: d\u00edky p\u0159\u00edrodn\u00edmu materi\u00e1lu harmonicky zapad\u00e1 do venkovn\u00edho prost\u0159ed\u00ed.<br \/>\nNa balkon\u011b: mal\u00fd, ale univerz\u00e1ln\u00ed \u00falo\u017en\u00fd prostor nebo p\u0159\u00edborn\u00edk.<br \/>\nNa zahradn\u00ed grilovac\u00ed p\u00e1rty: dokonal\u00fd spole\u010dn\u00edk pro venkovn\u00ed stolov\u00e1n\u00ed, kde slou\u017e\u00ed jako p\u0159\u00edborn\u00edk nebo pracovn\u00ed plocha.<\/p>\n<p>D\u016fle\u017eit\u00e9: Doporu\u010dujeme skladovat v interi\u00e9ru, proto\u017ee barva bambusu se m\u016f\u017ee vlivem de\u0161t\u011b \u010dasem zm\u011bnit.<\/p>\n<p>Vneste do sv\u00e9 zahrady nebo terasy p\u0159\u00edrodn\u00ed skandin\u00e1vskou atmosf\u00e9ru s t\u00edmto bambusov\u00fdm zahradn\u00edm stolem, praktick\u00fdm, estetick\u00fdm a univerz\u00e1ln\u00edm kusem venkovn\u00edho n\u00e1bytku!<\/p>\n<p>Rozm\u011bry v\u00fdrobku: D100xV85x\u016040 cm<br \/>\nV\u00fd\u0161ka police od podlahy: 17 cm<br \/>\nBarva: p\u0159\u00edrodn\u00ed<br \/>\nSlo\u017een\u00ed: 100% Bambus<br \/>\nMaxim\u00e1ln\u00ed nosnost: 20 kg na horn\u00ed \u010d\u00e1sti a polici<br \/>\nMohou se vyskytnout odchylky zp\u016fsoben\u00e9 materi\u00e1ly<br \/>\nPokud je bambus vystaven vlhku, absorbuje prach a ne\u010distoty a jeho barva \u010dasem ze\u0161edne. Doporu\u010dujeme um\u00edstit do kryt\u00e9ho prostoru. \u010cist\u011bte vlhk\u00fdm had\u0159\u00edkem a pot\u00edrejte testovan\u00fdm olejem na n\u00e1bytek.<\/p>","protected":false},"excerpt":{"rendered":"<p>Bambusov\u00fd zahradn\u00ed stolek p\u0159\u00edrodn\u00edho a rustik\u00e1ln\u00edho vzhledu, ide\u00e1ln\u00ed pro ulo\u017een\u00ed obl\u00edben\u00fdch rostlin nebo serv\u00edrov\u00e1n\u00ed p\u0159i zahradn\u00edm grilov\u00e1n\u00ed.<\/p>","protected":false},"featured_media":6805,"comment_status":"closed","ping_status":"closed","template":"","meta":{"_acf_changed":false,"_kad_post_transparent":"default","_kad_post_title":"","_kad_post_layout":"default","_kad_post_sidebar_id":"","_kad_post_content_style":"default","_kad_post_vertical_padding":"default","_kad_post_feature":"","_kad_post_feature_position":"","_kad_post_header":false,"_kad_post_footer":false,"_kad_post_classname":""},"pwb-brand":[17],"product_brand":[],"product_cat":[94,174],"product_tag":[160,146,334,206,34,396,33,1075],"gyarto":[],"class_list":{"0":"post-6984","1":"product","2":"type-product","3":"status-publish","4":"has-post-thumbnail","6":"pwb-brand-bloomingville","7":"product_cat-furniture","8":"product_cat-garden-furniture","9":"product_tag-bamboo-furniture","10":"product_tag-ethno-style","11":"product_tag-new-arrivals","12":"product_tag-nordic-furniture","13":"product_tag-nordic-interior-design","14":"product_tag-nordic-style","15":"product_tag-outdoor-furniture","16":"product_tag-spring-summer-2025","17":"pa_colour-nature","18":"pa_material-bamboo","20":"first","21":"instock","22":"taxable","23":"shipping-taxable","24":"purchasable","25":"product-type-simple","26":"entry","27":"content-bg","28":"loop-entry"},"acf":[],"brands":[{"id":17,"name":"Bloomingville","slug":"bloomingville"}],"_links":{"self":[{"href":"https:\/\/yournordichome.com\/cs\/wp-json\/wp\/v2\/product\/6984","targetHints":{"allow":["GET"]}}],"collection":[{"href":"https:\/\/yournordichome.com\/cs\/wp-json\/wp\/v2\/product"}],"about":[{"href":"https:\/\/yournordichome.com\/cs\/wp-json\/wp\/v2\/types\/product"}],"replies":[{"embeddable":true,"href":"https:\/\/yournordichome.com\/cs\/wp-json\/wp\/v2\/comments?post=6984"}],"wp:featuredmedia":[{"embeddable":true,"href":"https:\/\/yournordichome.com\/cs\/wp-json\/wp\/v2\/media\/6805"}],"wp:attachment":[{"href":"https:\/\/yournordichome.com\/cs\/wp-json\/wp\/v2\/media?parent=6984"}],"wp:term":[{"taxonomy":"pwb-brand","embeddable":true,"href":"https:\/\/yournordichome.com\/cs\/wp-json\/wp\/v2\/pwb-brand?post=6984"},{"taxonomy":"product_brand","embeddable":true,"href":"https:\/\/yournordichome.com\/cs\/wp-json\/wp\/v2\/product_brand?post=6984"},{"taxonomy":"product_cat","embeddable":true,"href":"https:\/\/yournordichome.com\/cs\/wp-json\/wp\/v2\/product_cat?post=6984"},{"taxonomy":"product_tag","embeddable":true,"href":"https:\/\/yournordichome.com\/cs\/wp-json\/wp\/v2\/product_tag?post=6984"},{"taxonomy":"gyarto","embeddable":true,"href":"https:\/\/yournordichome.com\/cs\/wp-json\/wp\/v2\/gyarto?post=6984"}],"curies":[{"name":"wp","href":"https:\/\/api.w.org\/{rel}","templated":true}]}}