{"id":6983,"date":"2025-02-28T15:21:34","date_gmt":"2025-02-28T15:21:34","guid":{"rendered":"https:\/\/yournordichome.com\/product\/clea-marble-side-table\/"},"modified":"2025-08-13T11:35:02","modified_gmt":"2025-08-13T11:35:02","slug":"bocni-stolek-z-mramoru-clea","status":"publish","type":"product","link":"https:\/\/yournordichome.com\/cs\/product\/clea-marble-side-table\/","title":{"rendered":"Mramorov\u00fd bo\u010dn\u00ed stolek Clea"},"content":{"rendered":"<p><strong>Mramorov\u00fd bo\u010dn\u00ed stolek Clea<\/strong> z Bloomingville. D\u00e1nsk\u00fd v\u00fdrobce materi\u00e1l precizn\u011b zpracoval a d\u00edky p\u0159\u00edrodn\u00edm vlastnostem mramoru je vzor a barevnost ka\u017ed\u00e9ho kusu jedine\u010dn\u00e1, charakteristick\u00e1 pouze pro n\u011bj.<\/p>\n<p>Mramorov\u00fd podstavec p\u00edskov\u00e9 barvy je na desce stolu zdoben \u010dern\u00fdmi pruhy. D\u00edky asymetrick\u00e9 struktu\u0159e a minimalistick\u00e9mu barevn\u00e9mu sch\u00e9matu se jedn\u00e1 o \u010dist\u00fd, klasicky skandin\u00e1vsk\u00fd dopln\u011bk. Pou\u017eijte jej vedle k\u0159esla v ob\u00fdvac\u00edm pokoji nebo jako no\u010dn\u00ed stolek v lo\u017enici.<\/p>\n<p>Vneste do sv\u00e9ho domova zvl\u00e1\u0161tn\u00ed vzor s mramorov\u00fdm stolkem Clea, kter\u00fd odr\u00e1\u017e\u00ed skandin\u00e1vskou jednoduchost a modern\u00ed design zna\u010dky Bloomingville. Mramorovou desku v p\u00edskov\u00e9 barv\u011b zdob\u00ed \u010dern\u00e9 pruhy, kter\u00e9 vytv\u00e1\u0159ej\u00ed efektn\u00ed geometrick\u00fd vzor. Asymetrick\u00fd design dod\u00e1v\u00e1 tomuto pr\u00e9miov\u00e9mu kousku jemnou hravost a charakter a \u010din\u00ed z n\u011bj praktick\u00fd i stylov\u00fd dopln\u011bk.<\/p>\n<p>Pro\u010d si vybrat mramorov\u00fd odkl\u00e1dac\u00ed stolek Clea?<\/p>\n<p>Jedine\u010dn\u00fd p\u0159\u00edrodn\u00ed vzor: d\u00edky p\u0159\u00edrodn\u00edm vlastnostem mramoru m\u00e1 ka\u017ed\u00fd kus jedine\u010dn\u00fd, neopakovateln\u00fd vzor.<\/p>\n<p>Pr\u00e9miov\u00e1 d\u00e1nsk\u00e1 kvalita: Pr\u00e9miov\u00e1 kvalita a pe\u010dliv\u011b zpracovan\u00fd materi\u00e1l spole\u010dnosti Bloomingville zaru\u010duj\u00ed trvanlivost a eleganci.<br \/>\nGeometrick\u00fd vzor: \u010dern\u00e9 pruhy a asymetrick\u00fd tvar vytv\u00e1\u0159ej\u00ed modern\u00ed a vizu\u00e1ln\u011b vzru\u0161uj\u00edc\u00ed vzhled.<br \/>\nV\u0161estrann\u00e9 pou\u017eit\u00ed: ide\u00e1ln\u00ed jako odkl\u00e1dac\u00ed stolek v ob\u00fdvac\u00edm pokoji, no\u010dn\u00ed stolek v lo\u017enici nebo jako dekorativn\u00ed prvek v jak\u00e9koli m\u00edstnosti.<br \/>\n\u010cist\u00fd skandin\u00e1vsk\u00fd styl: d\u00edky minimalistick\u00e9mu designu a harmonick\u00e9 barevn\u00e9 palet\u011b snadno zapadne do r\u016fzn\u00fdch interi\u00e9r\u016f.<\/p>\n<p>Kde to vypad\u00e1 nejl\u00e9pe?<\/p>\n<p>V ob\u00fdvac\u00edm pokoji: jako stylov\u00fd odkl\u00e1dac\u00ed stolek vedle k\u0159esla nebo pohovky.<br \/>\nV lo\u017enici: jako jedine\u010dn\u00fd no\u010dn\u00ed stolek, kter\u00fd dod\u00e1 prostoru zvl\u00e1\u0161tn\u00ed charakter.<br \/>\nV p\u0159eds\u00edni: dekorativn\u00ed a funk\u010dn\u00ed m\u00edsto pro men\u0161\u00ed p\u0159edm\u011bty.<br \/>\nVe studovn\u011b: inspirativn\u00ed dopln\u011bk, kter\u00fd vytv\u00e1\u0159\u00ed styl a po\u0159\u00e1dek.<\/p>\n<p>Ozvl\u00e1\u0161tn\u011bte sv\u016fj domov mramorov\u00fdm odkl\u00e1dac\u00edm stolkem Clea, kter\u00fd kombinuje elegantn\u00ed materi\u00e1ly a modern\u00ed skandin\u00e1vsk\u00fd design a vnese do va\u0161eho ka\u017edodenn\u00edho \u017eivota styl a funk\u010dnost!<\/p>\n<p>Rozm\u011bry v\u00fdrobku: D35,5xV40x\u016035,5 cm<br \/>\nBarva: hn\u011bd\u00e1<br \/>\nSlo\u017een\u00ed: Mramor<br \/>\nPovrchov\u00e1 \u00faprava v\u00fdrobku: Le\u0161t\u011bn\u00fd<br \/>\nMaxim\u00e1ln\u00ed nosnost: 20 kg<br \/>\nMohou se vyskytnout odchylky zp\u016fsoben\u00e9 materi\u00e1ly<\/p>","protected":false},"excerpt":{"rendered":"<p>S t\u00edmto asymetrick\u00fdm mramorov\u00fdm stolkem vnesete do sv\u00e9ho domova zvl\u00e1\u0161tn\u00ed geometrick\u00fd vzor! P\u00edskov\u011b zbarvenou desku stolu zdob\u00ed \u010dern\u00e9 pruhy, \u010dist\u00fd kousek ve skandin\u00e1vsk\u00e9m stylu.<\/p>","protected":false},"featured_media":6640,"comment_status":"closed","ping_status":"closed","template":"","meta":{"_acf_changed":false,"_kad_post_transparent":"default","_kad_post_title":"","_kad_post_layout":"default","_kad_post_sidebar_id":"","_kad_post_content_style":"default","_kad_post_vertical_padding":"default","_kad_post_feature":"","_kad_post_feature_position":"","_kad_post_header":false,"_kad_post_footer":false,"_kad_post_classname":""},"pwb-brand":[17],"product_brand":[],"product_cat":[341,157],"product_tag":[285,334,206,34,396,1075],"gyarto":[],"class_list":{"0":"post-6983","1":"product","2":"type-product","3":"status-publish","4":"has-post-thumbnail","6":"pwb-brand-bloomingville","7":"product_cat-side-table","8":"product_cat-table","9":"product_tag-minimalist-furniture","10":"product_tag-new-arrivals","11":"product_tag-nordic-furniture","12":"product_tag-nordic-interior-design","13":"product_tag-nordic-style","14":"product_tag-spring-summer-2025","15":"pa_colour-brown","16":"pa_material-marble","18":"first","19":"instock","20":"taxable","21":"shipping-taxable","22":"purchasable","23":"product-type-simple","24":"entry","25":"content-bg","26":"loop-entry"},"acf":[],"brands":[{"id":17,"name":"Bloomingville","slug":"bloomingville"}],"_links":{"self":[{"href":"https:\/\/yournordichome.com\/cs\/wp-json\/wp\/v2\/product\/6983","targetHints":{"allow":["GET"]}}],"collection":[{"href":"https:\/\/yournordichome.com\/cs\/wp-json\/wp\/v2\/product"}],"about":[{"href":"https:\/\/yournordichome.com\/cs\/wp-json\/wp\/v2\/types\/product"}],"replies":[{"embeddable":true,"href":"https:\/\/yournordichome.com\/cs\/wp-json\/wp\/v2\/comments?post=6983"}],"wp:featuredmedia":[{"embeddable":true,"href":"https:\/\/yournordichome.com\/cs\/wp-json\/wp\/v2\/media\/6640"}],"wp:attachment":[{"href":"https:\/\/yournordichome.com\/cs\/wp-json\/wp\/v2\/media?parent=6983"}],"wp:term":[{"taxonomy":"pwb-brand","embeddable":true,"href":"https:\/\/yournordichome.com\/cs\/wp-json\/wp\/v2\/pwb-brand?post=6983"},{"taxonomy":"product_brand","embeddable":true,"href":"https:\/\/yournordichome.com\/cs\/wp-json\/wp\/v2\/product_brand?post=6983"},{"taxonomy":"product_cat","embeddable":true,"href":"https:\/\/yournordichome.com\/cs\/wp-json\/wp\/v2\/product_cat?post=6983"},{"taxonomy":"product_tag","embeddable":true,"href":"https:\/\/yournordichome.com\/cs\/wp-json\/wp\/v2\/product_tag?post=6983"},{"taxonomy":"gyarto","embeddable":true,"href":"https:\/\/yournordichome.com\/cs\/wp-json\/wp\/v2\/gyarto?post=6983"}],"curies":[{"name":"wp","href":"https:\/\/api.w.org\/{rel}","templated":true}]}}