{"id":6227,"date":"2024-07-24T14:48:46","date_gmt":"2024-07-24T14:48:46","guid":{"rendered":"https:\/\/yournordichome.com\/product\/wall-shelf-with-4-hooks\/"},"modified":"2025-09-24T15:54:29","modified_gmt":"2025-09-24T15:54:29","slug":"nastenna-police-se-4-hacky","status":"publish","type":"product","link":"https:\/\/yournordichome.com\/cs\/product\/wall-shelf-with-4-hooks\/","title":{"rendered":"N\u00e1st\u011bnn\u00e1 police se 4 h\u00e1\u010dky"},"content":{"rendered":"<p>N\u00e1st\u011bnn\u00e1 police se 4 h\u00e1\u010dky a 3 p\u0159ihr\u00e1dkami od Chic Antique z borovicov\u00e9ho d\u0159eva v tmav\u00e9 barv\u011b. Lze ji pou\u017e\u00edt jako \u00falo\u017en\u00fd prostor i dekoraci.<\/p>\n<p>Rozm\u011bry v\u00fdrobku: V36\/L91\/W22 cm<br \/>\nMateri\u00e1l: jedlov\u00e9 d\u0159evo, kov<\/p>","protected":false},"excerpt":{"rendered":"<p>N\u00e1st\u011bnn\u00e1 police z tmav\u00e9 borovice. T\u0159i p\u0159ihr\u00e1dky, \u010dty\u0159i v\u011b\u0161\u00e1ky a horn\u00ed poli\u010dku lze vyu\u017e\u00edt k ukl\u00e1d\u00e1n\u00ed i k p\u016fsobiv\u00e9mu aran\u017eov\u00e1n\u00ed dekorac\u00ed.<\/p>","protected":false},"featured_media":6125,"comment_status":"closed","ping_status":"closed","template":"","meta":{"_acf_changed":false,"_kad_post_transparent":"default","_kad_post_title":"","_kad_post_layout":"default","_kad_post_sidebar_id":"","_kad_post_content_style":"default","_kad_post_vertical_padding":"default","_kad_post_feature":"","_kad_post_feature_position":"","_kad_post_header":false,"_kad_post_footer":false,"_kad_post_classname":""},"pwb-brand":[19],"product_brand":[],"product_cat":[94,167],"product_tag":[1069,334,398,206,397,34,396,257,1047,136],"gyarto":[],"class_list":{"0":"post-6227","1":"product","2":"type-product","3":"status-publish","4":"has-post-thumbnail","6":"pwb-brand-chic-antique","7":"product_cat-furniture","8":"product_cat-wall-shelf","9":"product_tag-autumn-winter-2024","10":"product_tag-new-arrivals","11":"product_tag-nordic-design","12":"product_tag-nordic-furniture","13":"product_tag-nordic-home","14":"product_tag-nordic-interior-design","15":"product_tag-nordic-style","16":"product_tag-pinewood-furniture","17":"product_tag-shelf","18":"product_tag-shelves","19":"pa_colour-brown","20":"pa_material-firwood","21":"pa_material-metal","23":"first","24":"outofstock","25":"taxable","26":"shipping-taxable","27":"purchasable","28":"product-type-simple","29":"entry","30":"content-bg","31":"loop-entry"},"acf":[],"brands":[{"id":19,"name":"Chic Antique","slug":"elegantni-starozitnosti"}],"_links":{"self":[{"href":"https:\/\/yournordichome.com\/cs\/wp-json\/wp\/v2\/product\/6227","targetHints":{"allow":["GET"]}}],"collection":[{"href":"https:\/\/yournordichome.com\/cs\/wp-json\/wp\/v2\/product"}],"about":[{"href":"https:\/\/yournordichome.com\/cs\/wp-json\/wp\/v2\/types\/product"}],"replies":[{"embeddable":true,"href":"https:\/\/yournordichome.com\/cs\/wp-json\/wp\/v2\/comments?post=6227"}],"wp:featuredmedia":[{"embeddable":true,"href":"https:\/\/yournordichome.com\/cs\/wp-json\/wp\/v2\/media\/6125"}],"wp:attachment":[{"href":"https:\/\/yournordichome.com\/cs\/wp-json\/wp\/v2\/media?parent=6227"}],"wp:term":[{"taxonomy":"pwb-brand","embeddable":true,"href":"https:\/\/yournordichome.com\/cs\/wp-json\/wp\/v2\/pwb-brand?post=6227"},{"taxonomy":"product_brand","embeddable":true,"href":"https:\/\/yournordichome.com\/cs\/wp-json\/wp\/v2\/product_brand?post=6227"},{"taxonomy":"product_cat","embeddable":true,"href":"https:\/\/yournordichome.com\/cs\/wp-json\/wp\/v2\/product_cat?post=6227"},{"taxonomy":"product_tag","embeddable":true,"href":"https:\/\/yournordichome.com\/cs\/wp-json\/wp\/v2\/product_tag?post=6227"},{"taxonomy":"gyarto","embeddable":true,"href":"https:\/\/yournordichome.com\/cs\/wp-json\/wp\/v2\/gyarto?post=6227"}],"curies":[{"name":"wp","href":"https:\/\/api.w.org\/{rel}","templated":true}]}}