{"id":6221,"date":"2024-07-24T14:48:26","date_gmt":"2024-07-24T14:48:26","guid":{"rendered":"https:\/\/yournordichome.com\/product\/table-lamp-in-mango-wood-2\/"},"modified":"2025-07-30T16:12:50","modified_gmt":"2025-07-30T16:12:50","slug":"stolni-lampa-z-mangoveho-dreva-3","status":"publish","type":"product","link":"https:\/\/yournordichome.com\/cs\/product\/table-lamp-in-mango-wood-2\/","title":{"rendered":"Stoln\u00ed lampa z mangov\u00e9ho d\u0159eva"},"content":{"rendered":"<p>Stoln\u00ed lampa z mangov\u00e9ho d\u0159eva od Chic Antique, kter\u00e1 je d\u00edky sv\u00e9mu vzoru a t\u00f3nu ln\u011bn\u00e9ho st\u00ednidla jasn\u00fdm dopl\u0148kem dom\u00e1cnosti. P\u0159in\u00e1\u0161\u00ed do dom\u00e1cnosti charakteristickou a p\u016fsobivou texturu mangov\u00e9ho d\u0159eva.<\/p>\n<p>Rozm\u011bry v\u00fdrobku: V43,5\/D31 cm<br \/>\nMateri\u00e1l: mangov\u00e9 d\u0159evo, len, \u017eelezo<br \/>\nBarva: p\u0159\u00edrodn\u00ed<br \/>\nZ\u00e1suvka: E27<br \/>\nWatt: 25W<br \/>\nDr\u00e1t: 2,5 m<\/p>","protected":false},"excerpt":{"rendered":"<p>Stoln\u00ed lampa z mangov\u00e9ho d\u0159eva se sv\u011btl\u00fdm vzorem a ln\u011bn\u00fdm st\u00ednidlem.<\/p>","protected":false},"featured_media":6099,"comment_status":"closed","ping_status":"closed","template":"","meta":{"_acf_changed":false,"_kad_post_transparent":"default","_kad_post_title":"","_kad_post_layout":"default","_kad_post_sidebar_id":"","_kad_post_content_style":"default","_kad_post_vertical_padding":"default","_kad_post_feature":"","_kad_post_feature_position":"","_kad_post_header":false,"_kad_post_footer":false,"_kad_post_classname":""},"pwb-brand":[19],"product_brand":[],"product_cat":[73,72],"product_tag":[1069,205,334,398,206,397,34,117,396],"gyarto":[],"class_list":{"0":"post-6221","1":"product","2":"type-product","3":"status-publish","4":"has-post-thumbnail","6":"pwb-brand-chic-antique","7":"product_cat-desk-and-table-lamp","8":"product_cat-lamp","9":"product_tag-autumn-winter-2024","10":"product_tag-mango-wood-furniture","11":"product_tag-new-arrivals","12":"product_tag-nordic-design","13":"product_tag-nordic-furniture","14":"product_tag-nordic-home","15":"product_tag-nordic-interior-design","16":"product_tag-nordic-lamp","17":"product_tag-nordic-style","18":"pa_colour-nature","19":"pa_material-mango-wood","21":"first","22":"instock","23":"taxable","24":"shipping-taxable","25":"purchasable","26":"product-type-simple","27":"entry","28":"content-bg","29":"loop-entry"},"acf":[],"brands":[{"id":19,"name":"Chic Antique","slug":"elegantni-starozitnosti"}],"_links":{"self":[{"href":"https:\/\/yournordichome.com\/cs\/wp-json\/wp\/v2\/product\/6221","targetHints":{"allow":["GET"]}}],"collection":[{"href":"https:\/\/yournordichome.com\/cs\/wp-json\/wp\/v2\/product"}],"about":[{"href":"https:\/\/yournordichome.com\/cs\/wp-json\/wp\/v2\/types\/product"}],"replies":[{"embeddable":true,"href":"https:\/\/yournordichome.com\/cs\/wp-json\/wp\/v2\/comments?post=6221"}],"wp:featuredmedia":[{"embeddable":true,"href":"https:\/\/yournordichome.com\/cs\/wp-json\/wp\/v2\/media\/6099"}],"wp:attachment":[{"href":"https:\/\/yournordichome.com\/cs\/wp-json\/wp\/v2\/media?parent=6221"}],"wp:term":[{"taxonomy":"pwb-brand","embeddable":true,"href":"https:\/\/yournordichome.com\/cs\/wp-json\/wp\/v2\/pwb-brand?post=6221"},{"taxonomy":"product_brand","embeddable":true,"href":"https:\/\/yournordichome.com\/cs\/wp-json\/wp\/v2\/product_brand?post=6221"},{"taxonomy":"product_cat","embeddable":true,"href":"https:\/\/yournordichome.com\/cs\/wp-json\/wp\/v2\/product_cat?post=6221"},{"taxonomy":"product_tag","embeddable":true,"href":"https:\/\/yournordichome.com\/cs\/wp-json\/wp\/v2\/product_tag?post=6221"},{"taxonomy":"gyarto","embeddable":true,"href":"https:\/\/yournordichome.com\/cs\/wp-json\/wp\/v2\/gyarto?post=6221"}],"curies":[{"name":"wp","href":"https:\/\/api.w.org\/{rel}","templated":true}]}}