{"id":6216,"date":"2024-07-24T14:48:26","date_gmt":"2024-07-24T14:48:26","guid":{"rendered":"https:\/\/yournordichome.com\/product\/rug-with-pattern\/"},"modified":"2025-08-12T16:01:01","modified_gmt":"2025-08-12T16:01:01","slug":"koberec-se-vzorem","status":"publish","type":"product","link":"https:\/\/yournordichome.com\/cs\/product\/rug-with-pattern\/","title":{"rendered":"Koberec se vzorem"},"content":{"rendered":"<p>Koberec se vzorem Chic Antique z juty a bavlny v \u010dern\u00e9 a p\u0159\u00edrodn\u00ed barv\u011b. Tmav\u00fd t\u00f3n a jemn\u00fd vzor z n\u011bj d\u011blaj\u00ed osobit\u00fd, a p\u0159itom elegantn\u00ed dopln\u011bk.<\/p>\n<p>Rozm\u011bry v\u00fdrobku: D\u00e9lka: 180 cm \/ 120 cm<br \/>\nMateri\u00e1l: juta, bavlna<br \/>\nBarva: \u010dern\u00e1, p\u0159\u00edrodn\u00ed<\/p>","protected":false},"excerpt":{"rendered":"<p>Vzorovan\u00fd koberec, v n\u011bm\u017e jsou p\u0159\u00edrodn\u00ed jutov\u00e1 vl\u00e1kna dopln\u011bna \u010dern\u00fdm bavln\u011bn\u00fdm tkan\u00edm. Jemn\u00fd vzor vytv\u00e1\u0159\u00ed celkov\u00fd dekorativn\u00ed efekt.<\/p>","protected":false},"featured_media":6076,"comment_status":"closed","ping_status":"closed","template":"","meta":{"_acf_changed":false,"_kad_post_transparent":"default","_kad_post_title":"","_kad_post_layout":"default","_kad_post_sidebar_id":"","_kad_post_content_style":"default","_kad_post_vertical_padding":"default","_kad_post_feature":"","_kad_post_feature_position":"","_kad_post_header":false,"_kad_post_footer":false,"_kad_post_classname":""},"pwb-brand":[19],"product_brand":[],"product_cat":[88,65],"product_tag":[1069,82,79,112,334,398,206,397,34,396],"gyarto":[],"class_list":{"0":"post-6216","1":"product","2":"type-product","3":"status-publish","4":"has-post-thumbnail","6":"pwb-brand-chic-antique","7":"product_cat-rug","8":"product_cat-rugs-and-textiles","9":"product_tag-autumn-winter-2024","10":"product_tag-carpet","11":"product_tag-cotton-rug","12":"product_tag-jute-rug","13":"product_tag-new-arrivals","14":"product_tag-nordic-design","15":"product_tag-nordic-furniture","16":"product_tag-nordic-home","17":"product_tag-nordic-interior-design","18":"product_tag-nordic-style","19":"pa_colour-black","20":"pa_colour-nature","21":"pa_material-cotton","22":"pa_material-jute","24":"first","25":"instock","26":"taxable","27":"shipping-taxable","28":"purchasable","29":"product-type-simple","30":"entry","31":"content-bg","32":"loop-entry"},"acf":[],"brands":[{"id":19,"name":"Chic Antique","slug":"elegantni-starozitnosti"}],"_links":{"self":[{"href":"https:\/\/yournordichome.com\/cs\/wp-json\/wp\/v2\/product\/6216","targetHints":{"allow":["GET"]}}],"collection":[{"href":"https:\/\/yournordichome.com\/cs\/wp-json\/wp\/v2\/product"}],"about":[{"href":"https:\/\/yournordichome.com\/cs\/wp-json\/wp\/v2\/types\/product"}],"replies":[{"embeddable":true,"href":"https:\/\/yournordichome.com\/cs\/wp-json\/wp\/v2\/comments?post=6216"}],"wp:featuredmedia":[{"embeddable":true,"href":"https:\/\/yournordichome.com\/cs\/wp-json\/wp\/v2\/media\/6076"}],"wp:attachment":[{"href":"https:\/\/yournordichome.com\/cs\/wp-json\/wp\/v2\/media?parent=6216"}],"wp:term":[{"taxonomy":"pwb-brand","embeddable":true,"href":"https:\/\/yournordichome.com\/cs\/wp-json\/wp\/v2\/pwb-brand?post=6216"},{"taxonomy":"product_brand","embeddable":true,"href":"https:\/\/yournordichome.com\/cs\/wp-json\/wp\/v2\/product_brand?post=6216"},{"taxonomy":"product_cat","embeddable":true,"href":"https:\/\/yournordichome.com\/cs\/wp-json\/wp\/v2\/product_cat?post=6216"},{"taxonomy":"product_tag","embeddable":true,"href":"https:\/\/yournordichome.com\/cs\/wp-json\/wp\/v2\/product_tag?post=6216"},{"taxonomy":"gyarto","embeddable":true,"href":"https:\/\/yournordichome.com\/cs\/wp-json\/wp\/v2\/gyarto?post=6216"}],"curies":[{"name":"wp","href":"https:\/\/api.w.org\/{rel}","templated":true}]}}