{"id":6203,"date":"2024-07-24T14:48:05","date_gmt":"2024-07-24T14:48:05","guid":{"rendered":"https:\/\/yournordichome.com\/product\/floor-lamp-in-linen\/"},"modified":"2025-07-30T16:17:01","modified_gmt":"2025-07-30T16:17:01","slug":"stojaci-lampa-v-platne","status":"publish","type":"product","link":"https:\/\/yournordichome.com\/cs\/product\/floor-lamp-in-linen\/","title":{"rendered":"Stojac\u00ed lampa v barv\u011b pl\u00e1tna"},"content":{"rendered":"<p>Stojac\u00ed lampa v barv\u011b lnu od spole\u010dnosti Bloomingville, kter\u00e1 je ide\u00e1ln\u00ed volbou pro vytvo\u0159en\u00ed \u00fatuln\u00e9 sv\u011bteln\u00e9 atmosf\u00e9ry ve va\u0161em domov\u011b. Lampa s \u017e\u00e1rovkou v podstavci i st\u00ednidle poskytuje v m\u00edstnosti kompletn\u00ed a p\u0159\u00edjemn\u00e9 osv\u011btlen\u00ed.<\/p>\n<p>Rozm\u011bry v\u00fdrobku: D28xV120 cm<br \/>\nSt\u00ednidlo: H70 cm<br \/>\nBarva: p\u0159\u00edrodn\u00ed<br \/>\nSlo\u017een\u00ed: Materi\u00e1l: len, \u017eelezo<br \/>\nSchv\u00e1leno CE: Ano<br \/>\nEnergetick\u00e1 t\u0159\u00edda \u017e\u00e1rovky: V\u0161echny t\u0159\u00eddy<br \/>\n\u017d\u00e1rovka: \u017d\u00e1rovka: oby\u010dejn\u00e1, 2 x E27<br \/>\nP\u0159\u00edkon \u017e\u00e1rovky: max. 2 x 40 W \/ 5 W LED \/ 9 W CFL<br \/>\n\u017d\u00e1rovka nen\u00ed sou\u010d\u00e1st\u00ed dod\u00e1vky<br \/>\n\u0160\u0148\u016fra: 180 cm, \u010dir\u00fd plast<br \/>\nZapnut\u00ed kabelu<br \/>\nVenkovn\u00ed pou\u017eit\u00ed: Ne<\/p>","protected":false},"excerpt":{"rendered":"<p>Stojac\u00ed lampa s jednoduch\u00fdm designem, st\u00ednidlem a podstavcem ze lnu. Tato stojac\u00ed lampa dok\u00e1\u017ee rozz\u00e1\u0159it ka\u017ed\u00fd tmav\u00fd kout a vytvo\u0159it h\u0159ejivou atmosf\u00e9ru v ka\u017ed\u00e9m prostoru.<\/p>","protected":false},"featured_media":5807,"comment_status":"closed","ping_status":"closed","template":"","meta":{"_acf_changed":false,"_kad_post_transparent":"default","_kad_post_title":"","_kad_post_layout":"default","_kad_post_sidebar_id":"","_kad_post_content_style":"default","_kad_post_vertical_padding":"default","_kad_post_feature":"","_kad_post_feature_position":"","_kad_post_header":false,"_kad_post_footer":false,"_kad_post_classname":""},"pwb-brand":[17],"product_brand":[],"product_cat":[176,72],"product_tag":[1069,285,334,398,397,34,396],"gyarto":[],"class_list":{"0":"post-6203","1":"product","2":"type-product","3":"status-publish","4":"has-post-thumbnail","6":"pwb-brand-bloomingville","7":"product_cat-floor-lamp","8":"product_cat-lamp","9":"product_tag-autumn-winter-2024","10":"product_tag-minimalist-furniture","11":"product_tag-new-arrivals","12":"product_tag-nordic-design","13":"product_tag-nordic-home","14":"product_tag-nordic-interior-design","15":"product_tag-nordic-style","16":"pa_colour-nature","17":"pa_material-linen","19":"first","20":"instock","21":"taxable","22":"shipping-taxable","23":"purchasable","24":"product-type-simple","25":"entry","26":"content-bg","27":"loop-entry"},"acf":[],"brands":[{"id":17,"name":"Bloomingville","slug":"bloomingville"}],"_links":{"self":[{"href":"https:\/\/yournordichome.com\/cs\/wp-json\/wp\/v2\/product\/6203","targetHints":{"allow":["GET"]}}],"collection":[{"href":"https:\/\/yournordichome.com\/cs\/wp-json\/wp\/v2\/product"}],"about":[{"href":"https:\/\/yournordichome.com\/cs\/wp-json\/wp\/v2\/types\/product"}],"replies":[{"embeddable":true,"href":"https:\/\/yournordichome.com\/cs\/wp-json\/wp\/v2\/comments?post=6203"}],"wp:featuredmedia":[{"embeddable":true,"href":"https:\/\/yournordichome.com\/cs\/wp-json\/wp\/v2\/media\/5807"}],"wp:attachment":[{"href":"https:\/\/yournordichome.com\/cs\/wp-json\/wp\/v2\/media?parent=6203"}],"wp:term":[{"taxonomy":"pwb-brand","embeddable":true,"href":"https:\/\/yournordichome.com\/cs\/wp-json\/wp\/v2\/pwb-brand?post=6203"},{"taxonomy":"product_brand","embeddable":true,"href":"https:\/\/yournordichome.com\/cs\/wp-json\/wp\/v2\/product_brand?post=6203"},{"taxonomy":"product_cat","embeddable":true,"href":"https:\/\/yournordichome.com\/cs\/wp-json\/wp\/v2\/product_cat?post=6203"},{"taxonomy":"product_tag","embeddable":true,"href":"https:\/\/yournordichome.com\/cs\/wp-json\/wp\/v2\/product_tag?post=6203"},{"taxonomy":"gyarto","embeddable":true,"href":"https:\/\/yournordichome.com\/cs\/wp-json\/wp\/v2\/gyarto?post=6203"}],"curies":[{"name":"wp","href":"https:\/\/api.w.org\/{rel}","templated":true}]}}