{"id":6199,"date":"2024-07-24T14:48:05","date_gmt":"2024-07-24T14:48:05","guid":{"rendered":"https:\/\/yournordichome.com\/product\/mango-wood-coffee-table-2\/"},"modified":"2025-10-26T07:47:53","modified_gmt":"2025-10-26T07:47:53","slug":"konferencni-stolek-z-mangoveho-dreva-2","status":"publish","type":"product","link":"https:\/\/yournordichome.com\/cs\/product\/mango-wood-coffee-table-2\/","title":{"rendered":"Konferen\u010dn\u00ed stolek z mangov\u00e9ho d\u0159eva"},"content":{"rendered":"<p>Konferen\u010dn\u00ed stolek z mangov\u00e9ho d\u0159eva od spole\u010dnosti Bloomingville s jedine\u010dn\u00fdm designem. Poskytuje dostatek \u00falo\u017en\u00e9ho prostoru, a p\u0159itom se v n\u011bm budete c\u00edtit p\u016fvabn\u011b a lehce. Stolek je ide\u00e1ln\u00ed tak\u00e9 jako stojan na televizi nebo pro vystaven\u00ed knih, v\u00e1z a dal\u0161\u00edch dekorativn\u00edch p\u0159edm\u011bt\u016f.<\/p>\n<p>Rozm\u011bry v\u00fdrobku: D100xV40,5x\u016061 cm<br \/>\nBarva: p\u0159\u00edrodn\u00ed<br \/>\nSlo\u017een\u00ed: D\u0159evo manga<br \/>\nPovrchov\u00e1 \u00faprava v\u00fdrobku: Lak<br \/>\nPokyny pro p\u00e9\u010di: Ot\u0159ete vlhk\u00fdm had\u0159\u00edkem.<br \/>\nMaxim\u00e1ln\u00ed nosnost: horn\u00ed 40 kg \/ police 40 kg<br \/>\nVlivem materi\u00e1l\u016f se mohou vyskytnout barevn\u00e9 odchylky.<\/p>","protected":false},"excerpt":{"rendered":"<p>Konferen\u010dn\u00ed stolek z tmav\u011b mo\u0159en\u00e9ho mangov\u00e9ho d\u0159eva v dekorativn\u00edm ov\u00e1ln\u00e9m designu s praktickou odkl\u00e1dac\u00ed polic\u00ed pod stolkem.<\/p>","protected":false},"featured_media":5864,"comment_status":"closed","ping_status":"closed","template":"","meta":{"_acf_changed":false,"_kad_post_transparent":"default","_kad_post_title":"","_kad_post_layout":"default","_kad_post_sidebar_id":"","_kad_post_content_style":"default","_kad_post_vertical_padding":"default","_kad_post_feature":"","_kad_post_feature_position":"","_kad_post_header":false,"_kad_post_footer":false,"_kad_post_classname":""},"pwb-brand":[17],"product_brand":[],"product_cat":[158,157],"product_tag":[1069,205,334,398,397,34,396],"gyarto":[],"class_list":{"0":"post-6199","1":"product","2":"type-product","3":"status-publish","4":"has-post-thumbnail","6":"pwb-brand-bloomingville","7":"product_cat-coffee-table","8":"product_cat-table","9":"product_tag-autumn-winter-2024","10":"product_tag-mango-wood-furniture","11":"product_tag-new-arrivals","12":"product_tag-nordic-design","13":"product_tag-nordic-home","14":"product_tag-nordic-interior-design","15":"product_tag-nordic-style","16":"pa_colour-nature","17":"pa_material-mango-wood","19":"first","20":"instock","21":"taxable","22":"shipping-taxable","23":"purchasable","24":"product-type-simple","25":"entry","26":"content-bg","27":"loop-entry"},"acf":[],"brands":[{"id":17,"name":"Bloomingville","slug":"bloomingville"}],"_links":{"self":[{"href":"https:\/\/yournordichome.com\/cs\/wp-json\/wp\/v2\/product\/6199","targetHints":{"allow":["GET"]}}],"collection":[{"href":"https:\/\/yournordichome.com\/cs\/wp-json\/wp\/v2\/product"}],"about":[{"href":"https:\/\/yournordichome.com\/cs\/wp-json\/wp\/v2\/types\/product"}],"replies":[{"embeddable":true,"href":"https:\/\/yournordichome.com\/cs\/wp-json\/wp\/v2\/comments?post=6199"}],"wp:featuredmedia":[{"embeddable":true,"href":"https:\/\/yournordichome.com\/cs\/wp-json\/wp\/v2\/media\/5864"}],"wp:attachment":[{"href":"https:\/\/yournordichome.com\/cs\/wp-json\/wp\/v2\/media?parent=6199"}],"wp:term":[{"taxonomy":"pwb-brand","embeddable":true,"href":"https:\/\/yournordichome.com\/cs\/wp-json\/wp\/v2\/pwb-brand?post=6199"},{"taxonomy":"product_brand","embeddable":true,"href":"https:\/\/yournordichome.com\/cs\/wp-json\/wp\/v2\/product_brand?post=6199"},{"taxonomy":"product_cat","embeddable":true,"href":"https:\/\/yournordichome.com\/cs\/wp-json\/wp\/v2\/product_cat?post=6199"},{"taxonomy":"product_tag","embeddable":true,"href":"https:\/\/yournordichome.com\/cs\/wp-json\/wp\/v2\/product_tag?post=6199"},{"taxonomy":"gyarto","embeddable":true,"href":"https:\/\/yournordichome.com\/cs\/wp-json\/wp\/v2\/gyarto?post=6199"}],"curies":[{"name":"wp","href":"https:\/\/api.w.org\/{rel}","templated":true}]}}