{"id":6195,"date":"2024-07-24T14:48:05","date_gmt":"2024-07-24T14:48:05","guid":{"rendered":"https:\/\/yournordichome.com\/product\/aluminum-side-table\/"},"modified":"2025-07-30T16:16:44","modified_gmt":"2025-07-30T16:16:44","slug":"hlinikovy-bocni-stolek","status":"publish","type":"product","link":"https:\/\/yournordichome.com\/cs\/product\/aluminum-side-table\/","title":{"rendered":"Hlin\u00edkov\u00fd postrann\u00ed stolek"},"content":{"rendered":"<p>Hlin\u00edkov\u00fd odkl\u00e1dac\u00ed stolek Bloomingville s organick\u00fdm tvarem, kter\u00fd do interi\u00e9ru vn\u00e1\u0161\u00ed p\u0159\u00edrod\u011b bl\u00edzk\u00fd a okouzluj\u00edc\u00ed prvek a p\u0159isp\u00edv\u00e1 k \u00fatuln\u00e9 a h\u0159ejiv\u00e9 atmosf\u00e9\u0159e v m\u00edstnosti.<\/p>\n<p>Rozm\u011bry v\u00fdrobku: Rozm\u011bry: D56xV51x\u016043 cm<br \/>\nBarva: p\u0159\u00edrodn\u00ed<br \/>\nSlo\u017een\u00ed: Hlin\u00edk, MDF<br \/>\nPovrchov\u00e1 \u00faprava v\u00fdrobku: Pr\u00e1\u0161kov\u00e9 lakov\u00e1n\u00ed<br \/>\nMaxim\u00e1ln\u00ed nosnost: 25 kg<br \/>\nPokyny pro p\u00e9\u010di: Ot\u0159ete vlhk\u00fdm had\u0159\u00edkem.<\/p>","protected":false},"excerpt":{"rendered":"<p>Postrann\u00ed stolek z hlin\u00edku, pota\u017een\u00fd b\u00e9\u017eov\u00fdm lakem, kter\u00fd vytv\u00e1\u0159\u00ed jemn\u00fd kontrast k industri\u00e1ln\u00edmu dojmu kovu.<\/p>","protected":false},"featured_media":5668,"comment_status":"closed","ping_status":"closed","template":"","meta":{"_acf_changed":false,"_kad_post_transparent":"default","_kad_post_title":"","_kad_post_layout":"default","_kad_post_sidebar_id":"","_kad_post_content_style":"default","_kad_post_vertical_padding":"default","_kad_post_feature":"","_kad_post_feature_position":"","_kad_post_header":false,"_kad_post_footer":false,"_kad_post_classname":""},"pwb-brand":[17],"product_brand":[],"product_cat":[341,157],"product_tag":[1069,285,334,398,397,34,396],"gyarto":[],"class_list":{"0":"post-6195","1":"product","2":"type-product","3":"status-publish","4":"has-post-thumbnail","6":"pwb-brand-bloomingville","7":"product_cat-side-table","8":"product_cat-table","9":"product_tag-autumn-winter-2024","10":"product_tag-minimalist-furniture","11":"product_tag-new-arrivals","12":"product_tag-nordic-design","13":"product_tag-nordic-home","14":"product_tag-nordic-interior-design","15":"product_tag-nordic-style","16":"pa_colour-nature","17":"pa_material-metal","19":"first","20":"instock","21":"taxable","22":"shipping-taxable","23":"purchasable","24":"product-type-simple","25":"entry","26":"content-bg","27":"loop-entry"},"acf":[],"brands":[{"id":17,"name":"Bloomingville","slug":"bloomingville"}],"_links":{"self":[{"href":"https:\/\/yournordichome.com\/cs\/wp-json\/wp\/v2\/product\/6195","targetHints":{"allow":["GET"]}}],"collection":[{"href":"https:\/\/yournordichome.com\/cs\/wp-json\/wp\/v2\/product"}],"about":[{"href":"https:\/\/yournordichome.com\/cs\/wp-json\/wp\/v2\/types\/product"}],"replies":[{"embeddable":true,"href":"https:\/\/yournordichome.com\/cs\/wp-json\/wp\/v2\/comments?post=6195"}],"wp:featuredmedia":[{"embeddable":true,"href":"https:\/\/yournordichome.com\/cs\/wp-json\/wp\/v2\/media\/5668"}],"wp:attachment":[{"href":"https:\/\/yournordichome.com\/cs\/wp-json\/wp\/v2\/media?parent=6195"}],"wp:term":[{"taxonomy":"pwb-brand","embeddable":true,"href":"https:\/\/yournordichome.com\/cs\/wp-json\/wp\/v2\/pwb-brand?post=6195"},{"taxonomy":"product_brand","embeddable":true,"href":"https:\/\/yournordichome.com\/cs\/wp-json\/wp\/v2\/product_brand?post=6195"},{"taxonomy":"product_cat","embeddable":true,"href":"https:\/\/yournordichome.com\/cs\/wp-json\/wp\/v2\/product_cat?post=6195"},{"taxonomy":"product_tag","embeddable":true,"href":"https:\/\/yournordichome.com\/cs\/wp-json\/wp\/v2\/product_tag?post=6195"},{"taxonomy":"gyarto","embeddable":true,"href":"https:\/\/yournordichome.com\/cs\/wp-json\/wp\/v2\/gyarto?post=6195"}],"curies":[{"name":"wp","href":"https:\/\/api.w.org\/{rel}","templated":true}]}}