{"id":6189,"date":"2024-07-24T14:48:05","date_gmt":"2024-07-24T14:48:05","guid":{"rendered":"https:\/\/yournordichome.com\/product\/wool-pouf\/"},"modified":"2025-07-30T16:16:22","modified_gmt":"2025-07-30T16:16:22","slug":"vlneny-puf","status":"publish","type":"product","link":"https:\/\/yournordichome.com\/cs\/product\/wool-pouf\/","title":{"rendered":"Vln\u011bn\u00fd puf"},"content":{"rendered":"<p>Vln\u011bn\u00fd puf zna\u010dky Bloomingville s v\u0161\u00edvan\u00fdm vln\u011bn\u00fdm vzorem. Tento puf m\u016f\u017eete pou\u017e\u00edt jako dal\u0161\u00ed m\u00edsto k sezen\u00ed, kdy\u017e m\u00e1te hosty, nebo jako op\u011brku nohou.<\/p>\n<p>Vyu\u017eijte ji jako stylov\u00fd a pohodln\u00fd prvek v ob\u00fdvac\u00edm pokoji, kter\u00fd vytvo\u0159\u00ed h\u0159ejivou a \u00fatulnou atmosf\u00e9ru. V\u0161\u00edvan\u00e1 textura dod\u00e1v\u00e1 dekoru hmatov\u00fd rozm\u011br a z\u00e1rove\u0148 zachov\u00e1v\u00e1 minimalistickou estetiku.<\/p>\n<p>Rozm\u011bry v\u00fdrobku: D60xV40x\u016060 cm<br \/>\nBarva: p\u0159\u00edrodn\u00ed<br \/>\nSlo\u017een\u00ed: 80%Vlna, 20% Bavlna, v\u00fdpl\u0148: 100% PL<br \/>\nMaxim\u00e1ln\u00ed nosnost: 125 kg<br \/>\nPokyny pro pran\u00ed: Pouze bodov\u00e9 \u010di\u0161t\u011bn\u00ed<\/p>","protected":false},"excerpt":{"rendered":"<p>Puf z vlny v p\u0159\u00edrodn\u00edm odst\u00ednu, kter\u00fd dopl\u0148uje jeho m\u011bkkou a p\u0159\u00edjemnou strukturu.<\/p>","protected":false},"featured_media":5982,"comment_status":"closed","ping_status":"closed","template":"","meta":{"_acf_changed":false,"_kad_post_transparent":"default","_kad_post_title":"","_kad_post_layout":"default","_kad_post_sidebar_id":"","_kad_post_content_style":"default","_kad_post_vertical_padding":"default","_kad_post_feature":"","_kad_post_feature_position":"","_kad_post_header":false,"_kad_post_footer":false,"_kad_post_classname":""},"pwb-brand":[17],"product_brand":[],"product_cat":[152,182],"product_tag":[1069,146,424,334,398,26,34,396],"gyarto":[],"class_list":{"0":"post-6189","1":"product","2":"type-product","3":"status-publish","4":"has-post-thumbnail","6":"pwb-brand-bloomingville","7":"product_cat-chair","8":"product_cat-sitting-pouf","9":"product_tag-autumn-winter-2024","10":"product_tag-ethno-style","11":"product_tag-foot-stool","12":"product_tag-new-arrivals","13":"product_tag-nordic-design","14":"product_tag-nordic-home-decor","15":"product_tag-nordic-interior-design","16":"product_tag-nordic-style","17":"pa_colour-nature","18":"pa_material-wool","20":"first","21":"instock","22":"taxable","23":"shipping-taxable","24":"purchasable","25":"product-type-simple","26":"entry","27":"content-bg","28":"loop-entry"},"acf":[],"brands":[{"id":17,"name":"Bloomingville","slug":"bloomingville"}],"_links":{"self":[{"href":"https:\/\/yournordichome.com\/cs\/wp-json\/wp\/v2\/product\/6189","targetHints":{"allow":["GET"]}}],"collection":[{"href":"https:\/\/yournordichome.com\/cs\/wp-json\/wp\/v2\/product"}],"about":[{"href":"https:\/\/yournordichome.com\/cs\/wp-json\/wp\/v2\/types\/product"}],"replies":[{"embeddable":true,"href":"https:\/\/yournordichome.com\/cs\/wp-json\/wp\/v2\/comments?post=6189"}],"wp:featuredmedia":[{"embeddable":true,"href":"https:\/\/yournordichome.com\/cs\/wp-json\/wp\/v2\/media\/5982"}],"wp:attachment":[{"href":"https:\/\/yournordichome.com\/cs\/wp-json\/wp\/v2\/media?parent=6189"}],"wp:term":[{"taxonomy":"pwb-brand","embeddable":true,"href":"https:\/\/yournordichome.com\/cs\/wp-json\/wp\/v2\/pwb-brand?post=6189"},{"taxonomy":"product_brand","embeddable":true,"href":"https:\/\/yournordichome.com\/cs\/wp-json\/wp\/v2\/product_brand?post=6189"},{"taxonomy":"product_cat","embeddable":true,"href":"https:\/\/yournordichome.com\/cs\/wp-json\/wp\/v2\/product_cat?post=6189"},{"taxonomy":"product_tag","embeddable":true,"href":"https:\/\/yournordichome.com\/cs\/wp-json\/wp\/v2\/product_tag?post=6189"},{"taxonomy":"gyarto","embeddable":true,"href":"https:\/\/yournordichome.com\/cs\/wp-json\/wp\/v2\/gyarto?post=6189"}],"curies":[{"name":"wp","href":"https:\/\/api.w.org\/{rel}","templated":true}]}}