{"id":6175,"date":"2024-07-24T14:47:45","date_gmt":"2024-07-24T14:47:45","guid":{"rendered":"https:\/\/yournordichome.com\/product\/marino-wall-shelf-reclaimed-wood\/"},"modified":"2025-07-30T16:21:48","modified_gmt":"2025-07-30T16:21:48","slug":"nastenna-police-marino-z-rekultivovaneho-dreva","status":"publish","type":"product","link":"https:\/\/yournordichome.com\/cs\/product\/marino-wall-shelf-reclaimed-wood\/","title":{"rendered":"N\u00e1st\u011bnn\u00e1 police Marino, regenerovan\u00e9 d\u0159evo"},"content":{"rendered":"<p>N\u00e1st\u011bnn\u00e1 police Marino od spole\u010dnosti Bloomingville je ide\u00e1ln\u00ed jako poli\u010dka na \u0161\u00e1lky v k\u00e1vov\u00e9m koutku, na kucha\u0159ky v kuchyni nebo jako dekorace v ob\u00fdvac\u00edm pokoji.<\/p>\n<p>Rozm\u011bry v\u00fdrobku: D70xV88x\u016010 cm<br \/>\nSlo\u017een\u00ed: Materi\u00e1l: regenerovan\u00e9 d\u0159evo, \u017eelezo<br \/>\nPovrchov\u00e1 \u00faprava v\u00fdrobku: P\u0159\u00edrodn\u00ed povrchov\u00e1 \u00faprava<br \/>\nMaxim\u00e1ln\u00ed nosnost: 1,50 kg v ka\u017ed\u00e9 m\u00edstnosti<br \/>\nPokyny pro p\u00e9\u010di: Ot\u0159ete vlhk\u00fdm had\u0159\u00edkem.<br \/>\nVlivem materi\u00e1l\u016f se mohou vyskytnout barevn\u00e9 odchylky.<\/p>","protected":false},"excerpt":{"rendered":"<p>N\u00e1st\u011bnn\u00e1 police z regenerovan\u00e9ho d\u0159eva, kter\u00e1 je univerz\u00e1ln\u00ed a dekorativn\u00ed polic\u00ed pro ukl\u00e1d\u00e1n\u00ed a dekoraci.<\/p>","protected":false},"featured_media":5877,"comment_status":"closed","ping_status":"closed","template":"","meta":{"_acf_changed":false,"_kad_post_transparent":"default","_kad_post_title":"","_kad_post_layout":"default","_kad_post_sidebar_id":"","_kad_post_content_style":"default","_kad_post_vertical_padding":"default","_kad_post_feature":"","_kad_post_feature_position":"","_kad_post_header":false,"_kad_post_footer":false,"_kad_post_classname":""},"pwb-brand":[17],"product_brand":[],"product_cat":[94,167],"product_tag":[1069,334,398,206,397,34,318,1047,136],"gyarto":[],"class_list":{"0":"post-6175","1":"product","2":"type-product","3":"status-publish","4":"has-post-thumbnail","6":"pwb-brand-bloomingville","7":"product_cat-furniture","8":"product_cat-wall-shelf","9":"product_tag-autumn-winter-2024","10":"product_tag-new-arrivals","11":"product_tag-nordic-design","12":"product_tag-nordic-furniture","13":"product_tag-nordic-home","14":"product_tag-nordic-interior-design","15":"product_tag-reclaimed-wood-furniture","16":"product_tag-shelf","17":"product_tag-shelves","18":"pa_colour-nature","19":"pa_material-reclaimed-wood","21":"first","22":"instock","23":"taxable","24":"shipping-taxable","25":"purchasable","26":"product-type-simple","27":"entry","28":"content-bg","29":"loop-entry"},"acf":[],"brands":[{"id":17,"name":"Bloomingville","slug":"bloomingville"}],"_links":{"self":[{"href":"https:\/\/yournordichome.com\/cs\/wp-json\/wp\/v2\/product\/6175","targetHints":{"allow":["GET"]}}],"collection":[{"href":"https:\/\/yournordichome.com\/cs\/wp-json\/wp\/v2\/product"}],"about":[{"href":"https:\/\/yournordichome.com\/cs\/wp-json\/wp\/v2\/types\/product"}],"replies":[{"embeddable":true,"href":"https:\/\/yournordichome.com\/cs\/wp-json\/wp\/v2\/comments?post=6175"}],"wp:featuredmedia":[{"embeddable":true,"href":"https:\/\/yournordichome.com\/cs\/wp-json\/wp\/v2\/media\/5877"}],"wp:attachment":[{"href":"https:\/\/yournordichome.com\/cs\/wp-json\/wp\/v2\/media?parent=6175"}],"wp:term":[{"taxonomy":"pwb-brand","embeddable":true,"href":"https:\/\/yournordichome.com\/cs\/wp-json\/wp\/v2\/pwb-brand?post=6175"},{"taxonomy":"product_brand","embeddable":true,"href":"https:\/\/yournordichome.com\/cs\/wp-json\/wp\/v2\/product_brand?post=6175"},{"taxonomy":"product_cat","embeddable":true,"href":"https:\/\/yournordichome.com\/cs\/wp-json\/wp\/v2\/product_cat?post=6175"},{"taxonomy":"product_tag","embeddable":true,"href":"https:\/\/yournordichome.com\/cs\/wp-json\/wp\/v2\/product_tag?post=6175"},{"taxonomy":"gyarto","embeddable":true,"href":"https:\/\/yournordichome.com\/cs\/wp-json\/wp\/v2\/gyarto?post=6175"}],"curies":[{"name":"wp","href":"https:\/\/api.w.org\/{rel}","templated":true}]}}