{"id":6170,"date":"2024-07-24T14:47:45","date_gmt":"2024-07-24T14:47:45","guid":{"rendered":"https:\/\/yournordichome.com\/product\/stella-side-table-mango-wood\/"},"modified":"2025-08-12T15:34:21","modified_gmt":"2025-08-12T15:34:21","slug":"bocni-stolek-stella-z-mangoveho-dreva","status":"publish","type":"product","link":"https:\/\/yournordichome.com\/cs\/product\/stella-side-table-mango-wood\/","title":{"rendered":"P\u0159\u00edru\u010dn\u00ed stolek Stella z mangov\u00e9ho d\u0159eva"},"content":{"rendered":"<p>Odkl\u00e1dac\u00ed stolek Stella od spole\u010dnosti Bloomingville m\u00e1 t\u0159i nohy, kter\u00e9 mu dod\u00e1vaj\u00ed lehk\u00fd a elegantn\u00ed vzhled.<\/p>\n<p>Rozm\u011bry v\u00fdrobku: D40xV44 cm<br \/>\nBarva: p\u0159\u00edrodn\u00ed<br \/>\nSlo\u017een\u00ed: D\u0159evo manga<br \/>\nPovrchov\u00e1 \u00faprava v\u00fdrobku: Lak<br \/>\nMaxim\u00e1ln\u00ed nosnost: 10 kg<br \/>\nPokyny pro p\u00e9\u010di: Ot\u0159ete vlhk\u00fdm had\u0159\u00edkem.<br \/>\nVlivem materi\u00e1l\u016f doch\u00e1z\u00ed k odchylk\u00e1m v barv\u011b.<\/p>","protected":false},"excerpt":{"rendered":"<p>Odkl\u00e1dac\u00ed stolek z mangov\u00e9ho d\u0159eva s deskou zdobenou ru\u010dn\u011b vy\u0159ez\u00e1van\u00fdm vzorem.<\/p>","protected":false},"featured_media":5944,"comment_status":"closed","ping_status":"closed","template":"","meta":{"_acf_changed":false,"_kad_post_transparent":"default","_kad_post_title":"","_kad_post_layout":"default","_kad_post_sidebar_id":"","_kad_post_content_style":"default","_kad_post_vertical_padding":"default","_kad_post_feature":"","_kad_post_feature_position":"","_kad_post_header":false,"_kad_post_footer":false,"_kad_post_classname":""},"pwb-brand":[17],"product_brand":[],"product_cat":[341,157],"product_tag":[1069,205,334,398,206,397,34,433],"gyarto":[],"class_list":{"0":"post-6170","1":"product","2":"type-product","3":"status-publish","4":"has-post-thumbnail","6":"pwb-brand-bloomingville","7":"product_cat-side-table","8":"product_cat-table","9":"product_tag-autumn-winter-2024","10":"product_tag-mango-wood-furniture","11":"product_tag-new-arrivals","12":"product_tag-nordic-design","13":"product_tag-nordic-furniture","14":"product_tag-nordic-home","15":"product_tag-nordic-interior-design","16":"product_tag-round-coffee-table","17":"pa_colour-nature","18":"pa_material-mango-wood","20":"first","21":"instock","22":"taxable","23":"shipping-taxable","24":"purchasable","25":"product-type-simple","26":"entry","27":"content-bg","28":"loop-entry"},"acf":[],"brands":[{"id":17,"name":"Bloomingville","slug":"bloomingville"}],"_links":{"self":[{"href":"https:\/\/yournordichome.com\/cs\/wp-json\/wp\/v2\/product\/6170","targetHints":{"allow":["GET"]}}],"collection":[{"href":"https:\/\/yournordichome.com\/cs\/wp-json\/wp\/v2\/product"}],"about":[{"href":"https:\/\/yournordichome.com\/cs\/wp-json\/wp\/v2\/types\/product"}],"replies":[{"embeddable":true,"href":"https:\/\/yournordichome.com\/cs\/wp-json\/wp\/v2\/comments?post=6170"}],"wp:featuredmedia":[{"embeddable":true,"href":"https:\/\/yournordichome.com\/cs\/wp-json\/wp\/v2\/media\/5944"}],"wp:attachment":[{"href":"https:\/\/yournordichome.com\/cs\/wp-json\/wp\/v2\/media?parent=6170"}],"wp:term":[{"taxonomy":"pwb-brand","embeddable":true,"href":"https:\/\/yournordichome.com\/cs\/wp-json\/wp\/v2\/pwb-brand?post=6170"},{"taxonomy":"product_brand","embeddable":true,"href":"https:\/\/yournordichome.com\/cs\/wp-json\/wp\/v2\/product_brand?post=6170"},{"taxonomy":"product_cat","embeddable":true,"href":"https:\/\/yournordichome.com\/cs\/wp-json\/wp\/v2\/product_cat?post=6170"},{"taxonomy":"product_tag","embeddable":true,"href":"https:\/\/yournordichome.com\/cs\/wp-json\/wp\/v2\/product_tag?post=6170"},{"taxonomy":"gyarto","embeddable":true,"href":"https:\/\/yournordichome.com\/cs\/wp-json\/wp\/v2\/gyarto?post=6170"}],"curies":[{"name":"wp","href":"https:\/\/api.w.org\/{rel}","templated":true}]}}