{"id":6162,"date":"2024-07-24T14:47:25","date_gmt":"2024-07-24T14:47:25","guid":{"rendered":"https:\/\/yournordichome.com\/product\/grey-wool-rug\/"},"modified":"2025-07-30T16:22:21","modified_gmt":"2025-07-30T16:22:21","slug":"sedy-vlneny-koberec","status":"publish","type":"product","link":"https:\/\/yournordichome.com\/cs\/product\/grey-wool-rug\/","title":{"rendered":"\u0160ed\u00fd vln\u011bn\u00fd koberec"},"content":{"rendered":"<p>\u0160ed\u00fd vln\u011bn\u00fd koberec Bloomingville s klidn\u00fdm a harmonick\u00fdm vzhledem, kter\u00fd z n\u011bj \u010din\u00ed ide\u00e1ln\u00ed dopln\u011bk jak\u00e9hokoli interi\u00e9ru.<\/p>\n<p>Rozm\u011bry v\u00fdrobku: Rozm\u011bry: D200x\u0160140 cm<br \/>\nBarva: \u0160ed\u00e1<br \/>\nHlavn\u00ed materi\u00e1l: Vlna<br \/>\nBarevn\u00e1 \u00faprava: Barven\u00e1 p\u0159\u00edze<br \/>\nPovrchov\u00e1 \u00faprava v\u00fdrobku: Tkan\u00fd<br \/>\nPokyny pro pran\u00ed: Pouze bodov\u00e9 \u010di\u0161t\u011bn\u00ed<\/p>","protected":false},"excerpt":{"rendered":"<p>Koberec Napoli je vyroben z vlny a m\u00e1 jednoduch\u00fd design v tlumen\u00fdch barv\u00e1ch, zdoben\u00fd jemn\u00fdm a dekorativn\u00edm vzorem.<\/p>","protected":false},"featured_media":5837,"comment_status":"closed","ping_status":"closed","template":"","meta":{"_acf_changed":false,"_kad_post_transparent":"default","_kad_post_title":"","_kad_post_layout":"default","_kad_post_sidebar_id":"","_kad_post_content_style":"default","_kad_post_vertical_padding":"default","_kad_post_feature":"","_kad_post_feature_position":"","_kad_post_header":false,"_kad_post_footer":false,"_kad_post_classname":""},"pwb-brand":[17],"product_brand":[],"product_cat":[88,65],"product_tag":[1069,82,334,398,206,397,80,89],"gyarto":[],"class_list":{"0":"post-6162","1":"product","2":"type-product","3":"status-publish","4":"has-post-thumbnail","6":"pwb-brand-bloomingville","7":"product_cat-rug","8":"product_cat-rugs-and-textiles","9":"product_tag-autumn-winter-2024","10":"product_tag-carpet","11":"product_tag-new-arrivals","12":"product_tag-nordic-design","13":"product_tag-nordic-furniture","14":"product_tag-nordic-home","15":"product_tag-nordic-style-rug","16":"product_tag-wool-rug","17":"pa_colour-grey","18":"pa_material-wool","20":"first","21":"instock","22":"taxable","23":"shipping-taxable","24":"purchasable","25":"product-type-simple","26":"entry","27":"content-bg","28":"loop-entry"},"acf":[],"brands":[{"id":17,"name":"Bloomingville","slug":"bloomingville"}],"_links":{"self":[{"href":"https:\/\/yournordichome.com\/cs\/wp-json\/wp\/v2\/product\/6162","targetHints":{"allow":["GET"]}}],"collection":[{"href":"https:\/\/yournordichome.com\/cs\/wp-json\/wp\/v2\/product"}],"about":[{"href":"https:\/\/yournordichome.com\/cs\/wp-json\/wp\/v2\/types\/product"}],"replies":[{"embeddable":true,"href":"https:\/\/yournordichome.com\/cs\/wp-json\/wp\/v2\/comments?post=6162"}],"wp:featuredmedia":[{"embeddable":true,"href":"https:\/\/yournordichome.com\/cs\/wp-json\/wp\/v2\/media\/5837"}],"wp:attachment":[{"href":"https:\/\/yournordichome.com\/cs\/wp-json\/wp\/v2\/media?parent=6162"}],"wp:term":[{"taxonomy":"pwb-brand","embeddable":true,"href":"https:\/\/yournordichome.com\/cs\/wp-json\/wp\/v2\/pwb-brand?post=6162"},{"taxonomy":"product_brand","embeddable":true,"href":"https:\/\/yournordichome.com\/cs\/wp-json\/wp\/v2\/product_brand?post=6162"},{"taxonomy":"product_cat","embeddable":true,"href":"https:\/\/yournordichome.com\/cs\/wp-json\/wp\/v2\/product_cat?post=6162"},{"taxonomy":"product_tag","embeddable":true,"href":"https:\/\/yournordichome.com\/cs\/wp-json\/wp\/v2\/product_tag?post=6162"},{"taxonomy":"gyarto","embeddable":true,"href":"https:\/\/yournordichome.com\/cs\/wp-json\/wp\/v2\/gyarto?post=6162"}],"curies":[{"name":"wp","href":"https:\/\/api.w.org\/{rel}","templated":true}]}}