{"id":6161,"date":"2024-07-24T14:47:25","date_gmt":"2024-07-24T14:47:25","guid":{"rendered":"https:\/\/yournordichome.com\/product\/wool-wall-decor\/"},"modified":"2025-07-30T16:23:21","modified_gmt":"2025-07-30T16:23:21","slug":"vlnene-dekorace-na-zed","status":"publish","type":"product","link":"https:\/\/yournordichome.com\/cs\/product\/wool-wall-decor\/","title":{"rendered":"Vln\u011bn\u00e9 dekorace na ze\u010f"},"content":{"rendered":"<p>Dekorace na ze\u010f Atle od spole\u010dnosti Bloomingville m\u00e1 v\u0161\u00edvan\u00fd vzor, kter\u00fd dod\u00e1v\u00e1 designu hloubku a texturu a o\u017eivuje jej. Dekorace se neomezuje pouze na zdoben\u00ed st\u011bn, ale je vhodn\u00e1 i jako koberec. Flexibiln\u00ed design zaru\u010duje, \u017ee se hod\u00ed do ka\u017ed\u00e9 dom\u00e1cnosti - a\u0165 u\u017e jako efektn\u00ed koberec, nebo jako \u00fachvatn\u00fd vizu\u00e1ln\u00ed z\u00e1\u017eitek na st\u011bn\u011b.<\/p>\n<p>Rozm\u011bry v\u00fdrobku: Rozm\u011bry: V93x\u016070 cm<br \/>\nSlo\u017een\u00ed: 80% vlna, 20% bavlna<br \/>\nBarevn\u00e1 \u00faprava: Barven\u00e1 p\u0159\u00edze<br \/>\nPovrchov\u00e1 \u00faprava v\u00fdrobku: Tkan\u00fd<br \/>\nPokyny pro pran\u00ed: Pouze bodov\u00e9 \u010di\u0161t\u011bn\u00ed<\/p>","protected":false},"excerpt":{"rendered":"<p>N\u00e1st\u011bnn\u00e1 dekorace z vlny, kter\u00e1 zaujme svou tmav\u011b modrou barvou, je\u017e kr\u00e1sn\u011b kontrastuje s tepl\u00fdm terakotov\u00fdm pozad\u00edm.<\/p>","protected":false},"featured_media":5990,"comment_status":"closed","ping_status":"closed","template":"","meta":{"_acf_changed":false,"_kad_post_transparent":"default","_kad_post_title":"","_kad_post_layout":"default","_kad_post_sidebar_id":"","_kad_post_content_style":"default","_kad_post_vertical_padding":"default","_kad_post_feature":"","_kad_post_feature_position":"","_kad_post_header":false,"_kad_post_footer":false,"_kad_post_classname":""},"pwb-brand":[17],"product_brand":[],"product_cat":[23,355],"product_tag":[1069,450,334,452,398,26,289,303],"gyarto":[],"class_list":{"0":"post-6161","1":"product","2":"type-product","3":"status-publish","4":"has-post-thumbnail","6":"pwb-brand-bloomingville","7":"product_cat-home-decor","8":"product_cat-poster","9":"product_tag-autumn-winter-2024","10":"product_tag-home-decoration","11":"product_tag-new-arrivals","12":"product_tag-nordic-decoration","13":"product_tag-nordic-design","14":"product_tag-nordic-home-decor","15":"product_tag-wall-decor","16":"product_tag-wall-rug","17":"pa_colour-blue","18":"pa_material-wool","20":"first","21":"instock","22":"taxable","23":"shipping-taxable","24":"purchasable","25":"product-type-simple","26":"entry","27":"content-bg","28":"loop-entry"},"acf":[],"brands":[{"id":17,"name":"Bloomingville","slug":"bloomingville"}],"_links":{"self":[{"href":"https:\/\/yournordichome.com\/cs\/wp-json\/wp\/v2\/product\/6161","targetHints":{"allow":["GET"]}}],"collection":[{"href":"https:\/\/yournordichome.com\/cs\/wp-json\/wp\/v2\/product"}],"about":[{"href":"https:\/\/yournordichome.com\/cs\/wp-json\/wp\/v2\/types\/product"}],"replies":[{"embeddable":true,"href":"https:\/\/yournordichome.com\/cs\/wp-json\/wp\/v2\/comments?post=6161"}],"wp:featuredmedia":[{"embeddable":true,"href":"https:\/\/yournordichome.com\/cs\/wp-json\/wp\/v2\/media\/5990"}],"wp:attachment":[{"href":"https:\/\/yournordichome.com\/cs\/wp-json\/wp\/v2\/media?parent=6161"}],"wp:term":[{"taxonomy":"pwb-brand","embeddable":true,"href":"https:\/\/yournordichome.com\/cs\/wp-json\/wp\/v2\/pwb-brand?post=6161"},{"taxonomy":"product_brand","embeddable":true,"href":"https:\/\/yournordichome.com\/cs\/wp-json\/wp\/v2\/product_brand?post=6161"},{"taxonomy":"product_cat","embeddable":true,"href":"https:\/\/yournordichome.com\/cs\/wp-json\/wp\/v2\/product_cat?post=6161"},{"taxonomy":"product_tag","embeddable":true,"href":"https:\/\/yournordichome.com\/cs\/wp-json\/wp\/v2\/product_tag?post=6161"},{"taxonomy":"gyarto","embeddable":true,"href":"https:\/\/yournordichome.com\/cs\/wp-json\/wp\/v2\/gyarto?post=6161"}],"curies":[{"name":"wp","href":"https:\/\/api.w.org\/{rel}","templated":true}]}}