{"id":6160,"date":"2024-07-24T14:47:25","date_gmt":"2024-07-24T14:47:25","guid":{"rendered":"https:\/\/yournordichome.com\/product\/janna-metal-pendant-lamp\/"},"modified":"2025-07-30T16:25:43","modified_gmt":"2025-07-30T16:25:43","slug":"kovova-zavesna-lampa-janna","status":"publish","type":"product","link":"https:\/\/yournordichome.com\/cs\/product\/janna-metal-pendant-lamp\/","title":{"rendered":"Kovov\u00e9 z\u00e1v\u011bsn\u00e9 sv\u00edtidlo Janna"},"content":{"rendered":"<p>Z\u00e1v\u011bsn\u00e1 lampa Janna od spole\u010dnosti Bloomingville vytv\u00e1\u0159\u00ed nad\u010dasovou estetiku, kter\u00e1 se hod\u00ed do ka\u017ed\u00e9 dom\u00e1cnosti. Z\u00e1v\u011bsn\u00e1 lampa je ide\u00e1ln\u00ed pro zav\u011b\u0161en\u00ed nad j\u00eddeln\u00ed st\u016fl nebo do lo\u017enice \u010di ob\u00fdvac\u00edho pokoje.<\/p>\n<p>Rozm\u011bry v\u00fdrobku: D30,5xH19 cm<br \/>\nVelikost odst\u00ednu: D30,5 x V12 cm<br \/>\nBarva: p\u0159\u00edrodn\u00ed<br \/>\nSlo\u017een\u00ed: \u017delezo, sklo<br \/>\nSchv\u00e1leno CE: Ano<br \/>\nVelikost \u017e\u00e1rovky: E14, oby\u010dejn\u00e9 a LED<br \/>\nP\u0159\u00edkon \u017e\u00e1rovky max: 40W \/ LED 5W \/ CFL 9W<br \/>\n\u017d\u00e1rovka nen\u00ed sou\u010d\u00e1st\u00ed dod\u00e1vky.<br \/>\nStropn\u00ed poh\u00e1r: Ano<br \/>\n\u0160\u0148\u016fra: \u010cern\u00e1, 250 cm, plast a tkanina<br \/>\nKov\u00e1n\u00ed: Ano<br \/>\nVenkovn\u00ed pou\u017eit\u00ed: Ne<\/p>","protected":false},"excerpt":{"rendered":"<p>Z\u00e1v\u011bsn\u00e9 sv\u00edtidlo v jednoduch\u00e9m a \u010dist\u00e9m designu v neutr\u00e1ln\u00edch barv\u00e1ch.<\/p>","protected":false},"featured_media":5841,"comment_status":"closed","ping_status":"closed","template":"","meta":{"_acf_changed":false,"_kad_post_transparent":"default","_kad_post_title":"","_kad_post_layout":"default","_kad_post_sidebar_id":"","_kad_post_content_style":"default","_kad_post_vertical_padding":"default","_kad_post_feature":"","_kad_post_feature_position":"","_kad_post_header":false,"_kad_post_footer":false,"_kad_post_classname":""},"pwb-brand":[17],"product_brand":[],"product_cat":[72,114],"product_tag":[1069,116,334,398,206,397,34,117,125],"gyarto":[],"class_list":{"0":"post-6160","1":"product","2":"type-product","3":"status-publish","4":"has-post-thumbnail","6":"pwb-brand-bloomingville","7":"product_cat-lamp","8":"product_cat-pendant-lamp","9":"product_tag-autumn-winter-2024","10":"product_tag-ceiling-lamp","11":"product_tag-new-arrivals","12":"product_tag-nordic-design","13":"product_tag-nordic-furniture","14":"product_tag-nordic-home","15":"product_tag-nordic-interior-design","16":"product_tag-nordic-lamp","17":"product_tag-nordic-living-room","18":"pa_colour-nature","19":"pa_material-metal","21":"first","22":"instock","23":"taxable","24":"shipping-taxable","25":"purchasable","26":"product-type-simple","27":"entry","28":"content-bg","29":"loop-entry"},"acf":[],"brands":[{"id":17,"name":"Bloomingville","slug":"bloomingville"}],"_links":{"self":[{"href":"https:\/\/yournordichome.com\/cs\/wp-json\/wp\/v2\/product\/6160","targetHints":{"allow":["GET"]}}],"collection":[{"href":"https:\/\/yournordichome.com\/cs\/wp-json\/wp\/v2\/product"}],"about":[{"href":"https:\/\/yournordichome.com\/cs\/wp-json\/wp\/v2\/types\/product"}],"replies":[{"embeddable":true,"href":"https:\/\/yournordichome.com\/cs\/wp-json\/wp\/v2\/comments?post=6160"}],"wp:featuredmedia":[{"embeddable":true,"href":"https:\/\/yournordichome.com\/cs\/wp-json\/wp\/v2\/media\/5841"}],"wp:attachment":[{"href":"https:\/\/yournordichome.com\/cs\/wp-json\/wp\/v2\/media?parent=6160"}],"wp:term":[{"taxonomy":"pwb-brand","embeddable":true,"href":"https:\/\/yournordichome.com\/cs\/wp-json\/wp\/v2\/pwb-brand?post=6160"},{"taxonomy":"product_brand","embeddable":true,"href":"https:\/\/yournordichome.com\/cs\/wp-json\/wp\/v2\/product_brand?post=6160"},{"taxonomy":"product_cat","embeddable":true,"href":"https:\/\/yournordichome.com\/cs\/wp-json\/wp\/v2\/product_cat?post=6160"},{"taxonomy":"product_tag","embeddable":true,"href":"https:\/\/yournordichome.com\/cs\/wp-json\/wp\/v2\/product_tag?post=6160"},{"taxonomy":"gyarto","embeddable":true,"href":"https:\/\/yournordichome.com\/cs\/wp-json\/wp\/v2\/gyarto?post=6160"}],"curies":[{"name":"wp","href":"https:\/\/api.w.org\/{rel}","templated":true}]}}