{"id":6154,"date":"2024-07-24T14:47:25","date_gmt":"2024-07-24T14:47:25","guid":{"rendered":"https:\/\/yournordichome.com\/product\/calle-cabinet-with-drawers\/"},"modified":"2026-04-15T07:05:36","modified_gmt":"2026-04-15T07:05:36","slug":"skrinka-calle-se-zasuvkami","status":"publish","type":"product","link":"https:\/\/yournordichome.com\/cs\/product\/calle-cabinet-with-drawers\/","title":{"rendered":"Sk\u0159\u00ed\u0148ka Calle se z\u00e1suvkami"},"content":{"rendered":"<p>Sk\u0159\u00ed\u0148ka Calle se z\u00e1suvkami od Bloomingville MINI m\u00e1 \u00fatuln\u00fd a funk\u010dn\u00ed design, kter\u00fd se hod\u00ed do ka\u017ed\u00e9 m\u00edstnosti. Jej\u00ed z\u00e1suvky jsou oboustrann\u00e9, co\u017e umo\u017e\u0148uje vybrat si mezi zobrazen\u00edm roztomil\u00fdch zv\u00ed\u0159ec\u00edch motiv\u016f, vzor\u016f nebo jednoduchou stranou v barv\u011b d\u0159eva.<\/p>\n<p>Tuto flexibiln\u00ed sk\u0159\u00ed\u0148ku lze um\u00edstit vertik\u00e1ln\u011b i horizont\u00e1ln\u011b, co\u017e nab\u00edz\u00ed nespo\u010det mo\u017enost\u00ed dekorace a umo\u017e\u0148uje p\u0159izp\u016fsobit knihovnu Calle m\u011bn\u00edc\u00edm se pot\u0159eb\u00e1m dom\u00e1cnosti.<\/p>\n<p>Rozm\u011bry v\u00fdrobku: D55xV88,5x\u016025,5 cm<br \/>\nSlo\u017een\u00ed: Paulovnie, MDF, p\u0159ekli\u017eka, borovicov\u00e9 d\u0159evo, \u017eelezo<br \/>\nPovrchov\u00e1 \u00faprava v\u00fdrobku: Barva:<br \/>\nMaxim\u00e1ln\u00ed nosnost: 5 kg na z\u00e1suvku<br \/>\nPokyny pro p\u00e9\u010di: Ot\u0159ete vlhk\u00fdm had\u0159\u00edkem.<br \/>\nP\u0159ed pou\u017eit\u00edm mus\u00ed b\u00fdt sestaven dosp\u011blou osobou.<\/p>","protected":false},"excerpt":{"rendered":"<p>Sk\u0159\u00ed\u0148 do d\u011btsk\u00e9ho pokoje se \u0161esti z\u00e1suvkami. Z\u00e1suvky jsou oboustrann\u00e9 a maj\u00ed r\u016fzn\u00e9 vzory. Sk\u0159\u00ed\u0148ku lze um\u00edstit ve svisl\u00e9 i vodorovn\u00e9 poloze.<\/p>","protected":false},"featured_media":5743,"comment_status":"closed","ping_status":"closed","template":"","meta":{"_acf_changed":false,"_kad_post_transparent":"default","_kad_post_title":"","_kad_post_layout":"default","_kad_post_sidebar_id":"","_kad_post_content_style":"default","_kad_post_vertical_padding":"default","_kad_post_feature":"","_kad_post_feature_position":"","_kad_post_header":false,"_kad_post_footer":false,"_kad_post_classname":""},"pwb-brand":[17],"product_brand":[],"product_cat":[77,47],"product_tag":[1069,148,334,398,206,397],"gyarto":[],"class_list":{"0":"post-6154","1":"product","2":"type-product","3":"status-publish","4":"has-post-thumbnail","6":"pwb-brand-bloomingville","7":"product_cat-childrens-furniture","8":"product_cat-kids","9":"product_tag-autumn-winter-2024","10":"product_tag-kids-room-storage","11":"product_tag-new-arrivals","12":"product_tag-nordic-design","13":"product_tag-nordic-furniture","14":"product_tag-nordic-home","15":"pa_colour-nature","16":"pa_material-paulownia","18":"first","19":"instock","20":"taxable","21":"shipping-taxable","22":"purchasable","23":"product-type-simple","24":"entry","25":"content-bg","26":"loop-entry"},"acf":[],"brands":[{"id":17,"name":"Bloomingville","slug":"bloomingville"}],"_links":{"self":[{"href":"https:\/\/yournordichome.com\/cs\/wp-json\/wp\/v2\/product\/6154","targetHints":{"allow":["GET"]}}],"collection":[{"href":"https:\/\/yournordichome.com\/cs\/wp-json\/wp\/v2\/product"}],"about":[{"href":"https:\/\/yournordichome.com\/cs\/wp-json\/wp\/v2\/types\/product"}],"replies":[{"embeddable":true,"href":"https:\/\/yournordichome.com\/cs\/wp-json\/wp\/v2\/comments?post=6154"}],"wp:featuredmedia":[{"embeddable":true,"href":"https:\/\/yournordichome.com\/cs\/wp-json\/wp\/v2\/media\/5743"}],"wp:attachment":[{"href":"https:\/\/yournordichome.com\/cs\/wp-json\/wp\/v2\/media?parent=6154"}],"wp:term":[{"taxonomy":"pwb-brand","embeddable":true,"href":"https:\/\/yournordichome.com\/cs\/wp-json\/wp\/v2\/pwb-brand?post=6154"},{"taxonomy":"product_brand","embeddable":true,"href":"https:\/\/yournordichome.com\/cs\/wp-json\/wp\/v2\/product_brand?post=6154"},{"taxonomy":"product_cat","embeddable":true,"href":"https:\/\/yournordichome.com\/cs\/wp-json\/wp\/v2\/product_cat?post=6154"},{"taxonomy":"product_tag","embeddable":true,"href":"https:\/\/yournordichome.com\/cs\/wp-json\/wp\/v2\/product_tag?post=6154"},{"taxonomy":"gyarto","embeddable":true,"href":"https:\/\/yournordichome.com\/cs\/wp-json\/wp\/v2\/gyarto?post=6154"}],"curies":[{"name":"wp","href":"https:\/\/api.w.org\/{rel}","templated":true}]}}