{"id":6152,"date":"2024-07-24T14:47:25","date_gmt":"2024-07-24T14:47:25","guid":{"rendered":"https:\/\/yournordichome.com\/product\/jani-floor-lamp-nature-stoneware\/"},"modified":"2025-07-30T16:25:20","modified_gmt":"2025-07-30T16:25:20","slug":"stojaci-lampa-jani-nature-stoneware","status":"publish","type":"product","link":"https:\/\/yournordichome.com\/cs\/product\/jani-floor-lamp-nature-stoneware\/","title":{"rendered":"Stojac\u00ed lampa Jani, P\u0159\u00edroda, kamenina"},"content":{"rendered":"<p>Stojac\u00ed lampa Jani od spole\u010dnosti Bloomingville je elegantn\u00ed stojac\u00ed lampa. Jednoduch\u00e9 st\u00ednidlo je zdobeno svisl\u00fdmi pruhy, kter\u00e9 vytv\u00e1\u0159ej\u00ed kr\u00e1sn\u00fd kontrast k p\u0159\u00edrodn\u00edmu vzhledu podstavce.<\/p>\n<p>Rozm\u011bry v\u00fdrobku: D24xV114 cm<br \/>\nVelikost st\u00ednidla: H65 cm<br \/>\nBarva: p\u0159\u00edrodn\u00ed<br \/>\nSlo\u017een\u00ed: Kamenina, len, \u017eelezo<br \/>\nSchv\u00e1leno CE: Ano<br \/>\nEnergetick\u00e1 t\u0159\u00edda \u017e\u00e1rovky: V\u0161echny t\u0159\u00eddy<br \/>\nVelikost \u017e\u00e1rovky: E27, oby\u010dejn\u00e1 a LED<br \/>\nP\u0159\u00edkon \u017e\u00e1rovky max: 40W \/ LED 5W \/ CFL 9W<br \/>\n\u017d\u00e1rovka nen\u00ed sou\u010d\u00e1st\u00ed dod\u00e1vky.<br \/>\n\u0160\u0148\u016fra: \u010cir\u00e1, plastov\u00e1, 200 cm<br \/>\nVenkovn\u00ed pou\u017eit\u00ed: Ne<br \/>\nNo\u017en\u00ed sp\u00edna\u010d na kabelu.<\/p>","protected":false},"excerpt":{"rendered":"<p>Stojac\u00ed lampa, kter\u00e1 kombinuje modern\u00ed design s n\u00e1dechem p\u0159\u00edrodn\u00edch tvar\u016f. Z\u00e1kladna lampy m\u00e1 organickou strukturu, zat\u00edmco neutr\u00e1ln\u00ed barva poskytuje klidn\u00fd a zemit\u00fd v\u00fdraz.<\/p>","protected":false},"featured_media":5840,"comment_status":"closed","ping_status":"closed","template":"","meta":{"_acf_changed":false,"_kad_post_transparent":"default","_kad_post_title":"","_kad_post_layout":"default","_kad_post_sidebar_id":"","_kad_post_content_style":"default","_kad_post_vertical_padding":"default","_kad_post_feature":"","_kad_post_feature_position":"","_kad_post_header":false,"_kad_post_footer":false,"_kad_post_classname":""},"pwb-brand":[17],"product_brand":[],"product_cat":[176,72],"product_tag":[1069,334,398,206,397,117],"gyarto":[],"class_list":{"0":"post-6152","1":"product","2":"type-product","3":"status-publish","4":"has-post-thumbnail","6":"pwb-brand-bloomingville","7":"product_cat-floor-lamp","8":"product_cat-lamp","9":"product_tag-autumn-winter-2024","10":"product_tag-new-arrivals","11":"product_tag-nordic-design","12":"product_tag-nordic-furniture","13":"product_tag-nordic-home","14":"product_tag-nordic-lamp","15":"pa_colour-nature","16":"pa_material-stoneware","18":"first","19":"instock","20":"taxable","21":"shipping-taxable","22":"purchasable","23":"product-type-simple","24":"entry","25":"content-bg","26":"loop-entry"},"acf":[],"brands":[{"id":17,"name":"Bloomingville","slug":"bloomingville"}],"_links":{"self":[{"href":"https:\/\/yournordichome.com\/cs\/wp-json\/wp\/v2\/product\/6152","targetHints":{"allow":["GET"]}}],"collection":[{"href":"https:\/\/yournordichome.com\/cs\/wp-json\/wp\/v2\/product"}],"about":[{"href":"https:\/\/yournordichome.com\/cs\/wp-json\/wp\/v2\/types\/product"}],"replies":[{"embeddable":true,"href":"https:\/\/yournordichome.com\/cs\/wp-json\/wp\/v2\/comments?post=6152"}],"wp:featuredmedia":[{"embeddable":true,"href":"https:\/\/yournordichome.com\/cs\/wp-json\/wp\/v2\/media\/5840"}],"wp:attachment":[{"href":"https:\/\/yournordichome.com\/cs\/wp-json\/wp\/v2\/media?parent=6152"}],"wp:term":[{"taxonomy":"pwb-brand","embeddable":true,"href":"https:\/\/yournordichome.com\/cs\/wp-json\/wp\/v2\/pwb-brand?post=6152"},{"taxonomy":"product_brand","embeddable":true,"href":"https:\/\/yournordichome.com\/cs\/wp-json\/wp\/v2\/product_brand?post=6152"},{"taxonomy":"product_cat","embeddable":true,"href":"https:\/\/yournordichome.com\/cs\/wp-json\/wp\/v2\/product_cat?post=6152"},{"taxonomy":"product_tag","embeddable":true,"href":"https:\/\/yournordichome.com\/cs\/wp-json\/wp\/v2\/product_tag?post=6152"},{"taxonomy":"gyarto","embeddable":true,"href":"https:\/\/yournordichome.com\/cs\/wp-json\/wp\/v2\/gyarto?post=6152"}],"curies":[{"name":"wp","href":"https:\/\/api.w.org\/{rel}","templated":true}]}}