{"id":6146,"date":"2024-07-24T14:47:25","date_gmt":"2024-07-24T14:47:25","guid":{"rendered":"https:\/\/yournordichome.com\/product\/carter-console-table-black\/"},"modified":"2025-07-30T16:22:53","modified_gmt":"2025-07-30T16:22:53","slug":"konzolovy-stolek-carter-cerny","status":"publish","type":"product","link":"https:\/\/yournordichome.com\/cs\/product\/carter-console-table-black\/","title":{"rendered":"Konzolov\u00fd stolek Carter, \u010dern\u00fd"},"content":{"rendered":"<p>Konzolov\u00fd stolek Carter od spole\u010dnosti Bloomingville je ide\u00e1ln\u00ed pro postaven\u00ed za pohovku, do p\u0159eds\u00edn\u011b nebo jako samostatn\u011b stoj\u00edc\u00ed centr\u00e1ln\u00ed prvek v ob\u00fdvac\u00edm pokoji. Konzolov\u00fd stolek slou\u017e\u00ed jako dekorativn\u00ed prvek i jako funk\u010dn\u00ed plocha pro vystaven\u00ed va\u0161ich obl\u00edben\u00fdch dekorativn\u00edch p\u0159edm\u011bt\u016f.<\/p>\n<p>Rozm\u011bry v\u00fdrobku: Rozm\u011bry: L110xH65xW38,5 cm<br \/>\nBarva: \u010dern\u00e1<br \/>\nSlo\u017een\u00ed: MDF, \u017eelezo<br \/>\nMaxim\u00e1ln\u00ed nosnost: 10 kg<br \/>\nPovrchov\u00e1 \u00faprava v\u00fdrobku: Barva:<br \/>\nPokyny pro p\u00e9\u010di: Ot\u0159ete vlhk\u00fdm had\u0159\u00edkem.<\/p>","protected":false},"excerpt":{"rendered":"<p>Konzolov\u00fd stolek s minimalistick\u00fdm a nad\u010dasov\u00fdm designem. Ov\u00e1ln\u00e1 deska a elegantn\u00ed geometrick\u00e9 nohy tvo\u0159\u00ed stylov\u00fd v\u00fdraz.<\/p>","protected":false},"featured_media":5770,"comment_status":"closed","ping_status":"closed","template":"","meta":{"_acf_changed":false,"_kad_post_transparent":"default","_kad_post_title":"","_kad_post_layout":"default","_kad_post_sidebar_id":"","_kad_post_content_style":"default","_kad_post_vertical_padding":"default","_kad_post_feature":"","_kad_post_feature_position":"","_kad_post_header":false,"_kad_post_footer":false,"_kad_post_classname":""},"pwb-brand":[17],"product_brand":[],"product_cat":[200,157],"product_tag":[1069,285,334,398,206,397,34,396],"gyarto":[],"class_list":{"0":"post-6146","1":"product","2":"type-product","3":"status-publish","4":"has-post-thumbnail","6":"pwb-brand-bloomingville","7":"product_cat-console-table","8":"product_cat-table","9":"product_tag-autumn-winter-2024","10":"product_tag-minimalist-furniture","11":"product_tag-new-arrivals","12":"product_tag-nordic-design","13":"product_tag-nordic-furniture","14":"product_tag-nordic-home","15":"product_tag-nordic-interior-design","16":"product_tag-nordic-style","17":"pa_colour-black","18":"pa_material-mdf","19":"pa_material-metal","21":"first","22":"instock","23":"taxable","24":"shipping-taxable","25":"purchasable","26":"product-type-simple","27":"entry","28":"content-bg","29":"loop-entry"},"acf":[],"brands":[{"id":17,"name":"Bloomingville","slug":"bloomingville"}],"_links":{"self":[{"href":"https:\/\/yournordichome.com\/cs\/wp-json\/wp\/v2\/product\/6146","targetHints":{"allow":["GET"]}}],"collection":[{"href":"https:\/\/yournordichome.com\/cs\/wp-json\/wp\/v2\/product"}],"about":[{"href":"https:\/\/yournordichome.com\/cs\/wp-json\/wp\/v2\/types\/product"}],"replies":[{"embeddable":true,"href":"https:\/\/yournordichome.com\/cs\/wp-json\/wp\/v2\/comments?post=6146"}],"wp:featuredmedia":[{"embeddable":true,"href":"https:\/\/yournordichome.com\/cs\/wp-json\/wp\/v2\/media\/5770"}],"wp:attachment":[{"href":"https:\/\/yournordichome.com\/cs\/wp-json\/wp\/v2\/media?parent=6146"}],"wp:term":[{"taxonomy":"pwb-brand","embeddable":true,"href":"https:\/\/yournordichome.com\/cs\/wp-json\/wp\/v2\/pwb-brand?post=6146"},{"taxonomy":"product_brand","embeddable":true,"href":"https:\/\/yournordichome.com\/cs\/wp-json\/wp\/v2\/product_brand?post=6146"},{"taxonomy":"product_cat","embeddable":true,"href":"https:\/\/yournordichome.com\/cs\/wp-json\/wp\/v2\/product_cat?post=6146"},{"taxonomy":"product_tag","embeddable":true,"href":"https:\/\/yournordichome.com\/cs\/wp-json\/wp\/v2\/product_tag?post=6146"},{"taxonomy":"gyarto","embeddable":true,"href":"https:\/\/yournordichome.com\/cs\/wp-json\/wp\/v2\/gyarto?post=6146"}],"curies":[{"name":"wp","href":"https:\/\/api.w.org\/{rel}","templated":true}]}}