{"id":5506,"date":"2024-05-25T10:36:57","date_gmt":"2024-05-25T10:36:57","guid":{"rendered":"https:\/\/yournordichome.com\/product\/swinging-chair-rattan\/"},"modified":"2025-07-30T16:28:01","modified_gmt":"2025-07-30T16:28:01","slug":"houpaci-kreslo-z-ratanu","status":"publish","type":"product","link":"https:\/\/yournordichome.com\/cs\/product\/swinging-chair-rattan\/","title":{"rendered":"Houpac\u00ed ratanov\u00e9 k\u0159eslo"},"content":{"rendered":"<p>Houpac\u00ed k\u0159eslo Rattan, kter\u00e9 se m\u016f\u017ee st\u00e1t va\u0161\u00edm obl\u00edben\u00fdm m\u00edstem odpo\u010dinku s pohodln\u00fdm pol\u0161t\u00e1\u0159em. Je zav\u011b\u0161eno na siln\u00e9m lan\u011b.<\/p>\n<p>Rozm\u011bry v\u00fdrobku: V117\/L72\/W72 cm<br \/>\nMateri\u00e1l: Ratan<br \/>\nM\u016f\u017ee n\u00e9st a\u017e: 110 kg<\/p>","protected":false},"excerpt":{"rendered":"<p>Houpac\u00ed k\u0159eslo z ratanu s pohodln\u00fdm a prostorn\u00fdm designem.<\/p>","protected":false},"featured_media":5497,"comment_status":"closed","ping_status":"closed","template":"","meta":{"_acf_changed":false,"_kad_post_transparent":"default","_kad_post_title":"","_kad_post_layout":"default","_kad_post_sidebar_id":"","_kad_post_content_style":"default","_kad_post_vertical_padding":"default","_kad_post_feature":"","_kad_post_feature_position":"","_kad_post_header":false,"_kad_post_footer":false,"_kad_post_classname":""},"pwb-brand":[19],"product_brand":[],"product_cat":[94,174],"product_tag":[334,398,397,34,396,33,134],"gyarto":[],"class_list":{"0":"post-5506","1":"product","2":"type-product","3":"status-publish","4":"has-post-thumbnail","6":"pwb-brand-chic-antique","7":"product_cat-furniture","8":"product_cat-garden-furniture","9":"product_tag-new-arrivals","10":"product_tag-nordic-design","11":"product_tag-nordic-home","12":"product_tag-nordic-interior-design","13":"product_tag-nordic-style","14":"product_tag-outdoor-furniture","15":"product_tag-rattan-furniture","16":"pa_colour-nature","17":"pa_material-rattan","19":"first","20":"instock","21":"taxable","22":"shipping-taxable","23":"purchasable","24":"product-type-simple","25":"entry","26":"content-bg","27":"loop-entry"},"acf":[],"brands":[{"id":19,"name":"Chic Antique","slug":"elegantni-starozitnosti"}],"_links":{"self":[{"href":"https:\/\/yournordichome.com\/cs\/wp-json\/wp\/v2\/product\/5506","targetHints":{"allow":["GET"]}}],"collection":[{"href":"https:\/\/yournordichome.com\/cs\/wp-json\/wp\/v2\/product"}],"about":[{"href":"https:\/\/yournordichome.com\/cs\/wp-json\/wp\/v2\/types\/product"}],"replies":[{"embeddable":true,"href":"https:\/\/yournordichome.com\/cs\/wp-json\/wp\/v2\/comments?post=5506"}],"wp:featuredmedia":[{"embeddable":true,"href":"https:\/\/yournordichome.com\/cs\/wp-json\/wp\/v2\/media\/5497"}],"wp:attachment":[{"href":"https:\/\/yournordichome.com\/cs\/wp-json\/wp\/v2\/media?parent=5506"}],"wp:term":[{"taxonomy":"pwb-brand","embeddable":true,"href":"https:\/\/yournordichome.com\/cs\/wp-json\/wp\/v2\/pwb-brand?post=5506"},{"taxonomy":"product_brand","embeddable":true,"href":"https:\/\/yournordichome.com\/cs\/wp-json\/wp\/v2\/product_brand?post=5506"},{"taxonomy":"product_cat","embeddable":true,"href":"https:\/\/yournordichome.com\/cs\/wp-json\/wp\/v2\/product_cat?post=5506"},{"taxonomy":"product_tag","embeddable":true,"href":"https:\/\/yournordichome.com\/cs\/wp-json\/wp\/v2\/product_tag?post=5506"},{"taxonomy":"gyarto","embeddable":true,"href":"https:\/\/yournordichome.com\/cs\/wp-json\/wp\/v2\/gyarto?post=5506"}],"curies":[{"name":"wp","href":"https:\/\/api.w.org\/{rel}","templated":true}]}}