{"id":5112,"date":"2024-01-25T17:53:27","date_gmt":"2024-01-25T17:53:27","guid":{"rendered":"https:\/\/yournordichome.com\/product\/factory-pendant-lamp-o32\/"},"modified":"2026-01-30T16:55:09","modified_gmt":"2026-01-30T16:55:09","slug":"tovarni-zavesne-svitidlo-o32","status":"publish","type":"product","link":"https:\/\/yournordichome.com\/cs\/product\/factory-pendant-lamp-o32\/","title":{"rendered":"Tov\u00e1rn\u00ed z\u00e1v\u011bsn\u00e9 sv\u00edtidlo \u00d832"},"content":{"rendered":"<p><strong>Tov\u00e1rn\u00ed z\u00e1v\u011bsn\u00e9 sv\u00edtidlo<\/strong> by Chic Antique, kter\u00e9 vypad\u00e1 skv\u011ble zav\u011b\u0161en\u00e9 nad j\u00eddeln\u00edm stolem nebo pro c\u00edlen\u00e9 osv\u011btlen\u00ed prostoru v ob\u00fdvac\u00edm pokoji \u010di lo\u017enici.<\/p>\n<p>Lampa je sou\u010d\u00e1st\u00ed kolekce Factory, kter\u00e1 je zn\u00e1m\u00e1 sv\u00fdm industri\u00e1ln\u00edm vzhledem s tmav\u00fdmi t\u00f3ny a jasn\u00fdmi liniemi. Tento styl m\u00e1 charakteristick\u00fd vzhled d\u00edky pou\u017eit\u00ed kovu, kter\u00fd vytv\u00e1\u0159\u00ed syrov\u00fd a rustik\u00e1ln\u00ed v\u00fdraz a tov\u00e1rn\u00ed dojem.<\/p>\n<p>P\u0159edm\u011bty z kolekce Factory se navz\u00e1jem kr\u00e1sn\u011b dopl\u0148uj\u00ed, ale lze je kombinovat i s klasick\u00fdm seversk\u00fdm stylem.<\/p>\n<p>Rozm\u011bry v\u00fdrobku: V40\/D32 cm<br \/>\nMateri\u00e1l: kov<br \/>\nZ\u00e1suvka: E27, max. 60W<br \/>\nDr\u00e1t: 150 cm, v\u010detn\u011b stropn\u00ed rozety<\/p>","protected":false},"excerpt":{"rendered":"<p>\u010cern\u00e1 kovov\u00e1 stropn\u00ed lampa v industri\u00e1ln\u00edm stylu s opot\u0159ebovan\u00fdm vzhledem.<\/p>","protected":false},"featured_media":5101,"comment_status":"closed","ping_status":"closed","template":"","meta":{"_acf_changed":false,"_kad_post_transparent":"default","_kad_post_title":"","_kad_post_layout":"default","_kad_post_sidebar_id":"","_kad_post_content_style":"default","_kad_post_vertical_padding":"default","_kad_post_feature":"","_kad_post_feature_position":"","_kad_post_header":false,"_kad_post_footer":false,"_kad_post_classname":""},"pwb-brand":[19],"product_brand":[],"product_cat":[72,114],"product_tag":[177,334,398,397,34,117,396,1059],"gyarto":[],"class_list":{"0":"post-5112","1":"product","2":"type-product","3":"status-publish","4":"has-post-thumbnail","6":"pwb-brand-chic-antique","7":"product_cat-lamp","8":"product_cat-pendant-lamp","9":"product_tag-industrial-style","10":"product_tag-new-arrivals","11":"product_tag-nordic-design","12":"product_tag-nordic-home","13":"product_tag-nordic-interior-design","14":"product_tag-nordic-lamp","15":"product_tag-nordic-style","16":"product_tag-spring-summer-2024","17":"pa_colour-antique-black","18":"pa_material-metal","20":"first","21":"instock","22":"taxable","23":"shipping-taxable","24":"purchasable","25":"product-type-simple","26":"entry","27":"content-bg","28":"loop-entry"},"acf":[],"brands":[{"id":19,"name":"Chic Antique","slug":"elegantni-starozitnosti"}],"_links":{"self":[{"href":"https:\/\/yournordichome.com\/cs\/wp-json\/wp\/v2\/product\/5112","targetHints":{"allow":["GET"]}}],"collection":[{"href":"https:\/\/yournordichome.com\/cs\/wp-json\/wp\/v2\/product"}],"about":[{"href":"https:\/\/yournordichome.com\/cs\/wp-json\/wp\/v2\/types\/product"}],"replies":[{"embeddable":true,"href":"https:\/\/yournordichome.com\/cs\/wp-json\/wp\/v2\/comments?post=5112"}],"wp:featuredmedia":[{"embeddable":true,"href":"https:\/\/yournordichome.com\/cs\/wp-json\/wp\/v2\/media\/5101"}],"wp:attachment":[{"href":"https:\/\/yournordichome.com\/cs\/wp-json\/wp\/v2\/media?parent=5112"}],"wp:term":[{"taxonomy":"pwb-brand","embeddable":true,"href":"https:\/\/yournordichome.com\/cs\/wp-json\/wp\/v2\/pwb-brand?post=5112"},{"taxonomy":"product_brand","embeddable":true,"href":"https:\/\/yournordichome.com\/cs\/wp-json\/wp\/v2\/product_brand?post=5112"},{"taxonomy":"product_cat","embeddable":true,"href":"https:\/\/yournordichome.com\/cs\/wp-json\/wp\/v2\/product_cat?post=5112"},{"taxonomy":"product_tag","embeddable":true,"href":"https:\/\/yournordichome.com\/cs\/wp-json\/wp\/v2\/product_tag?post=5112"},{"taxonomy":"gyarto","embeddable":true,"href":"https:\/\/yournordichome.com\/cs\/wp-json\/wp\/v2\/gyarto?post=5112"}],"curies":[{"name":"wp","href":"https:\/\/api.w.org\/{rel}","templated":true}]}}