{"id":5099,"date":"2024-01-23T17:02:27","date_gmt":"2024-01-23T17:02:27","guid":{"rendered":"https:\/\/yournordichome.com\/product\/floor-lamp-gingko-leaves-pattern\/"},"modified":"2025-08-12T15:15:33","modified_gmt":"2025-08-12T15:15:33","slug":"stojaci-lampa-se-vzorem-listu-gingko","status":"publish","type":"product","link":"https:\/\/yournordichome.com\/cs\/product\/floor-lamp-gingko-leaves-pattern\/","title":{"rendered":"Stojac\u00ed lampa Vzor list\u016f jinanu dvoulalo\u010dn\u00e9ho"},"content":{"rendered":"<p><strong>Stojac\u00ed lampa se vzorem list\u016f Gingko<\/strong> od Chic Antique. Lampa je ru\u010dn\u011b vyrobena z kovu s \u00fa\u017easnou povrchovou \u00fapravou ze staromosazi, kter\u00e1 podtrhuje jej\u00ed eleganci a lesk.<\/p>\n<p>Rozm\u011bry v\u00fdrobku: V161\/L62\/W39 cm<br \/>\nMateri\u00e1l: Kov<br \/>\nZ\u00e1suvka: E27, max. 40W<br \/>\nDr\u00e1t: 300 cm<\/p>","protected":false},"excerpt":{"rendered":"<p>Ozdobte a osv\u011btlete m\u00edstnost touto speci\u00e1ln\u00ed stojac\u00ed lampou! Listy jinanu stoj\u00ed na vinut\u00e9m stonku a vytv\u00e1\u0159ej\u00ed v m\u00edstnosti fascinuj\u00edc\u00ed atmosf\u00e9ru - po zapnut\u00ed vrh\u00e1 atmosf\u00e9rick\u00e9 sv\u011btlo.<\/p>","protected":false},"featured_media":5078,"comment_status":"closed","ping_status":"closed","template":"","meta":{"_acf_changed":false,"_kad_post_transparent":"default","_kad_post_title":"","_kad_post_layout":"default","_kad_post_sidebar_id":"","_kad_post_content_style":"default","_kad_post_vertical_padding":"default","_kad_post_feature":"","_kad_post_feature_position":"","_kad_post_header":false,"_kad_post_footer":false,"_kad_post_classname":""},"pwb-brand":[19],"product_brand":[],"product_cat":[176,72],"product_tag":[334,398,397,34,117,396,1059],"gyarto":[],"class_list":{"0":"post-5099","1":"product","2":"type-product","3":"status-publish","4":"has-post-thumbnail","6":"pwb-brand-chic-antique","7":"product_cat-floor-lamp","8":"product_cat-lamp","9":"product_tag-new-arrivals","10":"product_tag-nordic-design","11":"product_tag-nordic-home","12":"product_tag-nordic-interior-design","13":"product_tag-nordic-lamp","14":"product_tag-nordic-style","15":"product_tag-spring-summer-2024","16":"pa_colour-antique-brass","17":"pa_material-metal","19":"first","20":"outofstock","21":"taxable","22":"shipping-taxable","23":"purchasable","24":"product-type-simple","25":"entry","26":"content-bg","27":"loop-entry"},"acf":[],"brands":[{"id":19,"name":"Chic Antique","slug":"elegantni-starozitnosti"}],"_links":{"self":[{"href":"https:\/\/yournordichome.com\/cs\/wp-json\/wp\/v2\/product\/5099","targetHints":{"allow":["GET"]}}],"collection":[{"href":"https:\/\/yournordichome.com\/cs\/wp-json\/wp\/v2\/product"}],"about":[{"href":"https:\/\/yournordichome.com\/cs\/wp-json\/wp\/v2\/types\/product"}],"replies":[{"embeddable":true,"href":"https:\/\/yournordichome.com\/cs\/wp-json\/wp\/v2\/comments?post=5099"}],"wp:featuredmedia":[{"embeddable":true,"href":"https:\/\/yournordichome.com\/cs\/wp-json\/wp\/v2\/media\/5078"}],"wp:attachment":[{"href":"https:\/\/yournordichome.com\/cs\/wp-json\/wp\/v2\/media?parent=5099"}],"wp:term":[{"taxonomy":"pwb-brand","embeddable":true,"href":"https:\/\/yournordichome.com\/cs\/wp-json\/wp\/v2\/pwb-brand?post=5099"},{"taxonomy":"product_brand","embeddable":true,"href":"https:\/\/yournordichome.com\/cs\/wp-json\/wp\/v2\/product_brand?post=5099"},{"taxonomy":"product_cat","embeddable":true,"href":"https:\/\/yournordichome.com\/cs\/wp-json\/wp\/v2\/product_cat?post=5099"},{"taxonomy":"product_tag","embeddable":true,"href":"https:\/\/yournordichome.com\/cs\/wp-json\/wp\/v2\/product_tag?post=5099"},{"taxonomy":"gyarto","embeddable":true,"href":"https:\/\/yournordichome.com\/cs\/wp-json\/wp\/v2\/gyarto?post=5099"}],"curies":[{"name":"wp","href":"https:\/\/api.w.org\/{rel}","templated":true}]}}