{"id":5098,"date":"2024-01-23T17:02:27","date_gmt":"2024-01-23T17:02:27","guid":{"rendered":"https:\/\/yournordichome.com\/product\/floor-lamp-in-natural-wicker\/"},"modified":"2026-04-15T07:20:05","modified_gmt":"2026-04-15T07:20:05","slug":"stojaci-lampa-z-prirodniho-prouti","status":"publish","type":"product","link":"https:\/\/yournordichome.com\/cs\/product\/floor-lamp-in-natural-wicker\/","title":{"rendered":"Stojac\u00ed lampa z p\u0159\u00edrodn\u00edho prout\u00ed"},"content":{"rendered":"<p><strong>Stojac\u00ed lampa z p\u0159\u00edrodn\u00edho prout\u00ed<\/strong> od Chic Antique. M\u016f\u017ee b\u00fdt dekorativn\u00edm dopl\u0148kem va\u0161eho domova, kter\u00fd po zapnut\u00ed vnese do m\u00edstnosti h\u0159ejiv\u00e9 sv\u011btlo. Um\u00edst\u011bte ji do tmav\u00e9ho koutu a je\u0161t\u011b v\u00edce si p\u0159ibl\u00ed\u017e\u00edte atmosf\u00e9ru hygge!<\/p>\n<p>Rozm\u011bry v\u00fdrobku: V127\/D28 cm<br \/>\nMateri\u00e1l: Materi\u00e1l: rafie, kov<br \/>\nZ\u00e1suvka: E27<br \/>\nDr\u00e1t: 150 cm<\/p>","protected":false},"excerpt":{"rendered":"<p>Stojac\u00ed lampa z p\u0159\u00edrodn\u00ed rafie, zdoben\u00e1 jemn\u00fdm vzorem. D\u00edky speci\u00e1ln\u00edmu tkan\u00ed je p\u0159\u00edjemn\u00fdm zdrojem sv\u011btla.<\/p>","protected":false},"featured_media":5084,"comment_status":"closed","ping_status":"closed","template":"","meta":{"_acf_changed":false,"_kad_post_transparent":"default","_kad_post_title":"","_kad_post_layout":"default","_kad_post_sidebar_id":"","_kad_post_content_style":"default","_kad_post_vertical_padding":"default","_kad_post_feature":"","_kad_post_feature_position":"","_kad_post_header":false,"_kad_post_footer":false,"_kad_post_classname":""},"pwb-brand":[19],"product_brand":[],"product_cat":[176,72],"product_tag":[334,398,397,34,117,396,1059],"gyarto":[],"class_list":{"0":"post-5098","1":"product","2":"type-product","3":"status-publish","4":"has-post-thumbnail","6":"pwb-brand-chic-antique","7":"product_cat-floor-lamp","8":"product_cat-lamp","9":"product_tag-new-arrivals","10":"product_tag-nordic-design","11":"product_tag-nordic-home","12":"product_tag-nordic-interior-design","13":"product_tag-nordic-lamp","14":"product_tag-nordic-style","15":"product_tag-spring-summer-2024","16":"pa_colour-nature","17":"pa_material-metal","18":"pa_material-raffia","20":"first","21":"outofstock","22":"taxable","23":"shipping-taxable","24":"purchasable","25":"product-type-simple","26":"entry","27":"content-bg","28":"loop-entry"},"acf":[],"brands":[{"id":19,"name":"Chic Antique","slug":"elegantni-starozitnosti"}],"_links":{"self":[{"href":"https:\/\/yournordichome.com\/cs\/wp-json\/wp\/v2\/product\/5098","targetHints":{"allow":["GET"]}}],"collection":[{"href":"https:\/\/yournordichome.com\/cs\/wp-json\/wp\/v2\/product"}],"about":[{"href":"https:\/\/yournordichome.com\/cs\/wp-json\/wp\/v2\/types\/product"}],"replies":[{"embeddable":true,"href":"https:\/\/yournordichome.com\/cs\/wp-json\/wp\/v2\/comments?post=5098"}],"wp:featuredmedia":[{"embeddable":true,"href":"https:\/\/yournordichome.com\/cs\/wp-json\/wp\/v2\/media\/5084"}],"wp:attachment":[{"href":"https:\/\/yournordichome.com\/cs\/wp-json\/wp\/v2\/media?parent=5098"}],"wp:term":[{"taxonomy":"pwb-brand","embeddable":true,"href":"https:\/\/yournordichome.com\/cs\/wp-json\/wp\/v2\/pwb-brand?post=5098"},{"taxonomy":"product_brand","embeddable":true,"href":"https:\/\/yournordichome.com\/cs\/wp-json\/wp\/v2\/product_brand?post=5098"},{"taxonomy":"product_cat","embeddable":true,"href":"https:\/\/yournordichome.com\/cs\/wp-json\/wp\/v2\/product_cat?post=5098"},{"taxonomy":"product_tag","embeddable":true,"href":"https:\/\/yournordichome.com\/cs\/wp-json\/wp\/v2\/product_tag?post=5098"},{"taxonomy":"gyarto","embeddable":true,"href":"https:\/\/yournordichome.com\/cs\/wp-json\/wp\/v2\/gyarto?post=5098"}],"curies":[{"name":"wp","href":"https:\/\/api.w.org\/{rel}","templated":true}]}}