{"id":5035,"date":"2024-01-21T10:27:16","date_gmt":"2024-01-21T10:27:16","guid":{"rendered":"https:\/\/yournordichome.com\/product\/black-metal-wall-shelf\/"},"modified":"2025-05-23T10:13:21","modified_gmt":"2025-05-23T10:13:21","slug":"cerna-kovova-nastenna-police","status":"publish","type":"product","link":"https:\/\/yournordichome.com\/cs\/product\/black-metal-wall-shelf\/","title":{"rendered":"\u010cern\u00e1 kovov\u00e1 n\u00e1st\u011bnn\u00e1 police"},"content":{"rendered":"<p><strong>\u010cern\u00e1 kovov\u00e1 n\u00e1st\u011bnn\u00e1 police<\/strong> se surov\u00fdm a rustik\u00e1ln\u00edm vzhledem od Chic Antique. Pou\u017eijte ji v koupeln\u011b nebo v kuchyni pro chytr\u00e9 skladov\u00e1n\u00ed.<\/p>\n<p>Rozm\u011bry v\u00fdrobku: V66\/L37\/W20,5 cm, rozm\u011bry: V66\/L37\/W20,5 cm<br \/>\nMateri\u00e1l: Materi\u00e1l: kov, jedlov\u00e9 d\u0159evo<\/p>","protected":false},"excerpt":{"rendered":"<p>Ru\u010dn\u011b vyroben\u00e1 police v jednoduch\u00e9m, ale kr\u00e1sn\u00e9m designu. Police m\u00e1 opot\u0159ebovan\u00fd \u010dern\u00fd kovov\u00fd r\u00e1m a t\u0159i borovicov\u00e9 police. Ve spodn\u00ed \u010d\u00e1sti najdete kovovou p\u0159\u00ed\u010dku, na kterou m\u016f\u017eete zav\u011bsit ru\u010dn\u00edk nebo um\u00edstit h\u00e1\u010dky pro praktick\u00e9 ulo\u017een\u00ed.<\/p>","protected":false},"featured_media":5002,"comment_status":"closed","ping_status":"closed","template":"","meta":{"_acf_changed":false,"_kad_post_transparent":"default","_kad_post_title":"","_kad_post_layout":"default","_kad_post_sidebar_id":"","_kad_post_content_style":"default","_kad_post_vertical_padding":"default","_kad_post_feature":"","_kad_post_feature_position":"","_kad_post_header":false,"_kad_post_footer":false,"_kad_post_classname":""},"pwb-brand":[19],"product_brand":[],"product_cat":[94,167],"product_tag":[334,398,397,34,396,136,1059],"gyarto":[],"class_list":{"0":"post-5035","1":"product","2":"type-product","3":"status-publish","4":"has-post-thumbnail","6":"pwb-brand-chic-antique","7":"product_cat-furniture","8":"product_cat-wall-shelf","9":"product_tag-new-arrivals","10":"product_tag-nordic-design","11":"product_tag-nordic-home","12":"product_tag-nordic-interior-design","13":"product_tag-nordic-style","14":"product_tag-shelves","15":"product_tag-spring-summer-2024","16":"pa_colour-antique-black","17":"pa_material-firwood","18":"pa_material-metal","20":"first","21":"outofstock","22":"taxable","23":"shipping-taxable","24":"purchasable","25":"product-type-simple","26":"entry","27":"content-bg","28":"loop-entry"},"acf":[],"brands":[{"id":19,"name":"Chic Antique","slug":"elegantni-starozitnosti"}],"_links":{"self":[{"href":"https:\/\/yournordichome.com\/cs\/wp-json\/wp\/v2\/product\/5035","targetHints":{"allow":["GET"]}}],"collection":[{"href":"https:\/\/yournordichome.com\/cs\/wp-json\/wp\/v2\/product"}],"about":[{"href":"https:\/\/yournordichome.com\/cs\/wp-json\/wp\/v2\/types\/product"}],"replies":[{"embeddable":true,"href":"https:\/\/yournordichome.com\/cs\/wp-json\/wp\/v2\/comments?post=5035"}],"wp:featuredmedia":[{"embeddable":true,"href":"https:\/\/yournordichome.com\/cs\/wp-json\/wp\/v2\/media\/5002"}],"wp:attachment":[{"href":"https:\/\/yournordichome.com\/cs\/wp-json\/wp\/v2\/media?parent=5035"}],"wp:term":[{"taxonomy":"pwb-brand","embeddable":true,"href":"https:\/\/yournordichome.com\/cs\/wp-json\/wp\/v2\/pwb-brand?post=5035"},{"taxonomy":"product_brand","embeddable":true,"href":"https:\/\/yournordichome.com\/cs\/wp-json\/wp\/v2\/product_brand?post=5035"},{"taxonomy":"product_cat","embeddable":true,"href":"https:\/\/yournordichome.com\/cs\/wp-json\/wp\/v2\/product_cat?post=5035"},{"taxonomy":"product_tag","embeddable":true,"href":"https:\/\/yournordichome.com\/cs\/wp-json\/wp\/v2\/product_tag?post=5035"},{"taxonomy":"gyarto","embeddable":true,"href":"https:\/\/yournordichome.com\/cs\/wp-json\/wp\/v2\/gyarto?post=5035"}],"curies":[{"name":"wp","href":"https:\/\/api.w.org\/{rel}","templated":true}]}}