{"id":4990,"date":"2024-01-18T18:25:26","date_gmt":"2024-01-18T18:25:26","guid":{"rendered":"https:\/\/yournordichome.com\/product\/shelf-with-2-drawers\/"},"modified":"2025-06-05T13:47:45","modified_gmt":"2025-06-05T13:47:45","slug":"police-se-2-zasuvkami","status":"publish","type":"product","link":"https:\/\/yournordichome.com\/cs\/product\/shelf-with-2-drawers\/","title":{"rendered":"Police se 2 z\u00e1suvkami"},"content":{"rendered":"<p><strong>Police se 2 z\u00e1suvkami<\/strong> a t\u0159i v\u011b\u0161\u00e1ky Chic Antique. Naho\u0159e m\u00e1 poli\u010dku, dv\u011b mal\u00e9 z\u00e1suvky, nahoru otev\u00edratelnou sk\u0159\u00ed\u0148ku se s\u00ed\u0165ovan\u00fdm \u010delem a nakonec t\u0159i h\u00e1\u010dky.<\/p>\n<p>Rozm\u011bry v\u00fdrobku: V34\/L70\/W16,5 cm<br \/>\nMateri\u00e1l: Jedlov\u00e9 d\u0159evo, p\u0159ekli\u017eka, kov<\/p>","protected":false},"excerpt":{"rendered":"<p>Police s univerz\u00e1ln\u00edmi \u00falo\u017en\u00fdmi mo\u017enostmi pro va\u0161i dom\u00e1c\u00ed kancel\u00e1\u0159, p\u0159eds\u00ed\u0148 nebo kuchy\u0148. Police je ru\u010dn\u011b vyrobena z masivn\u00edho jedlov\u00e9ho d\u0159eva se staro\u017eitn\u011b \u010dern\u00fdmi \u017eelezn\u00fdmi detaily, kter\u00e9 vytv\u00e1\u0159ej\u00ed \u00fa\u017easn\u00fd kontrast k teple t\u00f3novan\u00e9mu d\u0159evu a dod\u00e1vaj\u00ed polici syrov\u00fd n\u00e1dech.<\/p>","protected":false},"featured_media":4976,"comment_status":"closed","ping_status":"closed","template":"","meta":{"_acf_changed":false,"_kad_post_transparent":"default","_kad_post_title":"","_kad_post_layout":"default","_kad_post_sidebar_id":"","_kad_post_content_style":"default","_kad_post_vertical_padding":"default","_kad_post_feature":"","_kad_post_feature_position":"","_kad_post_header":false,"_kad_post_footer":false,"_kad_post_classname":""},"pwb-brand":[19],"product_brand":[],"product_cat":[94,167],"product_tag":[334,398,397,34,396,136,1059],"gyarto":[],"class_list":{"0":"post-4990","1":"product","2":"type-product","3":"status-publish","4":"has-post-thumbnail","6":"pwb-brand-chic-antique","7":"product_cat-furniture","8":"product_cat-wall-shelf","9":"product_tag-new-arrivals","10":"product_tag-nordic-design","11":"product_tag-nordic-home","12":"product_tag-nordic-interior-design","13":"product_tag-nordic-style","14":"product_tag-shelves","15":"product_tag-spring-summer-2024","16":"pa_colour-nature","17":"pa_material-firwoodmetal","19":"first","20":"outofstock","21":"taxable","22":"shipping-taxable","23":"purchasable","24":"product-type-simple","25":"entry","26":"content-bg","27":"loop-entry"},"acf":[],"brands":[{"id":19,"name":"Chic Antique","slug":"elegantni-starozitnosti"}],"_links":{"self":[{"href":"https:\/\/yournordichome.com\/cs\/wp-json\/wp\/v2\/product\/4990","targetHints":{"allow":["GET"]}}],"collection":[{"href":"https:\/\/yournordichome.com\/cs\/wp-json\/wp\/v2\/product"}],"about":[{"href":"https:\/\/yournordichome.com\/cs\/wp-json\/wp\/v2\/types\/product"}],"replies":[{"embeddable":true,"href":"https:\/\/yournordichome.com\/cs\/wp-json\/wp\/v2\/comments?post=4990"}],"wp:featuredmedia":[{"embeddable":true,"href":"https:\/\/yournordichome.com\/cs\/wp-json\/wp\/v2\/media\/4976"}],"wp:attachment":[{"href":"https:\/\/yournordichome.com\/cs\/wp-json\/wp\/v2\/media?parent=4990"}],"wp:term":[{"taxonomy":"pwb-brand","embeddable":true,"href":"https:\/\/yournordichome.com\/cs\/wp-json\/wp\/v2\/pwb-brand?post=4990"},{"taxonomy":"product_brand","embeddable":true,"href":"https:\/\/yournordichome.com\/cs\/wp-json\/wp\/v2\/product_brand?post=4990"},{"taxonomy":"product_cat","embeddable":true,"href":"https:\/\/yournordichome.com\/cs\/wp-json\/wp\/v2\/product_cat?post=4990"},{"taxonomy":"product_tag","embeddable":true,"href":"https:\/\/yournordichome.com\/cs\/wp-json\/wp\/v2\/product_tag?post=4990"},{"taxonomy":"gyarto","embeddable":true,"href":"https:\/\/yournordichome.com\/cs\/wp-json\/wp\/v2\/gyarto?post=4990"}],"curies":[{"name":"wp","href":"https:\/\/api.w.org\/{rel}","templated":true}]}}