{"id":4966,"date":"2024-01-17T19:31:21","date_gmt":"2024-01-17T19:31:21","guid":{"rendered":"https:\/\/yournordichome.com\/product\/storage-unit-with-2-shelves\/"},"modified":"2025-07-30T16:31:14","modified_gmt":"2025-07-30T16:31:14","slug":"ulozna-jednotka-se-2-policemi","status":"publish","type":"product","link":"https:\/\/yournordichome.com\/cs\/product\/storage-unit-with-2-shelves\/","title":{"rendered":"\u00dalo\u017en\u00e1 jednotka se 2 policemi"},"content":{"rendered":"<p><strong>\u00dalo\u017en\u00e1 jednotka se 2 policemi<\/strong> s \u010dern\u00fdm kovov\u00fdm r\u00e1mem od Chic Antiqe. Praktick\u00fd a dekorativn\u00ed mal\u00fd n\u00e1bytek.<\/p>\n<p>Rozm\u011bry v\u00fdrobku: V65\/L49\/W36 cm<br \/>\nMateri\u00e1l: Jedlov\u00e9 d\u0159evo, kov, MDF, sklo<\/p>","protected":false},"excerpt":{"rendered":"<p>Mal\u00e1 sk\u0159\u00ed\u0148ka s \u010dern\u00fdm krajkov\u00fdm r\u00e1mem a policemi z jedlov\u00e9ho d\u0159eva v p\u0159\u00edrodn\u00edm sv\u011btl\u00e9m odst\u00ednu. Drobn\u00fd kus n\u00e1bytku je zdoben speci\u00e1ln\u00edm krajkov\u00fdm kovov\u00fdm vzorem, jeho dv\u011b police lze prakticky vyu\u017e\u00edt k ukl\u00e1d\u00e1n\u00ed a lze jej uzav\u0159\u00edt sklen\u011bn\u00fdmi dv\u00ed\u0159ky.<\/p>","protected":false},"featured_media":4958,"comment_status":"closed","ping_status":"closed","template":"","meta":{"_acf_changed":false,"_kad_post_transparent":"default","_kad_post_title":"","_kad_post_layout":"default","_kad_post_sidebar_id":"","_kad_post_content_style":"default","_kad_post_vertical_padding":"default","_kad_post_feature":"","_kad_post_feature_position":"","_kad_post_header":false,"_kad_post_footer":false,"_kad_post_classname":""},"pwb-brand":[19],"product_brand":[],"product_cat":[94,95],"product_tag":[334,398,397,34,396,1059],"gyarto":[],"class_list":{"0":"post-4966","1":"product","2":"type-product","3":"status-publish","4":"has-post-thumbnail","6":"pwb-brand-chic-antique","7":"product_cat-furniture","8":"product_cat-storage-unit","9":"product_tag-new-arrivals","10":"product_tag-nordic-design","11":"product_tag-nordic-home","12":"product_tag-nordic-interior-design","13":"product_tag-nordic-style","14":"product_tag-spring-summer-2024","15":"pa_colour-antique-black","16":"pa_material-firwoodmetal","17":"pa_material-glass","19":"first","20":"instock","21":"taxable","22":"shipping-taxable","23":"purchasable","24":"product-type-simple","25":"entry","26":"content-bg","27":"loop-entry"},"acf":[],"brands":[{"id":19,"name":"Chic Antique","slug":"elegantni-starozitnosti"}],"_links":{"self":[{"href":"https:\/\/yournordichome.com\/cs\/wp-json\/wp\/v2\/product\/4966","targetHints":{"allow":["GET"]}}],"collection":[{"href":"https:\/\/yournordichome.com\/cs\/wp-json\/wp\/v2\/product"}],"about":[{"href":"https:\/\/yournordichome.com\/cs\/wp-json\/wp\/v2\/types\/product"}],"replies":[{"embeddable":true,"href":"https:\/\/yournordichome.com\/cs\/wp-json\/wp\/v2\/comments?post=4966"}],"wp:featuredmedia":[{"embeddable":true,"href":"https:\/\/yournordichome.com\/cs\/wp-json\/wp\/v2\/media\/4958"}],"wp:attachment":[{"href":"https:\/\/yournordichome.com\/cs\/wp-json\/wp\/v2\/media?parent=4966"}],"wp:term":[{"taxonomy":"pwb-brand","embeddable":true,"href":"https:\/\/yournordichome.com\/cs\/wp-json\/wp\/v2\/pwb-brand?post=4966"},{"taxonomy":"product_brand","embeddable":true,"href":"https:\/\/yournordichome.com\/cs\/wp-json\/wp\/v2\/product_brand?post=4966"},{"taxonomy":"product_cat","embeddable":true,"href":"https:\/\/yournordichome.com\/cs\/wp-json\/wp\/v2\/product_cat?post=4966"},{"taxonomy":"product_tag","embeddable":true,"href":"https:\/\/yournordichome.com\/cs\/wp-json\/wp\/v2\/product_tag?post=4966"},{"taxonomy":"gyarto","embeddable":true,"href":"https:\/\/yournordichome.com\/cs\/wp-json\/wp\/v2\/gyarto?post=4966"}],"curies":[{"name":"wp","href":"https:\/\/api.w.org\/{rel}","templated":true}]}}