{"id":4772,"date":"2024-01-12T18:22:10","date_gmt":"2024-01-12T18:22:10","guid":{"rendered":"https:\/\/yournordichome.com\/product\/lounge-chair-w-wicker-seat\/"},"modified":"2025-07-30T16:36:24","modified_gmt":"2025-07-30T16:36:24","slug":"lounge-kreslo-s-proutenym-sedakem","status":"publish","type":"product","link":"https:\/\/yournordichome.com\/cs\/product\/lounge-chair-w-wicker-seat\/","title":{"rendered":"Lounge Chair w prout\u011bn\u00e9 sedadlo"},"content":{"rendered":"<p>Lounge Chair od Chic Antique s opot\u0159ebovan\u00fdm vintage vzhledem.<\/p>\n<p>Rozm\u011bry v\u00fdrobku: V78,5 \/ D60 \/ \u016062 cm<br \/>\nMateri\u00e1l: Materi\u00e1l: kau\u010dukov\u00e9 d\u0159evo, ratan<\/p>","protected":false},"excerpt":{"rendered":"<p>Lounge k\u0159eslo s pohodln\u00fdm sed\u00e1kem a op\u011bradlem z ratanu. P\u0159\u00edrodn\u00ed d\u0159ev\u011bn\u00fd r\u00e1m z n\u011bj d\u011bl\u00e1 kus p\u0159\u00edrody.<\/p>","protected":false},"featured_media":4764,"comment_status":"closed","ping_status":"closed","template":"","meta":{"_acf_changed":false,"_kad_post_transparent":"default","_kad_post_title":"","_kad_post_layout":"default","_kad_post_sidebar_id":"","_kad_post_content_style":"default","_kad_post_vertical_padding":"default","_kad_post_feature":"","_kad_post_feature_position":"","_kad_post_header":false,"_kad_post_footer":false,"_kad_post_classname":""},"pwb-brand":[19],"product_brand":[],"product_cat":[152,153],"product_tag":[154,334,398,397,34,396,134,1059],"gyarto":[],"class_list":{"0":"post-4772","1":"product","2":"type-product","3":"status-publish","4":"has-post-thumbnail","6":"pwb-brand-chic-antique","7":"product_cat-chair","8":"product_cat-lounge-chair","9":"product_tag-armchair","10":"product_tag-new-arrivals","11":"product_tag-nordic-design","12":"product_tag-nordic-home","13":"product_tag-nordic-interior-design","14":"product_tag-nordic-style","15":"product_tag-rattan-furniture","16":"product_tag-spring-summer-2024","17":"pa_colour-nature","18":"pa_material-rattan","19":"pa_material-rubberwood","21":"first","22":"instock","23":"taxable","24":"shipping-taxable","25":"purchasable","26":"product-type-simple","27":"entry","28":"content-bg","29":"loop-entry"},"acf":[],"brands":[{"id":19,"name":"Chic Antique","slug":"elegantni-starozitnosti"}],"_links":{"self":[{"href":"https:\/\/yournordichome.com\/cs\/wp-json\/wp\/v2\/product\/4772","targetHints":{"allow":["GET"]}}],"collection":[{"href":"https:\/\/yournordichome.com\/cs\/wp-json\/wp\/v2\/product"}],"about":[{"href":"https:\/\/yournordichome.com\/cs\/wp-json\/wp\/v2\/types\/product"}],"replies":[{"embeddable":true,"href":"https:\/\/yournordichome.com\/cs\/wp-json\/wp\/v2\/comments?post=4772"}],"wp:featuredmedia":[{"embeddable":true,"href":"https:\/\/yournordichome.com\/cs\/wp-json\/wp\/v2\/media\/4764"}],"wp:attachment":[{"href":"https:\/\/yournordichome.com\/cs\/wp-json\/wp\/v2\/media?parent=4772"}],"wp:term":[{"taxonomy":"pwb-brand","embeddable":true,"href":"https:\/\/yournordichome.com\/cs\/wp-json\/wp\/v2\/pwb-brand?post=4772"},{"taxonomy":"product_brand","embeddable":true,"href":"https:\/\/yournordichome.com\/cs\/wp-json\/wp\/v2\/product_brand?post=4772"},{"taxonomy":"product_cat","embeddable":true,"href":"https:\/\/yournordichome.com\/cs\/wp-json\/wp\/v2\/product_cat?post=4772"},{"taxonomy":"product_tag","embeddable":true,"href":"https:\/\/yournordichome.com\/cs\/wp-json\/wp\/v2\/product_tag?post=4772"},{"taxonomy":"gyarto","embeddable":true,"href":"https:\/\/yournordichome.com\/cs\/wp-json\/wp\/v2\/gyarto?post=4772"}],"curies":[{"name":"wp","href":"https:\/\/api.w.org\/{rel}","templated":true}]}}