{"id":4724,"date":"2024-01-09T18:26:49","date_gmt":"2024-01-09T18:26:49","guid":{"rendered":"https:\/\/yournordichome.com\/product\/side-table-with-glass-top-40-cm\/"},"modified":"2025-12-18T12:20:21","modified_gmt":"2025-12-18T12:20:21","slug":"bocni-stolek-se-sklenenou-deskou-40-cm","status":"publish","type":"product","link":"https:\/\/yournordichome.com\/cs\/product\/side-table-with-glass-top-40-cm\/","title":{"rendered":"Odkl\u00e1dac\u00ed stolek se sklen\u011bnou deskou - 40 cm"},"content":{"rendered":"<p><strong>Postrann\u00ed stolek se sklen\u011bnou deskou<\/strong> od spole\u010dnosti Chic Antique, kter\u00fd je ide\u00e1ln\u00edm p\u0159\u00edru\u010dn\u00edm stolkem, no\u010dn\u00edm stolkem nebo konferen\u010dn\u00edm stolkem. A ten bude obzvl\u00e1\u0161\u0165 vhodn\u00fd, pokud ho slad\u00edte s ni\u017e\u0161\u00ed verz\u00ed stolku.<\/p>\n<p>Rozm\u011bry v\u00fdrobku: V51 \/ D40 cm<br \/>\nMateri\u00e1l: \u017eelezo, sklo<\/p>","protected":false},"excerpt":{"rendered":"<p>Elegantn\u00ed bo\u010dn\u00ed stolek, kter\u00fd kr\u00e1sn\u011b rozz\u00e1\u0159\u00ed ka\u017edou m\u00edstnost. Je ru\u010dn\u011b vyroben ze \u017eeleza se staromosazn\u00fdm vzhledem a lehkou sklen\u011bnou deskou.<\/p>","protected":false},"featured_media":4707,"comment_status":"closed","ping_status":"closed","template":"","meta":{"_acf_changed":false,"_kad_post_transparent":"default","_kad_post_title":"","_kad_post_layout":"default","_kad_post_sidebar_id":"","_kad_post_content_style":"default","_kad_post_vertical_padding":"default","_kad_post_feature":"","_kad_post_feature_position":"","_kad_post_header":false,"_kad_post_footer":false,"_kad_post_classname":""},"pwb-brand":[19],"product_brand":[],"product_cat":[341,157],"product_tag":[334,398,397,34,396,1059],"gyarto":[],"class_list":{"0":"post-4724","1":"product","2":"type-product","3":"status-publish","4":"has-post-thumbnail","6":"pwb-brand-chic-antique","7":"product_cat-side-table","8":"product_cat-table","9":"product_tag-new-arrivals","10":"product_tag-nordic-design","11":"product_tag-nordic-home","12":"product_tag-nordic-interior-design","13":"product_tag-nordic-style","14":"product_tag-spring-summer-2024","15":"pa_colour-brass","16":"pa_material-metal","18":"first","19":"outofstock","20":"taxable","21":"shipping-taxable","22":"purchasable","23":"product-type-simple","24":"entry","25":"content-bg","26":"loop-entry"},"acf":[],"brands":[{"id":19,"name":"Chic Antique","slug":"elegantni-starozitnosti"}],"_links":{"self":[{"href":"https:\/\/yournordichome.com\/cs\/wp-json\/wp\/v2\/product\/4724","targetHints":{"allow":["GET"]}}],"collection":[{"href":"https:\/\/yournordichome.com\/cs\/wp-json\/wp\/v2\/product"}],"about":[{"href":"https:\/\/yournordichome.com\/cs\/wp-json\/wp\/v2\/types\/product"}],"replies":[{"embeddable":true,"href":"https:\/\/yournordichome.com\/cs\/wp-json\/wp\/v2\/comments?post=4724"}],"wp:featuredmedia":[{"embeddable":true,"href":"https:\/\/yournordichome.com\/cs\/wp-json\/wp\/v2\/media\/4707"}],"wp:attachment":[{"href":"https:\/\/yournordichome.com\/cs\/wp-json\/wp\/v2\/media?parent=4724"}],"wp:term":[{"taxonomy":"pwb-brand","embeddable":true,"href":"https:\/\/yournordichome.com\/cs\/wp-json\/wp\/v2\/pwb-brand?post=4724"},{"taxonomy":"product_brand","embeddable":true,"href":"https:\/\/yournordichome.com\/cs\/wp-json\/wp\/v2\/product_brand?post=4724"},{"taxonomy":"product_cat","embeddable":true,"href":"https:\/\/yournordichome.com\/cs\/wp-json\/wp\/v2\/product_cat?post=4724"},{"taxonomy":"product_tag","embeddable":true,"href":"https:\/\/yournordichome.com\/cs\/wp-json\/wp\/v2\/product_tag?post=4724"},{"taxonomy":"gyarto","embeddable":true,"href":"https:\/\/yournordichome.com\/cs\/wp-json\/wp\/v2\/gyarto?post=4724"}],"curies":[{"name":"wp","href":"https:\/\/api.w.org\/{rel}","templated":true}]}}