{"id":4611,"date":"2024-01-06T14:27:33","date_gmt":"2024-01-06T14:27:33","guid":{"rendered":"https:\/\/yournordichome.com\/product\/shelf-brown-reclaimed-wood\/"},"modified":"2025-07-30T16:40:33","modified_gmt":"2025-07-30T16:40:33","slug":"police-z-hnedeho-regenerovaneho-dreva","status":"publish","type":"product","link":"https:\/\/yournordichome.com\/cs\/product\/shelf-brown-reclaimed-wood\/","title":{"rendered":"Police, hn\u011bd\u00e1, regenerovan\u00e9 d\u0159evo"},"content":{"rendered":"<p>Police Tilo od spole\u010dnosti Bloomingville je kr\u00e1sn\u00e1 police z regenerovan\u00e9ho d\u0159eva. Pou\u017eijte ji jako knihovnu pro ulo\u017een\u00ed sv\u00fdch obl\u00edben\u00fdch knih nebo jako polici pro vystaven\u00ed \u0161\u00e1lk\u016f, kuchy\u0148sk\u00e9ho n\u00e1dob\u00ed nebo men\u0161\u00edch p\u0159edm\u011bt\u016f v ob\u00fdvac\u00edm pokoji. Tato v\u0161estrann\u00e1 a stylov\u00e1 police dod\u00e1 va\u0161emu domovu n\u00e1dech tepla a \u00fatulnosti.<\/p>\n<p>Rozm\u011bry v\u00fdrobku: D70xV70x\u016010 cm<br \/>\nVzd\u00e1lenost mezi policemi: 16 cm<br \/>\nBarva: hn\u011bd\u00e1<br \/>\nSlo\u017een\u00ed: Rekultivovan\u00e9 d\u0159evo<br \/>\nPokyny pro p\u00e9\u010di: Ot\u0159ete vlhk\u00fdm had\u0159\u00edkem.<br \/>\nMaxim\u00e1ln\u00ed nosnost: 1,5 kg na m\u00edstnost<br \/>\nV\u010detn\u011b n\u00e1st\u011bnn\u00e9ho kov\u00e1n\u00ed.<\/p>","protected":false},"excerpt":{"rendered":"<p>Police z regenerovan\u00e9ho d\u0159eva, kter\u00e1 dod\u00e1 ka\u017ed\u00e9 m\u00edstnosti jedine\u010dn\u00fd rustik\u00e1ln\u00ed \u0161arm.<\/p>","protected":false},"featured_media":3591,"comment_status":"closed","ping_status":"closed","template":"","meta":{"_acf_changed":false,"_kad_post_transparent":"default","_kad_post_title":"","_kad_post_layout":"default","_kad_post_sidebar_id":"","_kad_post_content_style":"default","_kad_post_vertical_padding":"default","_kad_post_feature":"","_kad_post_feature_position":"","_kad_post_header":false,"_kad_post_footer":false,"_kad_post_classname":""},"pwb-brand":[17],"product_brand":[],"product_cat":[94,167],"product_tag":[398,397,34,396,1047,136],"gyarto":[],"class_list":{"0":"post-4611","1":"product","2":"type-product","3":"status-publish","4":"has-post-thumbnail","6":"pwb-brand-bloomingville","7":"product_cat-furniture","8":"product_cat-wall-shelf","9":"product_tag-nordic-design","10":"product_tag-nordic-home","11":"product_tag-nordic-interior-design","12":"product_tag-nordic-style","13":"product_tag-shelf","14":"product_tag-shelves","15":"pa_colour-brown","16":"pa_material-reclaimed-wood","18":"first","19":"instock","20":"taxable","21":"shipping-taxable","22":"purchasable","23":"product-type-simple","24":"entry","25":"content-bg","26":"loop-entry"},"acf":[],"brands":[{"id":17,"name":"Bloomingville","slug":"bloomingville"}],"_links":{"self":[{"href":"https:\/\/yournordichome.com\/cs\/wp-json\/wp\/v2\/product\/4611","targetHints":{"allow":["GET"]}}],"collection":[{"href":"https:\/\/yournordichome.com\/cs\/wp-json\/wp\/v2\/product"}],"about":[{"href":"https:\/\/yournordichome.com\/cs\/wp-json\/wp\/v2\/types\/product"}],"replies":[{"embeddable":true,"href":"https:\/\/yournordichome.com\/cs\/wp-json\/wp\/v2\/comments?post=4611"}],"wp:featuredmedia":[{"embeddable":true,"href":"https:\/\/yournordichome.com\/cs\/wp-json\/wp\/v2\/media\/3591"}],"wp:attachment":[{"href":"https:\/\/yournordichome.com\/cs\/wp-json\/wp\/v2\/media?parent=4611"}],"wp:term":[{"taxonomy":"pwb-brand","embeddable":true,"href":"https:\/\/yournordichome.com\/cs\/wp-json\/wp\/v2\/pwb-brand?post=4611"},{"taxonomy":"product_brand","embeddable":true,"href":"https:\/\/yournordichome.com\/cs\/wp-json\/wp\/v2\/product_brand?post=4611"},{"taxonomy":"product_cat","embeddable":true,"href":"https:\/\/yournordichome.com\/cs\/wp-json\/wp\/v2\/product_cat?post=4611"},{"taxonomy":"product_tag","embeddable":true,"href":"https:\/\/yournordichome.com\/cs\/wp-json\/wp\/v2\/product_tag?post=4611"},{"taxonomy":"gyarto","embeddable":true,"href":"https:\/\/yournordichome.com\/cs\/wp-json\/wp\/v2\/gyarto?post=4611"}],"curies":[{"name":"wp","href":"https:\/\/api.w.org\/{rel}","templated":true}]}}