{"id":4610,"date":"2024-01-06T14:27:33","date_gmt":"2024-01-06T14:27:33","guid":{"rendered":"https:\/\/yournordichome.com\/product\/lounge-chair-nature-rattan\/"},"modified":"2025-07-30T16:40:17","modified_gmt":"2025-07-30T16:40:17","slug":"lounge-kreslo-nature-ratan","status":"publish","type":"product","link":"https:\/\/yournordichome.com\/cs\/product\/lounge-chair-nature-rattan\/","title":{"rendered":"Lounge Chair, P\u0159\u00edroda, Ratan"},"content":{"rendered":"<p>K\u0159eslo Baal Lounge Chair od spole\u010dnosti Bloomingville je kr\u00e1sn\u00e9 k\u0159eslo z ratanu s mnoha kr\u00e1sn\u00fdmi detaily. Toto k\u0159eslo bude ide\u00e1ln\u00ed pro pou\u017eit\u00ed ve sklen\u00edku nebo v ob\u00fdvac\u00edm pokoji. D\u00edky sv\u00e9mu jedine\u010dn\u00e9mu designu a detailn\u00ed konstrukci dod\u00e1 toto lounge k\u0159eslo eleganci a kouzlo ka\u017ed\u00e9 m\u00edstnosti ve va\u0161\u00ed dom\u00e1cnosti.<\/p>\n<p>Rozm\u011bry v\u00fdrobku: D61xV75x\u016077 cm<br \/>\nHloubka sedadla: 50 cm<br \/>\nV\u00fd\u0161ka sedadla: 34 cm<br \/>\nV\u00fd\u0161ka ramene: 54 cm<br \/>\nBarva: p\u0159\u00edrodn\u00ed<br \/>\nSlo\u017een\u00ed: Ratan<br \/>\nPokyny pro p\u00e9\u010di: Ot\u0159ete vlhk\u00fdm had\u0159\u00edkem.<br \/>\nMaxim\u00e1ln\u00ed nosnost: 110 kg<\/p>","protected":false},"excerpt":{"rendered":"<p>K\u0159eslo z ratanu, kter\u00e9 lze doplnit pol\u0161t\u00e1\u0159i a p\u0159ehozy a vytvo\u0159it tak \u00fatulnou a uvoln\u011bnou atmosf\u00e9ru.<\/p>","protected":false},"featured_media":3586,"comment_status":"closed","ping_status":"closed","template":"","meta":{"_acf_changed":false,"_kad_post_transparent":"default","_kad_post_title":"","_kad_post_layout":"default","_kad_post_sidebar_id":"","_kad_post_content_style":"default","_kad_post_vertical_padding":"default","_kad_post_feature":"","_kad_post_feature_position":"","_kad_post_header":false,"_kad_post_footer":false,"_kad_post_classname":""},"pwb-brand":[17],"product_brand":[],"product_cat":[152,153],"product_tag":[154,398,397,34,396],"gyarto":[],"class_list":{"0":"post-4610","1":"product","2":"type-product","3":"status-publish","4":"has-post-thumbnail","6":"pwb-brand-bloomingville","7":"product_cat-chair","8":"product_cat-lounge-chair","9":"product_tag-armchair","10":"product_tag-nordic-design","11":"product_tag-nordic-home","12":"product_tag-nordic-interior-design","13":"product_tag-nordic-style","14":"pa_colour-nature","15":"pa_material-rattan","17":"first","18":"instock","19":"taxable","20":"shipping-taxable","21":"purchasable","22":"product-type-simple","23":"entry","24":"content-bg","25":"loop-entry"},"acf":[],"brands":[{"id":17,"name":"Bloomingville","slug":"bloomingville"}],"_links":{"self":[{"href":"https:\/\/yournordichome.com\/cs\/wp-json\/wp\/v2\/product\/4610","targetHints":{"allow":["GET"]}}],"collection":[{"href":"https:\/\/yournordichome.com\/cs\/wp-json\/wp\/v2\/product"}],"about":[{"href":"https:\/\/yournordichome.com\/cs\/wp-json\/wp\/v2\/types\/product"}],"replies":[{"embeddable":true,"href":"https:\/\/yournordichome.com\/cs\/wp-json\/wp\/v2\/comments?post=4610"}],"wp:featuredmedia":[{"embeddable":true,"href":"https:\/\/yournordichome.com\/cs\/wp-json\/wp\/v2\/media\/3586"}],"wp:attachment":[{"href":"https:\/\/yournordichome.com\/cs\/wp-json\/wp\/v2\/media?parent=4610"}],"wp:term":[{"taxonomy":"pwb-brand","embeddable":true,"href":"https:\/\/yournordichome.com\/cs\/wp-json\/wp\/v2\/pwb-brand?post=4610"},{"taxonomy":"product_brand","embeddable":true,"href":"https:\/\/yournordichome.com\/cs\/wp-json\/wp\/v2\/product_brand?post=4610"},{"taxonomy":"product_cat","embeddable":true,"href":"https:\/\/yournordichome.com\/cs\/wp-json\/wp\/v2\/product_cat?post=4610"},{"taxonomy":"product_tag","embeddable":true,"href":"https:\/\/yournordichome.com\/cs\/wp-json\/wp\/v2\/product_tag?post=4610"},{"taxonomy":"gyarto","embeddable":true,"href":"https:\/\/yournordichome.com\/cs\/wp-json\/wp\/v2\/gyarto?post=4610"}],"curies":[{"name":"wp","href":"https:\/\/api.w.org\/{rel}","templated":true}]}}