{"id":4559,"date":"2024-01-02T17:12:08","date_gmt":"2024-01-02T17:12:08","guid":{"rendered":"https:\/\/yournordichome.com\/product\/brown-pattern-cotton-cushion\/"},"modified":"2026-03-03T11:35:21","modified_gmt":"2026-03-03T11:35:21","slug":"bavlneny-polstar-s-hnedym-vzorem","status":"publish","type":"product","link":"https:\/\/yournordichome.com\/cs\/product\/brown-pattern-cotton-cushion\/","title":{"rendered":"Bavln\u011bn\u00fd pol\u0161t\u00e1\u0159 s hn\u011bd\u00fdm vzorem"},"content":{"rendered":"<p>Hn\u011bd\u00fd vzorovan\u00fd bavln\u011bn\u00fd pol\u0161t\u00e1\u0159 z p\u0159\u00edrodn\u00edho materi\u00e1lu a barev. Ozdobte si j\u00edm k\u0159eslo, pohovku, postel, bude kr\u00e1sn\u00fdm, jemn\u00fdm dopl\u0148kem va\u0161eho domova.<\/p>\n<p>Rozm\u011bry v\u00fdrobku: D50x\u016050 cm<br \/>\nBarva: p\u0159\u00edrodn\u00ed<br \/>\nSlo\u017een\u00ed: 100% Bavlna, v\u00fdpl\u0148: Slo\u017een\u00ed: 100% Polyester<br \/>\nB\u011blen\u00ed: Ne<br \/>\nChemick\u00e9 \u010di\u0161t\u011bn\u00ed: Ne<br \/>\nN\u00e1pl\u0148: Polyester<br \/>\nPokyny pro pran\u00ed: Pran\u00ed v pra\u010dce na 40 stup\u0148\u016f<br \/>\nZip: Plastov\u00fd<\/p>","protected":false},"excerpt":{"rendered":"<p>Kr\u00e1sn\u00fd bavln\u011bn\u00fd v\u0161\u00edvan\u00fd pol\u0161t\u00e1\u0159 v b\u00edl\u00e9 barv\u011b s hn\u011bd\u00fdm vzorem. D\u00edky sv\u00e9mu p\u0159\u00edrodn\u00edmu vzhledu je pr\u00e1v\u011b tou z\u00e1v\u011bre\u010dnou te\u010dkou v dekoraci, kterou m\u00edstnost pot\u0159ebuje.<\/p>","protected":false},"featured_media":4546,"comment_status":"closed","ping_status":"closed","template":"","meta":{"_acf_changed":false,"_kad_post_transparent":"default","_kad_post_title":"","_kad_post_layout":"default","_kad_post_sidebar_id":"","_kad_post_content_style":"default","_kad_post_vertical_padding":"default","_kad_post_feature":"","_kad_post_feature_position":"","_kad_post_header":false,"_kad_post_footer":false,"_kad_post_classname":""},"pwb-brand":[17],"product_brand":[],"product_cat":[294,65],"product_tag":[1053,1058,398,397,34,396],"gyarto":[],"class_list":{"0":"post-4559","1":"product","2":"type-product","3":"status-publish","4":"has-post-thumbnail","6":"pwb-brand-bloomingville","7":"product_cat-pillow","8":"product_cat-rugs-and-textiles","9":"product_tag-cushion","10":"product_tag-new-year-sale","11":"product_tag-nordic-design","12":"product_tag-nordic-home","13":"product_tag-nordic-interior-design","14":"product_tag-nordic-style","15":"pa_colour-nature","16":"pa_material-cotton","18":"first","19":"instock","20":"sale","21":"taxable","22":"shipping-taxable","23":"purchasable","24":"product-type-simple","25":"entry","26":"content-bg","27":"loop-entry"},"acf":[],"brands":[{"id":17,"name":"Bloomingville","slug":"bloomingville"}],"_links":{"self":[{"href":"https:\/\/yournordichome.com\/cs\/wp-json\/wp\/v2\/product\/4559","targetHints":{"allow":["GET"]}}],"collection":[{"href":"https:\/\/yournordichome.com\/cs\/wp-json\/wp\/v2\/product"}],"about":[{"href":"https:\/\/yournordichome.com\/cs\/wp-json\/wp\/v2\/types\/product"}],"replies":[{"embeddable":true,"href":"https:\/\/yournordichome.com\/cs\/wp-json\/wp\/v2\/comments?post=4559"}],"wp:featuredmedia":[{"embeddable":true,"href":"https:\/\/yournordichome.com\/cs\/wp-json\/wp\/v2\/media\/4546"}],"wp:attachment":[{"href":"https:\/\/yournordichome.com\/cs\/wp-json\/wp\/v2\/media?parent=4559"}],"wp:term":[{"taxonomy":"pwb-brand","embeddable":true,"href":"https:\/\/yournordichome.com\/cs\/wp-json\/wp\/v2\/pwb-brand?post=4559"},{"taxonomy":"product_brand","embeddable":true,"href":"https:\/\/yournordichome.com\/cs\/wp-json\/wp\/v2\/product_brand?post=4559"},{"taxonomy":"product_cat","embeddable":true,"href":"https:\/\/yournordichome.com\/cs\/wp-json\/wp\/v2\/product_cat?post=4559"},{"taxonomy":"product_tag","embeddable":true,"href":"https:\/\/yournordichome.com\/cs\/wp-json\/wp\/v2\/product_tag?post=4559"},{"taxonomy":"gyarto","embeddable":true,"href":"https:\/\/yournordichome.com\/cs\/wp-json\/wp\/v2\/gyarto?post=4559"}],"curies":[{"name":"wp","href":"https:\/\/api.w.org\/{rel}","templated":true}]}}