{"id":4449,"date":"2023-12-16T17:04:53","date_gmt":"2023-12-16T17:04:53","guid":{"rendered":"https:\/\/yournordichome.com\/product\/cream-table-lamp-stoneware\/"},"modified":"2025-07-30T16:49:13","modified_gmt":"2025-07-30T16:49:13","slug":"kremova-stolni-lampa-z-kameniny","status":"publish","type":"product","link":"https:\/\/yournordichome.com\/cs\/product\/cream-table-lamp-stoneware\/","title":{"rendered":"Kr\u00e9mov\u00e1 stoln\u00ed lampa, kamenina"},"content":{"rendered":"<p>Stoln\u00ed lampa Sergio od spole\u010dnosti Bloomingville je velmi univerz\u00e1ln\u00ed lampa s minimalistick\u00fdm seversk\u00fdm tvarem a jemn\u00fdm v\u00fdrazem. Kr\u00e9mov\u00e9 barvy na keramick\u00e9m podstavci a ln\u011bn\u00e9m st\u00ednidle spolu kr\u00e1sn\u011b lad\u00ed t\u00f3n v t\u00f3nu. Lehk\u00e1 a elegantn\u00ed lampa.<\/p>\n<p>Rozm\u011bry v\u00fdrobku: D20,5xH54,5 cm<br \/>\nV\u00fd\u0161ka st\u00ednidla: 24 cm<br \/>\nBarva: p\u0159\u00edrodn\u00ed<br \/>\nSlo\u017een\u00ed: Kamenina, len, \u017eelezo<br \/>\nSchv\u00e1leno CE: Ano<br \/>\nEnergetick\u00e1 t\u0159\u00edda \u017e\u00e1rovky: V\u0161echny t\u0159\u00eddy<br \/>\n\u017d\u00e1rovka je sou\u010d\u00e1st\u00ed dod\u00e1vky: Ne<br \/>\nTvar \u017e\u00e1rovky: Oby\u010dejn\u00e1<br \/>\nVelikost \u017e\u00e1rovky: E27<br \/>\nTyp \u017e\u00e1rovky: Oby\u010dejn\u00e9 a LED \u017e\u00e1rovky<br \/>\nP\u0159\u00edkon \u017e\u00e1rovky max. 40 W \/ LED 5 W \/ CFL 9 W<br \/>\nBarva \u0161\u0148\u016fry: \u010dir\u00e1<br \/>\nD\u00e9lka \u0161\u0148\u016fry: 160 cm<br \/>\nMateri\u00e1l \u0161\u0148\u016fry: MATERI\u00c1L: PVC+CU<br \/>\nZapnut\u00ed kabelu.<br \/>\nVenkovn\u00ed pou\u017eit\u00ed: Ne<\/p>","protected":false},"excerpt":{"rendered":"<p>Kr\u00e9mov\u00e1 stoln\u00ed lampa s ln\u011bn\u00fdm st\u00ednidlem v p\u0159\u00edrodn\u00ed barv\u011b. Minimalistick\u00fd a elegantn\u00ed seversk\u00fd kus.<\/p>","protected":false},"featured_media":4429,"comment_status":"closed","ping_status":"closed","template":"","meta":{"_acf_changed":false,"_kad_post_transparent":"default","_kad_post_title":"","_kad_post_layout":"default","_kad_post_sidebar_id":"","_kad_post_content_style":"default","_kad_post_vertical_padding":"default","_kad_post_feature":"","_kad_post_feature_position":"","_kad_post_header":false,"_kad_post_footer":false,"_kad_post_classname":""},"pwb-brand":[17],"product_brand":[],"product_cat":[73,72],"product_tag":[334,398,397,34,117,396,1059],"gyarto":[],"class_list":{"0":"post-4449","1":"product","2":"type-product","3":"status-publish","4":"has-post-thumbnail","6":"pwb-brand-bloomingville","7":"product_cat-desk-and-table-lamp","8":"product_cat-lamp","9":"product_tag-new-arrivals","10":"product_tag-nordic-design","11":"product_tag-nordic-home","12":"product_tag-nordic-interior-design","13":"product_tag-nordic-lamp","14":"product_tag-nordic-style","15":"product_tag-spring-summer-2024","16":"pa_colour-cream","17":"pa_material-stoneware","19":"first","20":"instock","21":"taxable","22":"shipping-taxable","23":"purchasable","24":"product-type-simple","25":"entry","26":"content-bg","27":"loop-entry"},"acf":[],"brands":[{"id":17,"name":"Bloomingville","slug":"bloomingville"}],"_links":{"self":[{"href":"https:\/\/yournordichome.com\/cs\/wp-json\/wp\/v2\/product\/4449","targetHints":{"allow":["GET"]}}],"collection":[{"href":"https:\/\/yournordichome.com\/cs\/wp-json\/wp\/v2\/product"}],"about":[{"href":"https:\/\/yournordichome.com\/cs\/wp-json\/wp\/v2\/types\/product"}],"replies":[{"embeddable":true,"href":"https:\/\/yournordichome.com\/cs\/wp-json\/wp\/v2\/comments?post=4449"}],"wp:featuredmedia":[{"embeddable":true,"href":"https:\/\/yournordichome.com\/cs\/wp-json\/wp\/v2\/media\/4429"}],"wp:attachment":[{"href":"https:\/\/yournordichome.com\/cs\/wp-json\/wp\/v2\/media?parent=4449"}],"wp:term":[{"taxonomy":"pwb-brand","embeddable":true,"href":"https:\/\/yournordichome.com\/cs\/wp-json\/wp\/v2\/pwb-brand?post=4449"},{"taxonomy":"product_brand","embeddable":true,"href":"https:\/\/yournordichome.com\/cs\/wp-json\/wp\/v2\/product_brand?post=4449"},{"taxonomy":"product_cat","embeddable":true,"href":"https:\/\/yournordichome.com\/cs\/wp-json\/wp\/v2\/product_cat?post=4449"},{"taxonomy":"product_tag","embeddable":true,"href":"https:\/\/yournordichome.com\/cs\/wp-json\/wp\/v2\/product_tag?post=4449"},{"taxonomy":"gyarto","embeddable":true,"href":"https:\/\/yournordichome.com\/cs\/wp-json\/wp\/v2\/gyarto?post=4449"}],"curies":[{"name":"wp","href":"https:\/\/api.w.org\/{rel}","templated":true}]}}