{"id":4333,"date":"2023-12-10T13:56:52","date_gmt":"2023-12-10T13:56:52","guid":{"rendered":"https:\/\/yournordichome.com\/product\/side-table-nature-rubberwood\/"},"modified":"2025-07-30T16:50:53","modified_gmt":"2025-07-30T16:50:53","slug":"bocni-stolek-nature-rubberwood","status":"publish","type":"product","link":"https:\/\/yournordichome.com\/cs\/product\/side-table-nature-rubberwood\/","title":{"rendered":"Odkl\u00e1dac\u00ed stolek - p\u0159\u00edroda - kau\u010dukovn\u00edk"},"content":{"rendered":"<p>Stoli\u010dka Bark Stool od spole\u010dnosti Bloomingville se hod\u00ed do ka\u017ed\u00e9 dom\u00e1cnosti. Je vyrobena z kau\u010dukov\u00e9ho d\u0159eva, kter\u00e9 poskytuje tepl\u00fd a p\u0159irozen\u00fd vzhled. Tento kr\u00e1sn\u00fd taburet je vybaven poli\u010dkou pod n\u00edm, kter\u00e1 je ide\u00e1ln\u00ed pro ukl\u00e1d\u00e1n\u00ed \u010dasopis\u016f nebo mal\u00fdch knih. Krom\u011b toho je ide\u00e1ln\u00ed jako odkl\u00e1dac\u00ed stolek v ob\u00fdvac\u00edm pokoji nebo no\u010dn\u00ed stolek v lo\u017enici.<\/p>\n<p>Rozm\u011bry v\u00fdrobku: D38xV45,5x\u016038 cm<br \/>\nBarva: p\u0159\u00edrodn\u00ed<br \/>\nSlo\u017een\u00ed: D\u0159evo kau\u010dukovn\u00edku<br \/>\nMaxim\u00e1ln\u00ed nosnost: 100 kg<\/p>","protected":false},"excerpt":{"rendered":"<p>Odkl\u00e1dac\u00ed stolek s jednoduch\u00fdm a nad\u010dasov\u00fdm designem z p\u0159\u00edrodn\u00edho kau\u010dukov\u00e9ho d\u0159eva. M\u016f\u017eete ho pou\u017e\u00edt jako stolek, no\u010dn\u00ed stolek nebo jako taburet.<\/p>","protected":false},"featured_media":4316,"comment_status":"closed","ping_status":"closed","template":"","meta":{"_acf_changed":false,"_kad_post_transparent":"default","_kad_post_title":"","_kad_post_layout":"default","_kad_post_sidebar_id":"","_kad_post_content_style":"default","_kad_post_vertical_padding":"default","_kad_post_feature":"","_kad_post_feature_position":"","_kad_post_header":false,"_kad_post_footer":false,"_kad_post_classname":""},"pwb-brand":[17],"product_brand":[],"product_cat":[195,341,157],"product_tag":[334,398,397,34,396,1059],"gyarto":[],"class_list":{"0":"post-4333","1":"product","2":"type-product","3":"status-publish","4":"has-post-thumbnail","6":"pwb-brand-bloomingville","7":"product_cat-bedside-table","8":"product_cat-side-table","9":"product_cat-table","10":"product_tag-new-arrivals","11":"product_tag-nordic-design","12":"product_tag-nordic-home","13":"product_tag-nordic-interior-design","14":"product_tag-nordic-style","15":"product_tag-spring-summer-2024","16":"pa_colour-nature","17":"pa_material-rubberwood","19":"first","20":"instock","21":"taxable","22":"shipping-taxable","23":"purchasable","24":"product-type-simple","25":"entry","26":"content-bg","27":"loop-entry"},"acf":[],"brands":[{"id":17,"name":"Bloomingville","slug":"bloomingville"}],"_links":{"self":[{"href":"https:\/\/yournordichome.com\/cs\/wp-json\/wp\/v2\/product\/4333","targetHints":{"allow":["GET"]}}],"collection":[{"href":"https:\/\/yournordichome.com\/cs\/wp-json\/wp\/v2\/product"}],"about":[{"href":"https:\/\/yournordichome.com\/cs\/wp-json\/wp\/v2\/types\/product"}],"replies":[{"embeddable":true,"href":"https:\/\/yournordichome.com\/cs\/wp-json\/wp\/v2\/comments?post=4333"}],"wp:featuredmedia":[{"embeddable":true,"href":"https:\/\/yournordichome.com\/cs\/wp-json\/wp\/v2\/media\/4316"}],"wp:attachment":[{"href":"https:\/\/yournordichome.com\/cs\/wp-json\/wp\/v2\/media?parent=4333"}],"wp:term":[{"taxonomy":"pwb-brand","embeddable":true,"href":"https:\/\/yournordichome.com\/cs\/wp-json\/wp\/v2\/pwb-brand?post=4333"},{"taxonomy":"product_brand","embeddable":true,"href":"https:\/\/yournordichome.com\/cs\/wp-json\/wp\/v2\/product_brand?post=4333"},{"taxonomy":"product_cat","embeddable":true,"href":"https:\/\/yournordichome.com\/cs\/wp-json\/wp\/v2\/product_cat?post=4333"},{"taxonomy":"product_tag","embeddable":true,"href":"https:\/\/yournordichome.com\/cs\/wp-json\/wp\/v2\/product_tag?post=4333"},{"taxonomy":"gyarto","embeddable":true,"href":"https:\/\/yournordichome.com\/cs\/wp-json\/wp\/v2\/gyarto?post=4333"}],"curies":[{"name":"wp","href":"https:\/\/api.w.org\/{rel}","templated":true}]}}