{"id":4332,"date":"2023-12-10T13:56:52","date_gmt":"2023-12-10T13:56:52","guid":{"rendered":"https:\/\/yournordichome.com\/product\/side-table-white-stoneware\/"},"modified":"2025-07-30T16:50:37","modified_gmt":"2025-07-30T16:50:37","slug":"bocni-stolek-z-bile-kameniny","status":"publish","type":"product","link":"https:\/\/yournordichome.com\/cs\/product\/side-table-white-stoneware\/","title":{"rendered":"Odkl\u00e1dac\u00ed stolek - b\u00edl\u00fd - kamenina"},"content":{"rendered":"<p>Odkl\u00e1dac\u00ed stolek Volise od spole\u010dnosti Bloomingville je vyroben z kameniny a m\u00e1 kr\u00e1snou b\u00edlou glazuru. Jeho organick\u00fd tvar a socha\u0159sk\u00fd vzhled z n\u011bj d\u011blaj\u00ed opravdovou ozdobu dom\u00e1cnosti. Um\u00edst\u011bte stolek do ob\u00fdvac\u00edho pokoje nebo lo\u017enice jako dekorativn\u00ed a funk\u010dn\u00ed prvek.<\/p>\n<p>Rozm\u011bry v\u00fdrobku: D37xH51 cm<br \/>\nBarva: b\u00edl\u00e1<br \/>\nPovrchov\u00e1 \u00faprava v\u00fdrobku: Glazura<br \/>\nSlo\u017een\u00ed: Kamenina<br \/>\nMaxim\u00e1ln\u00ed nosnost: 100 kg<\/p>","protected":false},"excerpt":{"rendered":"<p>Bo\u010dn\u00ed stolek v b\u00edl\u00e9 barv\u011b s organick\u00fdm tvarem, kter\u00fd p\u016fsob\u00ed \u00fa\u017easn\u00fdm socha\u0159sk\u00fdm dojmem.<\/p>","protected":false},"featured_media":4327,"comment_status":"closed","ping_status":"closed","template":"","meta":{"_acf_changed":false,"_kad_post_transparent":"default","_kad_post_title":"","_kad_post_layout":"default","_kad_post_sidebar_id":"","_kad_post_content_style":"default","_kad_post_vertical_padding":"default","_kad_post_feature":"","_kad_post_feature_position":"","_kad_post_header":false,"_kad_post_footer":false,"_kad_post_classname":""},"pwb-brand":[17],"product_brand":[],"product_cat":[341,157],"product_tag":[334,398,397,34,396,1059],"gyarto":[],"class_list":{"0":"post-4332","1":"product","2":"type-product","3":"status-publish","4":"has-post-thumbnail","6":"pwb-brand-bloomingville","7":"product_cat-side-table","8":"product_cat-table","9":"product_tag-new-arrivals","10":"product_tag-nordic-design","11":"product_tag-nordic-home","12":"product_tag-nordic-interior-design","13":"product_tag-nordic-style","14":"product_tag-spring-summer-2024","15":"pa_colour-white","16":"pa_material-stoneware","18":"first","19":"instock","20":"taxable","21":"shipping-taxable","22":"purchasable","23":"product-type-simple","24":"entry","25":"content-bg","26":"loop-entry"},"acf":[],"brands":[{"id":17,"name":"Bloomingville","slug":"bloomingville"}],"_links":{"self":[{"href":"https:\/\/yournordichome.com\/cs\/wp-json\/wp\/v2\/product\/4332","targetHints":{"allow":["GET"]}}],"collection":[{"href":"https:\/\/yournordichome.com\/cs\/wp-json\/wp\/v2\/product"}],"about":[{"href":"https:\/\/yournordichome.com\/cs\/wp-json\/wp\/v2\/types\/product"}],"replies":[{"embeddable":true,"href":"https:\/\/yournordichome.com\/cs\/wp-json\/wp\/v2\/comments?post=4332"}],"wp:featuredmedia":[{"embeddable":true,"href":"https:\/\/yournordichome.com\/cs\/wp-json\/wp\/v2\/media\/4327"}],"wp:attachment":[{"href":"https:\/\/yournordichome.com\/cs\/wp-json\/wp\/v2\/media?parent=4332"}],"wp:term":[{"taxonomy":"pwb-brand","embeddable":true,"href":"https:\/\/yournordichome.com\/cs\/wp-json\/wp\/v2\/pwb-brand?post=4332"},{"taxonomy":"product_brand","embeddable":true,"href":"https:\/\/yournordichome.com\/cs\/wp-json\/wp\/v2\/product_brand?post=4332"},{"taxonomy":"product_cat","embeddable":true,"href":"https:\/\/yournordichome.com\/cs\/wp-json\/wp\/v2\/product_cat?post=4332"},{"taxonomy":"product_tag","embeddable":true,"href":"https:\/\/yournordichome.com\/cs\/wp-json\/wp\/v2\/product_tag?post=4332"},{"taxonomy":"gyarto","embeddable":true,"href":"https:\/\/yournordichome.com\/cs\/wp-json\/wp\/v2\/gyarto?post=4332"}],"curies":[{"name":"wp","href":"https:\/\/api.w.org\/{rel}","templated":true}]}}