{"id":4312,"date":"2023-12-09T11:53:38","date_gmt":"2023-12-09T11:53:38","guid":{"rendered":"https:\/\/yournordichome.com\/product\/table-shelf-nature\/"},"modified":"2025-12-18T10:14:22","modified_gmt":"2025-12-18T10:14:22","slug":"stolni-policka-priroda","status":"publish","type":"product","link":"https:\/\/yournordichome.com\/cs\/product\/table-shelf-nature\/","title":{"rendered":"Stoln\u00ed police, P\u0159\u00edroda"},"content":{"rendered":"<p>Police Antonio od spole\u010dnosti Bloomingville je vyrobena z polyresinu a je navr\u017eena s ohledem na hodnotu na\u0161ich vzpom\u00ednek. A\u0165 u\u017e se jedn\u00e1 o p\u0159edm\u011bty sesb\u00edran\u00e9 na m\u00edstn\u00edch trz\u00edch po cel\u00e9m sv\u011bt\u011b, poklady nalezen\u00e9 v p\u0159\u00edrod\u011b nebo d\u00e1rky od bl\u00edzk\u00fdch p\u0159\u00e1tel, police Antonio jim poskytne v dom\u00e1cnosti zvl\u00e1\u0161tn\u00ed m\u00edsto.<\/p>\n<p>Rozm\u011bry v\u00fdrobku: D67xV68x\u016013 cm<br \/>\nBarva: p\u0159\u00edrodn\u00ed<br \/>\nSlo\u017een\u00ed: Slo\u017een\u00ed: polyresin<br \/>\nPovrchov\u00e1 \u00faprava v\u00fdrobku: ru\u010dn\u011b vyr\u00e1b\u011bn\u00fd vzhled<br \/>\nMaxim\u00e1ln\u00ed nosnost: 6 kg<br \/>\nN\u00e1st\u011bnn\u00e9 kov\u00e1n\u00ed nen\u00ed sou\u010d\u00e1st\u00ed dod\u00e1vky.<\/p>","protected":false},"excerpt":{"rendered":"<p>Stoln\u00ed police v p\u0159\u00edrodn\u00ed barv\u011b. Otev\u0159en\u00e9 police s mal\u00fdmi p\u0159ihr\u00e1dkami poskytuj\u00ed prostor pro v\u00fdznamn\u00e9 p\u0159edm\u011bty, z nich\u017e ka\u017ed\u00fd vypr\u00e1v\u00ed sv\u016fj vlastn\u00ed jedine\u010dn\u00fd p\u0159\u00edb\u011bh.<\/p>","protected":false},"featured_media":4300,"comment_status":"closed","ping_status":"closed","template":"","meta":{"_acf_changed":false,"_kad_post_transparent":"default","_kad_post_title":"","_kad_post_layout":"default","_kad_post_sidebar_id":"","_kad_post_content_style":"default","_kad_post_vertical_padding":"default","_kad_post_feature":"","_kad_post_feature_position":"","_kad_post_header":false,"_kad_post_footer":false,"_kad_post_classname":""},"pwb-brand":[17],"product_brand":[],"product_cat":[94,167],"product_tag":[334,398,397,34,396,1047,136,1059],"gyarto":[],"class_list":{"0":"post-4312","1":"product","2":"type-product","3":"status-publish","4":"has-post-thumbnail","6":"pwb-brand-bloomingville","7":"product_cat-furniture","8":"product_cat-wall-shelf","9":"product_tag-new-arrivals","10":"product_tag-nordic-design","11":"product_tag-nordic-home","12":"product_tag-nordic-interior-design","13":"product_tag-nordic-style","14":"product_tag-shelf","15":"product_tag-shelves","16":"product_tag-spring-summer-2024","17":"pa_colour-nature","18":"pa_material-polyresin","20":"first","21":"outofstock","22":"taxable","23":"shipping-taxable","24":"purchasable","25":"product-type-simple","26":"entry","27":"content-bg","28":"loop-entry"},"acf":[],"brands":[{"id":17,"name":"Bloomingville","slug":"bloomingville"}],"_links":{"self":[{"href":"https:\/\/yournordichome.com\/cs\/wp-json\/wp\/v2\/product\/4312","targetHints":{"allow":["GET"]}}],"collection":[{"href":"https:\/\/yournordichome.com\/cs\/wp-json\/wp\/v2\/product"}],"about":[{"href":"https:\/\/yournordichome.com\/cs\/wp-json\/wp\/v2\/types\/product"}],"replies":[{"embeddable":true,"href":"https:\/\/yournordichome.com\/cs\/wp-json\/wp\/v2\/comments?post=4312"}],"wp:featuredmedia":[{"embeddable":true,"href":"https:\/\/yournordichome.com\/cs\/wp-json\/wp\/v2\/media\/4300"}],"wp:attachment":[{"href":"https:\/\/yournordichome.com\/cs\/wp-json\/wp\/v2\/media?parent=4312"}],"wp:term":[{"taxonomy":"pwb-brand","embeddable":true,"href":"https:\/\/yournordichome.com\/cs\/wp-json\/wp\/v2\/pwb-brand?post=4312"},{"taxonomy":"product_brand","embeddable":true,"href":"https:\/\/yournordichome.com\/cs\/wp-json\/wp\/v2\/product_brand?post=4312"},{"taxonomy":"product_cat","embeddable":true,"href":"https:\/\/yournordichome.com\/cs\/wp-json\/wp\/v2\/product_cat?post=4312"},{"taxonomy":"product_tag","embeddable":true,"href":"https:\/\/yournordichome.com\/cs\/wp-json\/wp\/v2\/product_tag?post=4312"},{"taxonomy":"gyarto","embeddable":true,"href":"https:\/\/yournordichome.com\/cs\/wp-json\/wp\/v2\/gyarto?post=4312"}],"curies":[{"name":"wp","href":"https:\/\/api.w.org\/{rel}","templated":true}]}}