{"id":4265,"date":"2023-12-06T17:04:23","date_gmt":"2023-12-06T17:04:23","guid":{"rendered":"https:\/\/yournordichome.com\/product\/rattan-coat-rack-nature\/"},"modified":"2025-01-05T15:34:57","modified_gmt":"2025-01-05T15:34:57","slug":"ratanovy-vesak-nature","status":"publish","type":"product","link":"https:\/\/yournordichome.com\/cs\/product\/rattan-coat-rack-nature\/","title":{"rendered":"Ratanov\u00fd v\u011b\u0161\u00e1k na kab\u00e1ty Nature"},"content":{"rendered":"<p>V\u011b\u0161\u00e1k Salerno od spole\u010dnosti Bloomingville kombinuje ko\u0161 a v\u011b\u0161\u00e1k v jednom designu. Je ide\u00e1ln\u00ed pro ukl\u00e1d\u00e1n\u00ed bund, rukavic a ta\u0161ek, tak\u017ee je praktick\u00fd a stylov\u00fd do vstupn\u00ed haly nebo lo\u017enice.<\/p>\n<p>V\u011b\u0161\u00e1k je dokonal\u00fdm \u0159e\u0161en\u00edm pro optimalizaci prostoru a z\u00e1rove\u0148 dod\u00e1v\u00e1 m\u00edstnosti organizovan\u00fd a h\u0159ejiv\u00fd n\u00e1dech.<br \/>\nBarva v\u011b\u0161\u00e1ku se li\u0161\u00ed v z\u00e1vislosti na ro\u010dn\u00edm obdob\u00ed, ve kter\u00e9m se materi\u00e1l skl\u00edz\u00ed.<\/p>\n<p>Rozm\u011bry v\u00fdrobku: D42xV150 cm<br \/>\nBarva: p\u0159\u00edrodn\u00ed<br \/>\nSlo\u017een\u00ed: Ratan<br \/>\nMaxim\u00e1ln\u00ed nosnost: 5 kg na ka\u017ed\u00e9m h\u00e1ku<br \/>\nMohou se vyskytnout odchylky zp\u016fsoben\u00e9 materi\u00e1lem.<\/p>","protected":false},"excerpt":{"rendered":"<p>V\u011b\u0161\u00e1k na kab\u00e1ty z ratanu v p\u0159\u00edrodn\u00ed barv\u011b se 4 h\u00e1\u010dky a \u00falo\u017en\u00fdm ko\u0161em.<\/p>","protected":false},"featured_media":4261,"comment_status":"closed","ping_status":"closed","template":"","meta":{"_acf_changed":false,"_kad_post_transparent":"default","_kad_post_title":"","_kad_post_layout":"default","_kad_post_sidebar_id":"","_kad_post_content_style":"default","_kad_post_vertical_padding":"default","_kad_post_feature":"","_kad_post_feature_position":"","_kad_post_header":false,"_kad_post_footer":false,"_kad_post_classname":""},"pwb-brand":[17],"product_brand":[],"product_cat":[94,108],"product_tag":[334,398,397,34,396,1059],"gyarto":[],"class_list":{"0":"post-4265","1":"product","2":"type-product","3":"status-publish","4":"has-post-thumbnail","6":"pwb-brand-bloomingville","7":"product_cat-furniture","8":"product_cat-home-accesories-furniture","9":"product_tag-new-arrivals","10":"product_tag-nordic-design","11":"product_tag-nordic-home","12":"product_tag-nordic-interior-design","13":"product_tag-nordic-style","14":"product_tag-spring-summer-2024","15":"pa_colour-nature","16":"pa_material-rattan","18":"first","19":"outofstock","20":"taxable","21":"shipping-taxable","22":"purchasable","23":"product-type-simple","24":"entry","25":"content-bg","26":"loop-entry"},"acf":[],"brands":[{"id":17,"name":"Bloomingville","slug":"bloomingville"}],"_links":{"self":[{"href":"https:\/\/yournordichome.com\/cs\/wp-json\/wp\/v2\/product\/4265","targetHints":{"allow":["GET"]}}],"collection":[{"href":"https:\/\/yournordichome.com\/cs\/wp-json\/wp\/v2\/product"}],"about":[{"href":"https:\/\/yournordichome.com\/cs\/wp-json\/wp\/v2\/types\/product"}],"replies":[{"embeddable":true,"href":"https:\/\/yournordichome.com\/cs\/wp-json\/wp\/v2\/comments?post=4265"}],"wp:featuredmedia":[{"embeddable":true,"href":"https:\/\/yournordichome.com\/cs\/wp-json\/wp\/v2\/media\/4261"}],"wp:attachment":[{"href":"https:\/\/yournordichome.com\/cs\/wp-json\/wp\/v2\/media?parent=4265"}],"wp:term":[{"taxonomy":"pwb-brand","embeddable":true,"href":"https:\/\/yournordichome.com\/cs\/wp-json\/wp\/v2\/pwb-brand?post=4265"},{"taxonomy":"product_brand","embeddable":true,"href":"https:\/\/yournordichome.com\/cs\/wp-json\/wp\/v2\/product_brand?post=4265"},{"taxonomy":"product_cat","embeddable":true,"href":"https:\/\/yournordichome.com\/cs\/wp-json\/wp\/v2\/product_cat?post=4265"},{"taxonomy":"product_tag","embeddable":true,"href":"https:\/\/yournordichome.com\/cs\/wp-json\/wp\/v2\/product_tag?post=4265"},{"taxonomy":"gyarto","embeddable":true,"href":"https:\/\/yournordichome.com\/cs\/wp-json\/wp\/v2\/gyarto?post=4265"}],"curies":[{"name":"wp","href":"https:\/\/api.w.org\/{rel}","templated":true}]}}