{"id":4248,"date":"2023-12-05T19:22:11","date_gmt":"2023-12-05T19:22:11","guid":{"rendered":"https:\/\/yournordichome.com\/product\/coat-rack-natural-pine\/"},"modified":"2025-07-30T16:54:13","modified_gmt":"2025-07-30T16:54:13","slug":"vesak-na-kabaty-prirodni-borovice","status":"publish","type":"product","link":"https:\/\/yournordichome.com\/cs\/product\/coat-rack-natural-pine\/","title":{"rendered":"V\u011b\u0161\u00e1k na kab\u00e1ty, p\u0159\u00edrodn\u00ed, borovice"},"content":{"rendered":"<p>V\u011b\u0161\u00e1k Vance od spole\u010dnosti Bloomingville je vyroben z kvalitn\u00edho borovicov\u00e9ho d\u0159eva a dokonale kombinuje styl a funk\u010dnost. S v\u00fd\u0161kou 180 cm a p\u011bti h\u00e1\u010dky je ide\u00e1ln\u00ed pro zav\u011b\u0161en\u00ed kab\u00e1t\u016f a ta\u0161ek. Integrovan\u00e1 poli\u010dka nab\u00edz\u00ed praktick\u00e9 m\u00edsto na kl\u00ed\u010de a drobnosti, tak\u017ee tento v\u011b\u0161\u00e1k je p\u0159irozen\u011b elegantn\u00edm a praktick\u00fdm dopl\u0148kem ka\u017ed\u00e9 dom\u00e1cnosti.<\/p>\n<p>Rozm\u011bry v\u00fdrobku: D74xV180x\u016023 cm<br \/>\nBarva: p\u0159\u00edrodn\u00ed<br \/>\nSlo\u017een\u00ed: Borovicov\u00e9 d\u0159evo<br \/>\nMaxim\u00e1ln\u00ed nosnost: 0,5 kg ka\u017ed\u00fd h\u00e1\u010dek \/ police 10 kg<br \/>\nN\u00e1st\u011bnn\u00e9 kov\u00e1n\u00ed nen\u00ed sou\u010d\u00e1st\u00ed dod\u00e1vky.<\/p>","protected":false},"excerpt":{"rendered":"<p>V\u011b\u0161\u00e1k na kab\u00e1ty z borovice v p\u0159\u00edrodn\u00edm seversk\u00e9m designu.<\/p>","protected":false},"featured_media":4242,"comment_status":"closed","ping_status":"closed","template":"","meta":{"_acf_changed":false,"_kad_post_transparent":"default","_kad_post_title":"","_kad_post_layout":"default","_kad_post_sidebar_id":"","_kad_post_content_style":"default","_kad_post_vertical_padding":"default","_kad_post_feature":"","_kad_post_feature_position":"","_kad_post_header":false,"_kad_post_footer":false,"_kad_post_classname":""},"pwb-brand":[17],"product_brand":[],"product_cat":[94,141],"product_tag":[334,398,397,34,396,136,1059],"gyarto":[],"class_list":{"0":"post-4248","1":"product","2":"type-product","3":"status-publish","4":"has-post-thumbnail","6":"pwb-brand-bloomingville","7":"product_cat-furniture","8":"product_cat-shelving-unit","9":"product_tag-new-arrivals","10":"product_tag-nordic-design","11":"product_tag-nordic-home","12":"product_tag-nordic-interior-design","13":"product_tag-nordic-style","14":"product_tag-shelves","15":"product_tag-spring-summer-2024","16":"pa_colour-nature","17":"pa_material-pine-wood","19":"first","20":"instock","21":"taxable","22":"shipping-taxable","23":"purchasable","24":"product-type-simple","25":"entry","26":"content-bg","27":"loop-entry"},"acf":[],"brands":[{"id":17,"name":"Bloomingville","slug":"bloomingville"}],"_links":{"self":[{"href":"https:\/\/yournordichome.com\/cs\/wp-json\/wp\/v2\/product\/4248","targetHints":{"allow":["GET"]}}],"collection":[{"href":"https:\/\/yournordichome.com\/cs\/wp-json\/wp\/v2\/product"}],"about":[{"href":"https:\/\/yournordichome.com\/cs\/wp-json\/wp\/v2\/types\/product"}],"replies":[{"embeddable":true,"href":"https:\/\/yournordichome.com\/cs\/wp-json\/wp\/v2\/comments?post=4248"}],"wp:featuredmedia":[{"embeddable":true,"href":"https:\/\/yournordichome.com\/cs\/wp-json\/wp\/v2\/media\/4242"}],"wp:attachment":[{"href":"https:\/\/yournordichome.com\/cs\/wp-json\/wp\/v2\/media?parent=4248"}],"wp:term":[{"taxonomy":"pwb-brand","embeddable":true,"href":"https:\/\/yournordichome.com\/cs\/wp-json\/wp\/v2\/pwb-brand?post=4248"},{"taxonomy":"product_brand","embeddable":true,"href":"https:\/\/yournordichome.com\/cs\/wp-json\/wp\/v2\/product_brand?post=4248"},{"taxonomy":"product_cat","embeddable":true,"href":"https:\/\/yournordichome.com\/cs\/wp-json\/wp\/v2\/product_cat?post=4248"},{"taxonomy":"product_tag","embeddable":true,"href":"https:\/\/yournordichome.com\/cs\/wp-json\/wp\/v2\/product_tag?post=4248"},{"taxonomy":"gyarto","embeddable":true,"href":"https:\/\/yournordichome.com\/cs\/wp-json\/wp\/v2\/gyarto?post=4248"}],"curies":[{"name":"wp","href":"https:\/\/api.w.org\/{rel}","templated":true}]}}