{"id":4247,"date":"2023-12-05T19:22:11","date_gmt":"2023-12-05T19:22:11","guid":{"rendered":"https:\/\/yournordichome.com\/product\/black-metal-bookcase\/"},"modified":"2025-09-20T08:38:38","modified_gmt":"2025-09-20T08:38:38","slug":"cerna-kovova-knihovna","status":"publish","type":"product","link":"https:\/\/yournordichome.com\/cs\/product\/black-metal-bookcase\/","title":{"rendered":"\u010cern\u00e1 kovov\u00e1 knihovna"},"content":{"rendered":"<p>Knihovna Valde od spole\u010dnosti Bloomingville se m\u016f\u017ee pochlubit klasick\u00fdm a nad\u010dasov\u00fdm designem, kter\u00fd je vyroben z \u010dern\u00e9ho kovu. Lze ji um\u00edstit ke st\u011bn\u011b nebo voln\u011b st\u00e1t v m\u00edstnosti jako rozd\u011blova\u010d. D\u00edky sv\u00e9mu jednoduch\u00e9mu designu se hod\u00ed do ka\u017ed\u00e9 m\u00edstnosti, a\u0165 u\u017e k ukl\u00e1d\u00e1n\u00ed nebo vystavov\u00e1n\u00ed obl\u00edben\u00fdch knih a dekorativn\u00edch p\u0159edm\u011bt\u016f.<\/p>\n<p>Rozm\u011bry v\u00fdrobku: D80xV114x\u016040 cm<br \/>\nBarva: \u010dern\u00e1<br \/>\nSlo\u017een\u00ed: \u017delezo<br \/>\nMaxim\u00e1ln\u00ed nosnost: 5 kg na ka\u017ed\u00e9 polici<br \/>\nPokyny pro p\u00e9\u010di: Ot\u0159ete vlhk\u00fdm had\u0159\u00edkem.<\/p>","protected":false},"excerpt":{"rendered":"<p>Knihovna z kovu v \u010dern\u00e9 barv\u011b s jednoduch\u00fdm seversk\u00fdm designem.<\/p>","protected":false},"featured_media":4228,"comment_status":"closed","ping_status":"closed","template":"","meta":{"_acf_changed":false,"_kad_post_transparent":"default","_kad_post_title":"","_kad_post_layout":"default","_kad_post_sidebar_id":"","_kad_post_content_style":"default","_kad_post_vertical_padding":"default","_kad_post_feature":"","_kad_post_feature_position":"","_kad_post_header":false,"_kad_post_footer":false,"_kad_post_classname":""},"pwb-brand":[17],"product_brand":[],"product_cat":[94,141],"product_tag":[133,334,398,397,34,396,136,1059],"gyarto":[],"class_list":{"0":"post-4247","1":"product","2":"type-product","3":"status-publish","4":"has-post-thumbnail","6":"pwb-brand-bloomingville","7":"product_cat-furniture","8":"product_cat-shelving-unit","9":"product_tag-bookcase","10":"product_tag-new-arrivals","11":"product_tag-nordic-design","12":"product_tag-nordic-home","13":"product_tag-nordic-interior-design","14":"product_tag-nordic-style","15":"product_tag-shelves","16":"product_tag-spring-summer-2024","17":"pa_colour-black","18":"pa_material-metal","20":"first","21":"outofstock","22":"taxable","23":"shipping-taxable","24":"purchasable","25":"product-type-simple","26":"entry","27":"content-bg","28":"loop-entry"},"acf":[],"brands":[{"id":17,"name":"Bloomingville","slug":"bloomingville"}],"_links":{"self":[{"href":"https:\/\/yournordichome.com\/cs\/wp-json\/wp\/v2\/product\/4247","targetHints":{"allow":["GET"]}}],"collection":[{"href":"https:\/\/yournordichome.com\/cs\/wp-json\/wp\/v2\/product"}],"about":[{"href":"https:\/\/yournordichome.com\/cs\/wp-json\/wp\/v2\/types\/product"}],"replies":[{"embeddable":true,"href":"https:\/\/yournordichome.com\/cs\/wp-json\/wp\/v2\/comments?post=4247"}],"wp:featuredmedia":[{"embeddable":true,"href":"https:\/\/yournordichome.com\/cs\/wp-json\/wp\/v2\/media\/4228"}],"wp:attachment":[{"href":"https:\/\/yournordichome.com\/cs\/wp-json\/wp\/v2\/media?parent=4247"}],"wp:term":[{"taxonomy":"pwb-brand","embeddable":true,"href":"https:\/\/yournordichome.com\/cs\/wp-json\/wp\/v2\/pwb-brand?post=4247"},{"taxonomy":"product_brand","embeddable":true,"href":"https:\/\/yournordichome.com\/cs\/wp-json\/wp\/v2\/product_brand?post=4247"},{"taxonomy":"product_cat","embeddable":true,"href":"https:\/\/yournordichome.com\/cs\/wp-json\/wp\/v2\/product_cat?post=4247"},{"taxonomy":"product_tag","embeddable":true,"href":"https:\/\/yournordichome.com\/cs\/wp-json\/wp\/v2\/product_tag?post=4247"},{"taxonomy":"gyarto","embeddable":true,"href":"https:\/\/yournordichome.com\/cs\/wp-json\/wp\/v2\/gyarto?post=4247"}],"curies":[{"name":"wp","href":"https:\/\/api.w.org\/{rel}","templated":true}]}}