{"id":4219,"date":"2023-12-03T15:29:16","date_gmt":"2023-12-03T15:29:16","guid":{"rendered":"https:\/\/yournordichome.com\/product\/bookcase-w-two-shelves-nature-rubberwood\/"},"modified":"2025-07-30T16:55:14","modified_gmt":"2025-07-30T16:55:14","slug":"knihovna-se-dvema-policemi-nature-rubberwood","status":"publish","type":"product","link":"https:\/\/yournordichome.com\/cs\/product\/bookcase-w-two-shelves-nature-rubberwood\/","title":{"rendered":"Knihovna se dv\u011bma policemi, Nature, d\u0159evo kau\u010dukovn\u00edku"},"content":{"rendered":"<p><strong>Knihovna Alec od spole\u010dnosti Bloomingville<\/strong> je vyroben ze sv\u011btl\u00e9ho kau\u010dukov\u00e9ho d\u0159eva. M\u00e1 kr\u00e1sn\u00fd grafick\u00fd design, kter\u00fd dod\u00e1 modern\u00ed n\u00e1dech ka\u017ed\u00e9 m\u00edstnosti. Knihovnu lze um\u00edstit r\u016fzn\u00fdmi zp\u016fsoby, slou\u017e\u00ed jako tradi\u010dn\u00ed knihovna u st\u011bny i jako n\u00edzk\u00fd d\u011bli\u010d m\u00edstnosti. Reg\u00e1l je ide\u00e1ln\u00ed pro ukl\u00e1d\u00e1n\u00ed knih a dekorativn\u00edch p\u0159edm\u011bt\u016f.<\/p>\n<p>Rozm\u011bry v\u00fdrobku: D85xV70x\u016025 cm<br \/>\nBarva: p\u0159\u00edrodn\u00ed<br \/>\nSlo\u017een\u00ed: D\u0159evo kau\u010dukovn\u00edku<br \/>\nMaxim\u00e1ln\u00ed nosnost: 20 kg na ka\u017ed\u00e9 polici<\/p>","protected":false},"excerpt":{"rendered":"<p>Knihovna se dv\u011bma policemi z kau\u010dukov\u00e9ho d\u0159eva v p\u0159\u00edrodn\u00edm proveden\u00ed.<\/p>","protected":false},"featured_media":4209,"comment_status":"closed","ping_status":"closed","template":"","meta":{"_acf_changed":false,"_kad_post_transparent":"default","_kad_post_title":"","_kad_post_layout":"default","_kad_post_sidebar_id":"","_kad_post_content_style":"default","_kad_post_vertical_padding":"default","_kad_post_feature":"","_kad_post_feature_position":"","_kad_post_header":false,"_kad_post_footer":false,"_kad_post_classname":""},"pwb-brand":[17],"product_brand":[],"product_cat":[94,141],"product_tag":[133,334,398,397,34,396,136,1059],"gyarto":[],"class_list":{"0":"post-4219","1":"product","2":"type-product","3":"status-publish","4":"has-post-thumbnail","6":"pwb-brand-bloomingville","7":"product_cat-furniture","8":"product_cat-shelving-unit","9":"product_tag-bookcase","10":"product_tag-new-arrivals","11":"product_tag-nordic-design","12":"product_tag-nordic-home","13":"product_tag-nordic-interior-design","14":"product_tag-nordic-style","15":"product_tag-shelves","16":"product_tag-spring-summer-2024","17":"pa_colour-nature","18":"pa_material-rubberwood","20":"first","21":"instock","22":"taxable","23":"shipping-taxable","24":"purchasable","25":"product-type-simple","26":"entry","27":"content-bg","28":"loop-entry"},"acf":[],"brands":[{"id":17,"name":"Bloomingville","slug":"bloomingville"}],"_links":{"self":[{"href":"https:\/\/yournordichome.com\/cs\/wp-json\/wp\/v2\/product\/4219","targetHints":{"allow":["GET"]}}],"collection":[{"href":"https:\/\/yournordichome.com\/cs\/wp-json\/wp\/v2\/product"}],"about":[{"href":"https:\/\/yournordichome.com\/cs\/wp-json\/wp\/v2\/types\/product"}],"replies":[{"embeddable":true,"href":"https:\/\/yournordichome.com\/cs\/wp-json\/wp\/v2\/comments?post=4219"}],"wp:featuredmedia":[{"embeddable":true,"href":"https:\/\/yournordichome.com\/cs\/wp-json\/wp\/v2\/media\/4209"}],"wp:attachment":[{"href":"https:\/\/yournordichome.com\/cs\/wp-json\/wp\/v2\/media?parent=4219"}],"wp:term":[{"taxonomy":"pwb-brand","embeddable":true,"href":"https:\/\/yournordichome.com\/cs\/wp-json\/wp\/v2\/pwb-brand?post=4219"},{"taxonomy":"product_brand","embeddable":true,"href":"https:\/\/yournordichome.com\/cs\/wp-json\/wp\/v2\/product_brand?post=4219"},{"taxonomy":"product_cat","embeddable":true,"href":"https:\/\/yournordichome.com\/cs\/wp-json\/wp\/v2\/product_cat?post=4219"},{"taxonomy":"product_tag","embeddable":true,"href":"https:\/\/yournordichome.com\/cs\/wp-json\/wp\/v2\/product_tag?post=4219"},{"taxonomy":"gyarto","embeddable":true,"href":"https:\/\/yournordichome.com\/cs\/wp-json\/wp\/v2\/gyarto?post=4219"}],"curies":[{"name":"wp","href":"https:\/\/api.w.org\/{rel}","templated":true}]}}