{"id":4193,"date":"2023-12-02T13:19:03","date_gmt":"2023-12-02T13:19:03","guid":{"rendered":"https:\/\/yournordichome.com\/product\/brown-wool-rug-in-organic-shape\/"},"modified":"2026-01-30T16:12:23","modified_gmt":"2026-01-30T16:12:23","slug":"hnedy-vlneny-koberec-v-organickem-tvaru","status":"publish","type":"product","link":"https:\/\/yournordichome.com\/cs\/product\/brown-wool-rug-in-organic-shape\/","title":{"rendered":"Hn\u011bd\u00fd vln\u011bn\u00fd koberec v organick\u00e9m tvaru"},"content":{"rendered":"<p>Koberec Denton od spole\u010dnosti Bloomingville p\u016fsob\u00ed d\u00edky sv\u00fdm organick\u00fdm obl\u00fdm tvar\u016fm a b\u00e9\u017eov\u00fdm a hn\u011bd\u00fdm barv\u00e1m harmonicky a h\u0159ejiv\u011b v ka\u017ed\u00e9 m\u00edstnosti. Kr\u00e1sn\u00fd koberec je vyroben z vlny.<\/p>\n<p>Rozm\u011bry v\u00fdrobku: Rozm\u011bry: L140x\u0160110 cm<br \/>\nBarva: hn\u011bd\u00e1<br \/>\nSlo\u017een\u00ed: 100% Vlna<br \/>\nB\u011blen\u00ed: Ne<br \/>\nBarevn\u00e1 \u00faprava: Barven\u00e1 p\u0159\u00edze<br \/>\nChemick\u00e9 \u010di\u0161t\u011bn\u00ed: Ne<br \/>\nPovrchov\u00e1 \u00faprava v\u00fdrobku: Tufted<br \/>\nPokyny k pran\u00ed: Pouze bodov\u00e9 \u010di\u0161t\u011bn\u00ed<\/p>","protected":false},"excerpt":{"rendered":"<p>Hn\u011bdo-b\u00e9\u017eov\u00fd koberec v organick\u00e9m tvaru z vlny.<\/p>","protected":false},"featured_media":4173,"comment_status":"closed","ping_status":"closed","template":"","meta":{"_acf_changed":false,"_kad_post_transparent":"default","_kad_post_title":"","_kad_post_layout":"default","_kad_post_sidebar_id":"","_kad_post_content_style":"default","_kad_post_vertical_padding":"default","_kad_post_feature":"","_kad_post_feature_position":"","_kad_post_header":false,"_kad_post_footer":false,"_kad_post_classname":""},"pwb-brand":[17],"product_brand":[],"product_cat":[88,65],"product_tag":[334,398,397,34,396,80,1059,89],"gyarto":[],"class_list":{"0":"post-4193","1":"product","2":"type-product","3":"status-publish","4":"has-post-thumbnail","6":"pwb-brand-bloomingville","7":"product_cat-rug","8":"product_cat-rugs-and-textiles","9":"product_tag-new-arrivals","10":"product_tag-nordic-design","11":"product_tag-nordic-home","12":"product_tag-nordic-interior-design","13":"product_tag-nordic-style","14":"product_tag-nordic-style-rug","15":"product_tag-spring-summer-2024","16":"product_tag-wool-rug","17":"pa_colour-brown","18":"pa_material-wool","20":"first","21":"instock","22":"taxable","23":"shipping-taxable","24":"purchasable","25":"product-type-simple","26":"entry","27":"content-bg","28":"loop-entry"},"acf":[],"brands":[{"id":17,"name":"Bloomingville","slug":"bloomingville"}],"_links":{"self":[{"href":"https:\/\/yournordichome.com\/cs\/wp-json\/wp\/v2\/product\/4193","targetHints":{"allow":["GET"]}}],"collection":[{"href":"https:\/\/yournordichome.com\/cs\/wp-json\/wp\/v2\/product"}],"about":[{"href":"https:\/\/yournordichome.com\/cs\/wp-json\/wp\/v2\/types\/product"}],"replies":[{"embeddable":true,"href":"https:\/\/yournordichome.com\/cs\/wp-json\/wp\/v2\/comments?post=4193"}],"wp:featuredmedia":[{"embeddable":true,"href":"https:\/\/yournordichome.com\/cs\/wp-json\/wp\/v2\/media\/4173"}],"wp:attachment":[{"href":"https:\/\/yournordichome.com\/cs\/wp-json\/wp\/v2\/media?parent=4193"}],"wp:term":[{"taxonomy":"pwb-brand","embeddable":true,"href":"https:\/\/yournordichome.com\/cs\/wp-json\/wp\/v2\/pwb-brand?post=4193"},{"taxonomy":"product_brand","embeddable":true,"href":"https:\/\/yournordichome.com\/cs\/wp-json\/wp\/v2\/product_brand?post=4193"},{"taxonomy":"product_cat","embeddable":true,"href":"https:\/\/yournordichome.com\/cs\/wp-json\/wp\/v2\/product_cat?post=4193"},{"taxonomy":"product_tag","embeddable":true,"href":"https:\/\/yournordichome.com\/cs\/wp-json\/wp\/v2\/product_tag?post=4193"},{"taxonomy":"gyarto","embeddable":true,"href":"https:\/\/yournordichome.com\/cs\/wp-json\/wp\/v2\/gyarto?post=4193"}],"curies":[{"name":"wp","href":"https:\/\/api.w.org\/{rel}","templated":true}]}}