{"id":3915,"date":"2023-11-05T14:29:04","date_gmt":"2023-11-05T14:29:04","guid":{"rendered":"https:\/\/yournordichome.com\/product\/side-table-white-marble\/"},"modified":"2026-04-15T07:08:29","modified_gmt":"2026-04-15T07:08:29","slug":"bocni-stolek-z-bileho-mramoru","status":"publish","type":"product","link":"https:\/\/yournordichome.com\/cs\/product\/side-table-white-marble\/","title":{"rendered":"B\u00edl\u00fd mramorov\u00fd stolek"},"content":{"rendered":"<p><strong>Postrann\u00ed stolek Jasmia od zna\u010dky Bloomingville<\/strong> z b\u00edl\u00e9ho mramoru. Kr\u00e1sa p\u0159\u00edrodn\u00edho kamene spo\u010d\u00edv\u00e1 v tom, \u017ee \u017e\u00e1dn\u00e9 dva kusy nejsou \u00fapln\u011b stejn\u00e9. Ka\u017ed\u00fd z nich je jedine\u010dn\u00fdm um\u011bleck\u00fdm d\u00edlem, kter\u00e9 matka p\u0159\u00edroda po tis\u00edcilet\u00ed vytv\u00e1\u0159ela pomoc\u00ed tepla, tlaku a spousty r\u016fzn\u00fdch miner\u00e1l\u016f a organick\u00fdch materi\u00e1l\u016f. Zp\u016fsob, jak\u00fdm se tyto miner\u00e1ly usazuj\u00ed v kameni, je p\u0159\u00ed\u010dinou obrovsk\u00e9 \u0161k\u00e1ly barev, vzor\u016f, textury a \u017eilkov\u00e1n\u00ed ka\u017ed\u00e9 desky.<\/p>\n<p>Rozm\u011bry v\u00fdrobku: D46xH53 cm<br \/>\nBarva: b\u00edl\u00e1<br \/>\nSlo\u017een\u00ed: Mramor<br \/>\nPokyny pro p\u00e9\u010di: Ot\u0159ete vlhk\u00fdm had\u0159\u00edkem.<br \/>\nMaxim\u00e1ln\u00ed nosnost: 20 kg<br \/>\nMohou se vyskytnout odchylky zp\u016fsoben\u00e9 materi\u00e1lem.<\/p>","protected":false},"excerpt":{"rendered":"<p>Odkl\u00e1dac\u00ed stolek v seversk\u00e9m designu, vybrou\u0161en\u00fd z kr\u00e1sn\u00e9ho b\u00edl\u00e9ho mramoru s kulatou vrtanou deskou.<\/p>","protected":false},"featured_media":3875,"comment_status":"closed","ping_status":"closed","template":"","meta":{"_acf_changed":false,"_kad_post_transparent":"default","_kad_post_title":"","_kad_post_layout":"default","_kad_post_sidebar_id":"","_kad_post_content_style":"default","_kad_post_vertical_padding":"default","_kad_post_feature":"","_kad_post_feature_position":"","_kad_post_header":false,"_kad_post_footer":false,"_kad_post_classname":""},"pwb-brand":[17],"product_brand":[],"product_cat":[341,157],"product_tag":[398,397,34,396],"gyarto":[],"class_list":{"0":"post-3915","1":"product","2":"type-product","3":"status-publish","4":"has-post-thumbnail","6":"pwb-brand-bloomingville","7":"product_cat-side-table","8":"product_cat-table","9":"product_tag-nordic-design","10":"product_tag-nordic-home","11":"product_tag-nordic-interior-design","12":"product_tag-nordic-style","13":"pa_colour-white","14":"pa_material-marble","16":"first","17":"instock","18":"taxable","19":"shipping-taxable","20":"purchasable","21":"product-type-simple","22":"entry","23":"content-bg","24":"loop-entry"},"acf":[],"brands":[{"id":17,"name":"Bloomingville","slug":"bloomingville"}],"_links":{"self":[{"href":"https:\/\/yournordichome.com\/cs\/wp-json\/wp\/v2\/product\/3915","targetHints":{"allow":["GET"]}}],"collection":[{"href":"https:\/\/yournordichome.com\/cs\/wp-json\/wp\/v2\/product"}],"about":[{"href":"https:\/\/yournordichome.com\/cs\/wp-json\/wp\/v2\/types\/product"}],"replies":[{"embeddable":true,"href":"https:\/\/yournordichome.com\/cs\/wp-json\/wp\/v2\/comments?post=3915"}],"wp:featuredmedia":[{"embeddable":true,"href":"https:\/\/yournordichome.com\/cs\/wp-json\/wp\/v2\/media\/3875"}],"wp:attachment":[{"href":"https:\/\/yournordichome.com\/cs\/wp-json\/wp\/v2\/media?parent=3915"}],"wp:term":[{"taxonomy":"pwb-brand","embeddable":true,"href":"https:\/\/yournordichome.com\/cs\/wp-json\/wp\/v2\/pwb-brand?post=3915"},{"taxonomy":"product_brand","embeddable":true,"href":"https:\/\/yournordichome.com\/cs\/wp-json\/wp\/v2\/product_brand?post=3915"},{"taxonomy":"product_cat","embeddable":true,"href":"https:\/\/yournordichome.com\/cs\/wp-json\/wp\/v2\/product_cat?post=3915"},{"taxonomy":"product_tag","embeddable":true,"href":"https:\/\/yournordichome.com\/cs\/wp-json\/wp\/v2\/product_tag?post=3915"},{"taxonomy":"gyarto","embeddable":true,"href":"https:\/\/yournordichome.com\/cs\/wp-json\/wp\/v2\/gyarto?post=3915"}],"curies":[{"name":"wp","href":"https:\/\/api.w.org\/{rel}","templated":true}]}}