{"id":3836,"date":"2023-10-28T17:59:20","date_gmt":"2023-10-28T17:59:20","guid":{"rendered":"https:\/\/yournordichome.com\/product\/cabinet-nature-rubberwood\/"},"modified":"2025-07-30T17:06:34","modified_gmt":"2025-07-30T17:06:34","slug":"skrinka-nature-rubberwood","status":"publish","type":"product","link":"https:\/\/yournordichome.com\/cs\/product\/cabinet-nature-rubberwood\/","title":{"rendered":"Sk\u0159\u00ed\u0148, P\u0159\u00edroda, Gumovn\u00edk"},"content":{"rendered":"<p><strong>Kabinet<\/strong> Bloomingville z lehk\u00e9ho kau\u010dukov\u00e9ho d\u0159eva s elegantn\u00edmi posuvn\u00fdmi dve\u0159mi. Skv\u011ble se hod\u00ed k ukl\u00e1d\u00e1n\u00ed v ob\u00fdvac\u00edm pokoji a vystavov\u00e1n\u00ed dekorativn\u00edch p\u0159edm\u011bt\u016f nebo jako televizn\u00ed n\u00e1bytek.<\/p>\n<p>Rozm\u011bry v\u00fdrobku: D90xV50x\u016035 cm<br \/>\nBarva: p\u0159\u00edrodn\u00ed<br \/>\nSlo\u017een\u00ed: D\u0159evo kau\u010dukovn\u00edku, d\u00fdha MDF<br \/>\nMateri\u00e1l r\u00e1mu: D\u0159evo z kau\u010dukovn\u00edku<br \/>\nMateri\u00e1l knofl\u00edku: D\u0159evo z kau\u010dukovn\u00edku<br \/>\nMaxim\u00e1ln\u00ed nosnost: horn\u00ed 15 kg \/ police 15 kg<\/p>","protected":false},"excerpt":{"rendered":"<p>Sk\u0159\u00ed\u0148 ze sv\u011btl\u00e9ho kau\u010dukov\u00e9ho d\u0159eva s elegantn\u00edmi posuvn\u00fdmi dve\u0159mi. Na zadn\u00ed stran\u011b m\u00e1 otvor pro kabely.<\/p>","protected":false},"featured_media":3779,"comment_status":"closed","ping_status":"closed","template":"","meta":{"_acf_changed":false,"_kad_post_transparent":"default","_kad_post_title":"","_kad_post_layout":"default","_kad_post_sidebar_id":"","_kad_post_content_style":"default","_kad_post_vertical_padding":"default","_kad_post_feature":"","_kad_post_feature_position":"","_kad_post_header":false,"_kad_post_footer":false,"_kad_post_classname":""},"pwb-brand":[17],"product_brand":[],"product_cat":[135,94],"product_tag":[398,397,34,396],"gyarto":[],"class_list":{"0":"post-3836","1":"product","2":"type-product","3":"status-publish","4":"has-post-thumbnail","6":"pwb-brand-bloomingville","7":"product_cat-cabinet","8":"product_cat-furniture","9":"product_tag-nordic-design","10":"product_tag-nordic-home","11":"product_tag-nordic-interior-design","12":"product_tag-nordic-style","13":"pa_colour-nature","14":"pa_material-rubberwood","16":"first","17":"instock","18":"taxable","19":"shipping-taxable","20":"purchasable","21":"product-type-simple","22":"entry","23":"content-bg","24":"loop-entry"},"acf":[],"brands":[{"id":17,"name":"Bloomingville","slug":"bloomingville"}],"_links":{"self":[{"href":"https:\/\/yournordichome.com\/cs\/wp-json\/wp\/v2\/product\/3836","targetHints":{"allow":["GET"]}}],"collection":[{"href":"https:\/\/yournordichome.com\/cs\/wp-json\/wp\/v2\/product"}],"about":[{"href":"https:\/\/yournordichome.com\/cs\/wp-json\/wp\/v2\/types\/product"}],"replies":[{"embeddable":true,"href":"https:\/\/yournordichome.com\/cs\/wp-json\/wp\/v2\/comments?post=3836"}],"wp:featuredmedia":[{"embeddable":true,"href":"https:\/\/yournordichome.com\/cs\/wp-json\/wp\/v2\/media\/3779"}],"wp:attachment":[{"href":"https:\/\/yournordichome.com\/cs\/wp-json\/wp\/v2\/media?parent=3836"}],"wp:term":[{"taxonomy":"pwb-brand","embeddable":true,"href":"https:\/\/yournordichome.com\/cs\/wp-json\/wp\/v2\/pwb-brand?post=3836"},{"taxonomy":"product_brand","embeddable":true,"href":"https:\/\/yournordichome.com\/cs\/wp-json\/wp\/v2\/product_brand?post=3836"},{"taxonomy":"product_cat","embeddable":true,"href":"https:\/\/yournordichome.com\/cs\/wp-json\/wp\/v2\/product_cat?post=3836"},{"taxonomy":"product_tag","embeddable":true,"href":"https:\/\/yournordichome.com\/cs\/wp-json\/wp\/v2\/product_tag?post=3836"},{"taxonomy":"gyarto","embeddable":true,"href":"https:\/\/yournordichome.com\/cs\/wp-json\/wp\/v2\/gyarto?post=3836"}],"curies":[{"name":"wp","href":"https:\/\/api.w.org\/{rel}","templated":true}]}}