{"id":3833,"date":"2023-10-28T17:59:20","date_gmt":"2023-10-28T17:59:20","guid":{"rendered":"https:\/\/yournordichome.com\/product\/lounge-chair-nature-teak\/"},"modified":"2025-09-04T15:23:12","modified_gmt":"2025-09-04T15:23:12","slug":"lounge-kreslo-nature-teak","status":"publish","type":"product","link":"https:\/\/yournordichome.com\/cs\/product\/lounge-chair-nature-teak\/","title":{"rendered":"Lounge Chair Nature Teak"},"content":{"rendered":"<p><strong>K\u0159eslo do ob\u00fdvac\u00edho pokoje<\/strong> Bloomingville je vyroben z teakov\u00e9ho d\u0159eva s kroucen\u00fdmi ban\u00e1nov\u00fdmi listy. \u017didle m\u00e1 mnoho kr\u00e1sn\u00fdch detail\u016f a je velmi pohodln\u00e1.<\/p>\n<p>Rozm\u011bry v\u00fdrobku: D\u00e9lka: 57xV84x\u016081 cm<br \/>\nHloubka sedadla: 40 cm<br \/>\nV\u00fd\u0161ka sedadla: 49 cm<br \/>\nBarva: p\u0159\u00edrodn\u00ed<br \/>\nSlo\u017een\u00ed: Slo\u017een\u00ed: teakov\u00e9 d\u0159evo, ban\u00e1nov\u00fd list<br \/>\nMaxim\u00e1ln\u00ed nosnost: 110 kg<br \/>\nPokyny pro p\u00e9\u010di: Ot\u0159ete vlhk\u00fdm had\u0159\u00edkem.<br \/>\nVenkovn\u00ed pou\u017eit\u00ed: Ne<br \/>\nVzhledem k p\u0159\u00edrodn\u00edm materi\u00e1l\u016fm se mohou vyskytnout barevn\u00e9 odchylky.<\/p>","protected":false},"excerpt":{"rendered":"<p>Lounge Chair ze surov\u00e9ho teakov\u00e9ho d\u0159eva s p\u0159\u00edrodn\u00edmi kroucen\u00fdmi ban\u00e1nov\u00fdmi listy, kter\u00e9 p\u016fsob\u00ed jemn\u011b a rustik\u00e1ln\u011b.<\/p>","protected":false},"featured_media":3803,"comment_status":"closed","ping_status":"closed","template":"","meta":{"_acf_changed":false,"_kad_post_transparent":"default","_kad_post_title":"","_kad_post_layout":"default","_kad_post_sidebar_id":"","_kad_post_content_style":"default","_kad_post_vertical_padding":"default","_kad_post_feature":"","_kad_post_feature_position":"","_kad_post_header":false,"_kad_post_footer":false,"_kad_post_classname":""},"pwb-brand":[17],"product_brand":[],"product_cat":[152,153],"product_tag":[398,397,34,396],"gyarto":[],"class_list":{"0":"post-3833","1":"product","2":"type-product","3":"status-publish","4":"has-post-thumbnail","6":"pwb-brand-bloomingville","7":"product_cat-chair","8":"product_cat-lounge-chair","9":"product_tag-nordic-design","10":"product_tag-nordic-home","11":"product_tag-nordic-interior-design","12":"product_tag-nordic-style","13":"pa_colour-nature","14":"pa_material-teak-wood","16":"first","17":"instock","18":"taxable","19":"shipping-taxable","20":"purchasable","21":"product-type-simple","22":"entry","23":"content-bg","24":"loop-entry"},"acf":[],"brands":[{"id":17,"name":"Bloomingville","slug":"bloomingville"}],"_links":{"self":[{"href":"https:\/\/yournordichome.com\/cs\/wp-json\/wp\/v2\/product\/3833","targetHints":{"allow":["GET"]}}],"collection":[{"href":"https:\/\/yournordichome.com\/cs\/wp-json\/wp\/v2\/product"}],"about":[{"href":"https:\/\/yournordichome.com\/cs\/wp-json\/wp\/v2\/types\/product"}],"replies":[{"embeddable":true,"href":"https:\/\/yournordichome.com\/cs\/wp-json\/wp\/v2\/comments?post=3833"}],"wp:featuredmedia":[{"embeddable":true,"href":"https:\/\/yournordichome.com\/cs\/wp-json\/wp\/v2\/media\/3803"}],"wp:attachment":[{"href":"https:\/\/yournordichome.com\/cs\/wp-json\/wp\/v2\/media?parent=3833"}],"wp:term":[{"taxonomy":"pwb-brand","embeddable":true,"href":"https:\/\/yournordichome.com\/cs\/wp-json\/wp\/v2\/pwb-brand?post=3833"},{"taxonomy":"product_brand","embeddable":true,"href":"https:\/\/yournordichome.com\/cs\/wp-json\/wp\/v2\/product_brand?post=3833"},{"taxonomy":"product_cat","embeddable":true,"href":"https:\/\/yournordichome.com\/cs\/wp-json\/wp\/v2\/product_cat?post=3833"},{"taxonomy":"product_tag","embeddable":true,"href":"https:\/\/yournordichome.com\/cs\/wp-json\/wp\/v2\/product_tag?post=3833"},{"taxonomy":"gyarto","embeddable":true,"href":"https:\/\/yournordichome.com\/cs\/wp-json\/wp\/v2\/gyarto?post=3833"}],"curies":[{"name":"wp","href":"https:\/\/api.w.org\/{rel}","templated":true}]}}