{"id":3832,"date":"2023-10-28T17:59:20","date_gmt":"2023-10-28T17:59:20","guid":{"rendered":"https:\/\/yournordichome.com\/product\/circus-basket-w-lid-water-hyacinth\/"},"modified":"2025-12-18T10:30:55","modified_gmt":"2025-12-18T10:30:55","slug":"cirkusovy-kos-s-vikem-vodni-hyacint","status":"publish","type":"product","link":"https:\/\/yournordichome.com\/cs\/product\/circus-basket-w-lid-water-hyacinth\/","title":{"rendered":"Cirkusov\u00fd ko\u0161 s v\u00edkem, vodn\u00ed hyacint"},"content":{"rendered":"<p><strong>Cirkusov\u00fd ko\u0161<\/strong> Bloomingville je roztomil\u00fd ko\u0161\u00edk, kter\u00fd podporuje udr\u017eov\u00e1n\u00ed po\u0159\u00e1dku v d\u011btsk\u00e9m pokoji. Do pruhovan\u00e9ho ko\u0161e ulo\u017ete hra\u010dky a um\u00edst\u011bte ho na pokoj s nasazen\u00fdm v\u00edkem. P\u011bkn\u00fd dopln\u011bk do d\u011btsk\u00e9ho pokoje a z\u00e1rove\u0148 praktick\u00fd.<\/p>\n<p>Rozm\u011bry v\u00fdrobku: D40xH40 cm<br \/>\nBarva: \u010cerven\u00e1<br \/>\nSlo\u017een\u00ed: Vodn\u00ed hyacint<\/p>","protected":false},"excerpt":{"rendered":"<p>Ko\u0161\u00edk ve tvaru cirkusov\u00e9ho stanu, kter\u00fd je ide\u00e1ln\u00ed pro skladov\u00e1n\u00ed a z\u00e1rove\u0148 je z\u00e1bavn\u00fdm dopl\u0148kem pro hran\u00ed.<\/p>","protected":false},"featured_media":3787,"comment_status":"closed","ping_status":"closed","template":"","meta":{"_acf_changed":false,"_kad_post_transparent":"default","_kad_post_title":"","_kad_post_layout":"default","_kad_post_sidebar_id":"","_kad_post_content_style":"default","_kad_post_vertical_padding":"default","_kad_post_feature":"","_kad_post_feature_position":"","_kad_post_header":false,"_kad_post_footer":false,"_kad_post_classname":""},"pwb-brand":[17],"product_brand":[],"product_cat":[77,47],"product_tag":[148,398,397,34,396],"gyarto":[],"class_list":{"0":"post-3832","1":"product","2":"type-product","3":"status-publish","4":"has-post-thumbnail","6":"pwb-brand-bloomingville","7":"product_cat-childrens-furniture","8":"product_cat-kids","9":"product_tag-kids-room-storage","10":"product_tag-nordic-design","11":"product_tag-nordic-home","12":"product_tag-nordic-interior-design","13":"product_tag-nordic-style","14":"pa_colour-nature","15":"pa_colour-red","16":"pa_material-water-hyacinth","18":"first","19":"outofstock","20":"taxable","21":"shipping-taxable","22":"purchasable","23":"product-type-simple","24":"entry","25":"content-bg","26":"loop-entry"},"acf":[],"brands":[{"id":17,"name":"Bloomingville","slug":"bloomingville"}],"_links":{"self":[{"href":"https:\/\/yournordichome.com\/cs\/wp-json\/wp\/v2\/product\/3832","targetHints":{"allow":["GET"]}}],"collection":[{"href":"https:\/\/yournordichome.com\/cs\/wp-json\/wp\/v2\/product"}],"about":[{"href":"https:\/\/yournordichome.com\/cs\/wp-json\/wp\/v2\/types\/product"}],"replies":[{"embeddable":true,"href":"https:\/\/yournordichome.com\/cs\/wp-json\/wp\/v2\/comments?post=3832"}],"wp:featuredmedia":[{"embeddable":true,"href":"https:\/\/yournordichome.com\/cs\/wp-json\/wp\/v2\/media\/3787"}],"wp:attachment":[{"href":"https:\/\/yournordichome.com\/cs\/wp-json\/wp\/v2\/media?parent=3832"}],"wp:term":[{"taxonomy":"pwb-brand","embeddable":true,"href":"https:\/\/yournordichome.com\/cs\/wp-json\/wp\/v2\/pwb-brand?post=3832"},{"taxonomy":"product_brand","embeddable":true,"href":"https:\/\/yournordichome.com\/cs\/wp-json\/wp\/v2\/product_brand?post=3832"},{"taxonomy":"product_cat","embeddable":true,"href":"https:\/\/yournordichome.com\/cs\/wp-json\/wp\/v2\/product_cat?post=3832"},{"taxonomy":"product_tag","embeddable":true,"href":"https:\/\/yournordichome.com\/cs\/wp-json\/wp\/v2\/product_tag?post=3832"},{"taxonomy":"gyarto","embeddable":true,"href":"https:\/\/yournordichome.com\/cs\/wp-json\/wp\/v2\/gyarto?post=3832"}],"curies":[{"name":"wp","href":"https:\/\/api.w.org\/{rel}","templated":true}]}}